{"id":30463,"date":"2025-10-08T10:56:34","date_gmt":"2025-10-08T10:56:34","guid":{"rendered":"https:\/\/camp-kovacine.com\/impressum\/"},"modified":"2025-10-14T10:24:38","modified_gmt":"2025-10-14T10:24:38","slug":"impressum","status":"publish","type":"page","link":"https:\/\/camp-kovacine.com\/sl\/impressum\/","title":{"rendered":"Impressum"},"content":{"rendered":"<p>[et_pb_section fb_built=&#8221;1&#8243; _builder_version=&#8221;4.27.4&#8243; _module_preset=&#8221;default&#8221; background_color=&#8221;RGBA(255,255,255,0)&#8221; custom_padding=&#8221;150px||||false|false&#8221; global_colors_info=&#8221;{}&#8221; collapsed=&#8221;on&#8221;][et_pb_row column_structure=&#8221;1_2,1_2&#8243; _builder_version=&#8221;4.27.4&#8243; _module_preset=&#8221;default&#8221; global_colors_info=&#8221;{}&#8221;][et_pb_column type=&#8221;1_2&#8243; _builder_version=&#8221;4.27.4&#8243; _module_preset=&#8221;default&#8221; global_colors_info=&#8221;{}&#8221;][et_pb_text _builder_version=&#8221;4.27.4&#8243; _module_preset=&#8221;default&#8221; global_colors_info=&#8221;{}&#8221;]<\/p>\n<h2>Impressum<\/h2>\n<p>[\/et_pb_text][et_pb_text _builder_version=&#8221;4.27.4&#8243; _module_preset=&#8221;default&#8221; global_colors_info=&#8221;{}&#8221;]<\/p>\n<h6>Avtorji fotografij:<\/h6>\n<ul>\n<li>\u00a9 Avtor Petar K\u00fcrschner, na Hrva\u0161kem 2019 &#8211; 2025<\/li>\n<li>\u00a9 Avtor Walter Rekirsch, v Avstriji 2025.<\/li>\n<li>\u00a9 Avtor Style Production, na Hrva\u0161kem 2019., 2022.<\/li>\n<li>\u00a9 Avtor Robi Sabli\u0107, na Hrva\u0161kem 2024.<\/li>\n<li>\u00a9 Avtor Avtokampi.si, v Sloveniji2021.<\/li>\n<li>\u00a9 Avtor Karmela Ma\u0161i\u010d, na Hrva\u0161kem 2020.<\/li>\n<li>\u00a9 Avtor Nenad Marti\u0107, na Hrva\u0161kem 2018.<\/li>\n<li>\u00a9 Avtor Aerocam, na Hrva\u0161kem 2015.<\/li>\n<li>\u00a9 Avtor Cresanka d.d.<\/li>\n<\/ul>\n<ul><\/ul>\n<p>[\/et_pb_text][et_pb_text _builder_version=&#8221;4.27.4&#8243; _module_preset=&#8221;default&#8221; global_colors_info=&#8221;{}&#8221;]<\/p>\n<h6>Avtorji videa<\/h6>\n<ul>\n<li>\u00a9 Avtor Style Production, na Hrva\u0161kem 2019., 2022.<\/li>\n<\/ul>\n<p>[\/et_pb_text][et_pb_text _builder_version=&#8221;4.27.4&#8243; _module_preset=&#8221;default&#8221; global_colors_info=&#8221;{}&#8221;]<\/p>\n<h6>Avtorji objav:<\/h6>\n<ul>\n<li><span>\u00a9 Avtor Cresanka d.d.<\/span><\/li>\n<\/ul>\n<ul><\/ul>\n<p>[\/et_pb_text][et_pb_text _builder_version=&#8221;4.27.4&#8243; _module_preset=&#8221;default&#8221; global_colors_info=&#8221;{}&#8221;]<\/p>\n<h6><span>Oblikovanje in razvoj spletnih strani:<\/span><\/h6>\n<ul>\n<li>\u00a9 Avtor <a href=\"%22https:\/\/moonsafari.design\/\">Moon Safari<\/a><\/li>\n<\/ul>\n<p>[\/et_pb_text][\/et_pb_column][et_pb_column type=&#8221;1_2&#8243; _builder_version=&#8221;4.27.4&#8243; _module_preset=&#8221;default&#8221; global_colors_info=&#8221;{}&#8221;][et_pb_text _builder_version=&#8221;4.27.4&#8243; _module_preset=&#8221;default&#8221; global_colors_info=&#8221;{}&#8221;]<\/p>\n<h2>Podtki o dru\u017ebi<\/h2>\n<p>[\/et_pb_text][et_pb_text _builder_version=&#8221;4.27.4&#8243; _module_preset=&#8221;default&#8221; global_colors_info=&#8221;{}&#8221;]<\/p>\n<h6><span>Ime podjetja<\/span><\/h6>\n<ul>\n<li><span>Cresanka d.d. &#8211; Cresanka dioni\u010dko dru\u0161tvo za ugostiteljstvo, turizam i trgovinu<\/span><\/li>\n<\/ul>\n<ul><\/ul>\n<p>[\/et_pb_text][et_pb_text _builder_version=&#8221;4.27.4&#8243; _module_preset=&#8221;default&#8221; global_colors_info=&#8221;{}&#8221;]<\/p>\n<h6><span>Mati\u010dna \u0161tevilka:<\/span><\/h6>\n<ul>\n<li><span>3044122<\/span><\/li>\n<\/ul>\n<ul><\/ul>\n<p>[\/et_pb_text][et_pb_text _builder_version=&#8221;4.27.4&#8243; _module_preset=&#8221;default&#8221; global_colors_info=&#8221;{}&#8221;]<\/p>\n<h6><span>OIB (osebna identifikacijska \u0161tevilka):<\/span><\/h6>\n<ul>\n<li><span>47639427219<\/span><\/li>\n<\/ul>\n<ul><\/ul>\n<p>[\/et_pb_text][et_pb_text _builder_version=&#8221;4.27.4&#8243; _module_preset=&#8221;default&#8221; global_colors_info=&#8221;{}&#8221;]<\/p>\n<h6><span>Registrsko sodi\u0161\u010de:<\/span><\/h6>\n<ul>\n<li><span>Trgova\u010dki sud u Rijeci<\/span><\/li>\n<\/ul>\n<ul><\/ul>\n<p>[\/et_pb_text][et_pb_text _builder_version=&#8221;4.27.4&#8243; _module_preset=&#8221;default&#8221; global_colors_info=&#8221;{}&#8221;]<\/p>\n<h6><span>Sede\u017e:<\/span><\/h6>\n<ul>\n<li><span>Cres (Grad Cres), Varozina 25<\/span><\/li>\n<\/ul>\n<ul><\/ul>\n<p>[\/et_pb_text][et_pb_text _builder_version=&#8221;4.27.4&#8243; _module_preset=&#8221;default&#8221; global_colors_info=&#8221;{}&#8221;]<\/p>\n<h6><span>Pravnoorganizacijska oblika:<\/span><\/h6>\n<ul>\n<li><span>Dioni\u010dko dru\u0161tvo<\/span><\/li>\n<\/ul>\n<ul><\/ul>\n<p>[\/et_pb_text][et_pb_text _builder_version=&#8221;4.27.4&#8243; _module_preset=&#8221;default&#8221; global_colors_info=&#8221;{}&#8221;]<\/p>\n<h6><span>Osnovni kapital:<\/span><\/h6>\n<ul>\n<li><span>Osnovni kapital zna\u0161a 10.316.168,00 evrov in je v celoti vpla\u010dan; izdanih je 28.978 navadnih delnic, vsaka z nominalno vrednostjo 356,00 evrov.<\/span><\/li>\n<\/ul>\n<ul><\/ul>\n<p>[\/et_pb_text][et_pb_text _builder_version=&#8221;4.27.4&#8243; _module_preset=&#8221;default&#8221; global_colors_info=&#8221;{}&#8221;]<\/p>\n<h6><span>\u017diro-ra\u010dun &#8211; IBAN:<\/span><\/h6>\n<ul>\n<li><span>HR0824020061100386896 Erste Steierm\u00e4rkische bank d.d.<\/span><\/li>\n<\/ul>\n<ul><\/ul>\n<p>[\/et_pb_text][et_pb_text _builder_version=&#8221;4.27.4&#8243; _module_preset=&#8221;default&#8221; global_colors_info=&#8221;{}&#8221;]<\/p>\n<h6><span>Predsednik nadzornega odbora<\/span><\/h6>\n<ul>\n<li><span>Lino Sin\u010di\u0107<\/span><\/li>\n<\/ul>\n<ul><\/ul>\n<p>[\/et_pb_text][et_pb_text _builder_version=&#8221;4.27.4&#8243; _module_preset=&#8221;default&#8221; global_colors_info=&#8221;{}&#8221;]<\/p>\n<h6><span>\u010clani nadzornega odbora:<\/span><\/h6>\n<ul>\n<li><span>Andretta Mario, Andretta Marco, Marchesan Francesco, Andretta Massimiliano<\/span><\/li>\n<\/ul>\n<ul><\/ul>\n<p>[\/et_pb_text][et_pb_text _builder_version=&#8221;4.27.4&#8243; _module_preset=&#8221;default&#8221; global_colors_info=&#8221;{}&#8221;]<\/p>\n<h6><span>Oseba, poobla\u0161\u010dena za zastopanje:<\/span><\/h6>\n<ul>\n<li><span>Stevo Filini\u0107<\/span><\/li>\n<\/ul>\n<ul><\/ul>\n<p>[\/et_pb_text][\/et_pb_column][\/et_pb_row][\/et_pb_section]<\/p>\n","protected":false},"excerpt":{"rendered":"<p>ImpressumAvtorji fotografij: \u00a9 Avtor Petar K\u00fcrschner, na Hrva\u0161kem 2019 &#8211; 2025 \u00a9 Avtor Walter Rekirsch, v Avstriji 2025. \u00a9 Avtor Style Production, na Hrva\u0161kem 2019., 2022. \u00a9 Avtor Robi Sabli\u0107, na Hrva\u0161kem 2024. \u00a9 Avtor Avtokampi.si, v Sloveniji2021. \u00a9 Avtor Karmela Ma\u0161i\u010d, na Hrva\u0161kem 2020. \u00a9 Avtor Nenad Marti\u0107, na Hrva\u0161kem 2018. \u00a9 Avtor Aerocam, [&hellip;]<\/p>\n","protected":false},"author":1,"featured_media":0,"parent":0,"menu_order":0,"comment_status":"closed","ping_status":"closed","template":"","meta":{"_et_pb_use_builder":"on","_et_pb_old_content":"","_et_gb_content_width":"","footnotes":""},"class_list":["post-30463","page","type-page","status-publish","hentry"],"_links":{"self":[{"href":"https:\/\/camp-kovacine.com\/sl\/wp-json\/wp\/v2\/pages\/30463","targetHints":{"allow":["GET"]}}],"collection":[{"href":"https:\/\/camp-kovacine.com\/sl\/wp-json\/wp\/v2\/pages"}],"about":[{"href":"https:\/\/camp-kovacine.com\/sl\/wp-json\/wp\/v2\/types\/page"}],"author":[{"embeddable":true,"href":"https:\/\/camp-kovacine.com\/sl\/wp-json\/wp\/v2\/users\/1"}],"replies":[{"embeddable":true,"href":"https:\/\/camp-kovacine.com\/sl\/wp-json\/wp\/v2\/comments?post=30463"}],"version-history":[{"count":0,"href":"https:\/\/camp-kovacine.com\/sl\/wp-json\/wp\/v2\/pages\/30463\/revisions"}],"wp:attachment":[{"href":"https:\/\/camp-kovacine.com\/sl\/wp-json\/wp\/v2\/media?parent=30463"}],"curies":[{"name":"wp","href":"https:\/\/api.w.org\/{rel}","templated":true}]}}