{"id":20251,"date":"2021-05-30T10:05:31","date_gmt":"2021-05-30T10:05:31","guid":{"rendered":"https:\/\/kovacine.moonsafari.design\/opci-uvjeti-poslovanja\/"},"modified":"2025-06-09T14:49:06","modified_gmt":"2025-06-09T14:49:06","slug":"splosni-pogoji-poslovanja","status":"publish","type":"page","link":"https:\/\/camp-kovacine.com\/sl\/splosni-pogoji-poslovanja\/","title":{"rendered":"Splo\u0161ni pogoji poslovanja"},"content":{"rendered":"<p>[et_pb_section fb_built=&#8221;1&#8243; admin_label=&#8221;Hero image&#8221; _builder_version=&#8221;4.16&#8243; _module_preset=&#8221;default&#8221; background_image=&#8221;https:\/\/camp-kovacine.com\/wp-content\/uploads\/2021\/07\/kamp-kovacine-global-header.jpg&#8221; background_position=&#8221;top_center&#8221; min_height=&#8221;400px&#8221; min_height_tablet=&#8221;400px&#8221; min_height_phone=&#8221;400px&#8221; min_height_last_edited=&#8221;on|phone&#8221; height_tablet=&#8221;&#8221; height_phone=&#8221;600px&#8221; height_last_edited=&#8221;on|phone&#8221; top_divider_color=&#8221;#e02b20&#8243; bottom_divider_style=&#8221;waves2&#8243; bottom_divider_color=&#8221;#f6f6f3&#8243; bottom_divider_style_tablet=&#8221;waves2&#8243; bottom_divider_style_phone=&#8221;wave2&#8243; bottom_divider_style_last_edited=&#8221;on|phone&#8221; collapsed=&#8221;on&#8221; global_colors_info=&#8221;{}&#8221;][\/et_pb_section][et_pb_section fb_built=&#8221;1&#8243; admin_label=&#8221;GDPR&#8221; _builder_version=&#8221;4.16&#8243; _module_preset=&#8221;default&#8221; background_color=&#8221;rgba(0,0,0,0)&#8221; custom_margin=&#8221;-200px||50px||false|false&#8221; custom_margin_tablet=&#8221;-200px||50px||false|false&#8221; custom_margin_phone=&#8221;-350px||50px||false|false&#8221; custom_margin_last_edited=&#8221;on|phone&#8221; custom_padding=&#8221;0px||0px||false|false&#8221; collapsed=&#8221;off&#8221; global_colors_info=&#8221;{}&#8221;][et_pb_row admin_label=&#8221;Naslov &#8221; _builder_version=&#8221;4.16&#8243; _module_preset=&#8221;default&#8221; width_tablet=&#8221;&#8221; width_phone=&#8221;90%&#8221; width_last_edited=&#8221;on|phone&#8221; custom_padding=&#8221;0px|4vw||4vw|false|false&#8221; collapsed=&#8221;on&#8221; global_colors_info=&#8221;{}&#8221;][et_pb_column type=&#8221;4_4&#8243; _builder_version=&#8221;4.16&#8243; _module_preset=&#8221;default&#8221; global_colors_info=&#8221;{}&#8221;][et_pb_text _builder_version=&#8221;4.16&#8243; _module_preset=&#8221;default&#8221; text_line_height=&#8221;1.5em&#8221; header_font=&#8221;|300|||||||&#8221; header_text_align=&#8221;left&#8221; header_text_color=&#8221;#f6f6f3&#8243; header_font_size=&#8221;3.5em&#8221; header_6_font=&#8221;|||on|||||&#8221; header_6_line_height=&#8221;2em&#8221; background_layout=&#8221;dark&#8221; custom_margin=&#8221;||||false|false&#8221; locked=&#8221;off&#8221; global_colors_info=&#8221;{}&#8221;]<\/p>\n<h1>Splo\u0161ni pogoji poslovanja<\/h1>\n<p>[\/et_pb_text][\/et_pb_column][\/et_pb_row][et_pb_row column_structure=&#8221;2_3,1_3&#8243; use_custom_gutter=&#8221;on&#8221; gutter_width=&#8221;1&#8243; custom_padding_last_edited=&#8221;on|phone&#8221; admin_label=&#8221;Opis&#8221; _builder_version=&#8221;4.16&#8243; _module_preset=&#8221;default&#8221; background_color=&#8221;#f6f6f3&#8243; z_index=&#8221;99&#8243; width_tablet=&#8221;&#8221; width_phone=&#8221;90%&#8221; width_last_edited=&#8221;on|phone&#8221; custom_margin=&#8221;||||false|false&#8221; custom_padding=&#8221;50px|50px|50px|50px|true|true&#8221; custom_padding_tablet=&#8221;50px|50px|50px|50px|true|true&#8221; custom_padding_phone=&#8221;25px|25px|25px|25px|true|true&#8221; box_shadow_style=&#8221;preset1&#8243; box_shadow_vertical=&#8221;-25px&#8221; box_shadow_spread=&#8221;-10px&#8221; collapsed=&#8221;off&#8221; global_colors_info=&#8221;{}&#8221;][et_pb_column type=&#8221;2_3&#8243; _builder_version=&#8221;4.16&#8243; _module_preset=&#8221;default&#8221; global_colors_info=&#8221;{}&#8221;][et_pb_text _builder_version=&#8221;4.27.4&#8243; _module_preset=&#8221;default&#8221; text_letter_spacing=&#8221;0.03em&#8221; hover_enabled=&#8221;0&#8243; global_colors_info=&#8221;{}&#8221; sticky_enabled=&#8221;0&#8243;]<\/p>\n<p>Povpra\u0161evanja in rezervacije sprejemamo prek na\u0161ega spletnega mesta (e-po\u0161ta ali obrazec za stik), po po\u0161ti, faksu ali osebno na recepciji kampa.<\/p>\n<p>&nbsp;<\/p>\n<ul>\n<li>Gost jam\u010di za rezervacijo s kreditno kartico ali pla\u010dilom akontacije v vi\u0161ini 200 \u20ac na mobilno hi\u0161ko, 100 \u20ac na parcelo, 100 \u20ac na sobo ali zneska po specifikaciji, za katerega se je dogovoril s prodajno slu\u017ebo kampa KOVA\u010cINE.<\/li>\n<li>Znesek akontacije je mogo\u010de pla\u010dati: PREK SPLETA: S KREDITNO KARTICO ali FIZI\u010cNO: prek ban\u010dnega nakazila ter osebno na recepciji kampa KOVA\u010cINE.<\/li>\n<li>Prijava v kamp Kova\u010dine \u2013 do 24. ure.<\/li>\n<li>Odjava iz kampa Kova\u010dine \u2013 do 10. ure.<\/li>\n<li>Dodatni stro\u0161ki za prepozno odjavo: zara\u010dunali vam bomo \u0161e 1 dodatni dan bivanja.<\/li>\n<li>Navedene cene v ceniku veljajo za bivanje ne glede na trajanje (od 1 dneva naprej), razen za bivanje v mobilnih hi\u0161kah, za katere se pri bivanju za samo eno ali dve no\u010di dodatno pla\u010da stro\u0161ek \u010di\u0161\u010denja v vi\u0161ini 50 \u20ac.<\/li>\n<li>Otroci v kampu: od 5. do 12. leta (11,99), za otroke, starej\u0161e od 12 let, se zara\u010duna polna cena (enako kot za odrasle).<\/li>\n<li>Za dojen\u010dke od 0\u20133 let (2,99) je mogo\u010de najeti otro\u0161ko posteljico.<\/li>\n<li>Kon\u010dni znesek se poravna na recepciji kampa pred odhodom; za agencijske goste velja 100-% obra\u010dun vnaprej.<\/li>\n<li>Navedene cene so informativne, kamp pa si pridr\u017euje pravico do spremembe.<\/li>\n<li>Rezervacijo je mogo\u010de spremeniti samo pisno, v dogovoru s prodajno slu\u017ebo podjetja.<\/li>\n<li>Kamp si pridr\u017euje pravico zavrniti rezervacijo, \u010de gost ne poravna stro\u0161ka akontacije, zlorabi sistem ali je znan kot nepla\u010dnik ali te\u017eaven.<\/li>\n<li>Obvestilo o na\u010dinu vlo\u017eitve prito\u017ebe\u2028Skladno z 10. \u010dlenom Zakona o za\u0161\u010diti potro\u0161nikov (Uradni list 41\/14) potro\u0161nike obve\u0161\u010damo, da lahko prito\u017ebo glede kakovosti na\u0161ih storitev dostavijo pisno na naslov: Cresanka d.d., Varozina 25, 51557 Cres ali e-po\u0161tni naslov: cresanka1@ri.t-com.hr ali faks: 051\/571-163. Pisni odgovor na prito\u017ebo boste prejeli najpozneje v 15 dneh od dneva njenega prejema.<\/li>\n<\/ul>\n<p>[\/et_pb_text][et_pb_text _builder_version=&#8221;4.17.3&#8243; _module_preset=&#8221;default&#8221; custom_margin=&#8221;50px||||false|false&#8221; global_colors_info=&#8221;{}&#8221;]<\/p>\n<p><mark>Dodatne informacije:<\/mark><\/p>\n<p><strong>PRODAJNA SLU\u017dBA<\/strong><br \/>tel: <a href=\"tel:+38551573150\">+385 51 573 150<\/a><br \/><a href=\"mailto:campkovacine@kovacine.com\" target=\"_blank\" rel=\"noopener\">campkovacine@kovacine.com<\/a><\/p>\n<p>[\/et_pb_text][et_pb_text admin_label=&#8221;Text: Uvjeti otkaza rezervacije&#8221; _builder_version=&#8221;4.16&#8243; _module_preset=&#8221;default&#8221; text_letter_spacing=&#8221;0.03em&#8221; text_line_height=&#8221;2em&#8221; custom_margin=&#8221;50px||||false|false&#8221; global_colors_info=&#8221;{}&#8221;]<\/p>\n<h3>Pogoji odpovedi rezervacije<\/h3>\n<p>[\/et_pb_text][et_pb_text admin_label=&#8221;Text: Kamp Kova\u010dine &#8211; Parcele&#8221; _builder_version=&#8221;4.19.5&#8243; _module_preset=&#8221;default&#8221; text_letter_spacing=&#8221;0.03em&#8221; text_line_height=&#8221;2em&#8221; custom_margin=&#8221;50px||||false|false&#8221; global_colors_info=&#8221;{}&#8221;]<\/p>\n<h5><b>Kamp Kova\u010dine \u2013 Parcele<\/b><\/h5>\n<ul>\n<li>Gost jam\u010di za rezervacijo s pla\u010dilom akontacije v vi\u0161ini 100 \u20ac na parcelo najpozneje 14 dni po izvedeni rezervaciji oziroma v trenutku izvedbe rezervacije za spletne rezervacije na tem spletnem mestu in rezervacije na licu mesta. Rezervacijo hranimo do 24. ure na dan prihoda.<\/li>\n<li>\u010ce boste odpovedali rezervacijo do 14 dni pred prihodom, vam bomo zara\u010dunali 20 % zneska akontacije.<\/li>\n<li>\u010ce boste odpovedali rezervaciji manj kot 14 dni pred prihodom, vam bomo zara\u010dunali celoten znesek akontacije.<\/li>\n<li>V primeru neprihoda brez predhodne odpovedi rezervacije vam bomo zara\u010dunali celoten znesek akontacije.<\/li>\n<li>Spremembe rezervacij brez stro\u0161kov storniranja so mo\u017ene za teko\u010de leto do 14 dni pred prihodom. Za spremembe v obdobju, kraj\u0161em od 14 dni, pred prihodom vam bomo zara\u010dunali stro\u0161ke storniranja glede na hi\u0161ni red.<\/li>\n<\/ul>\n<p>[\/et_pb_text][et_pb_text admin_label=&#8221;Text: Kamp Kova\u010dine &#8211; Mobilne ku\u0107ice &#038; sobe Tamaris&#8221; _builder_version=&#8221;4.23.1&#8243; _module_preset=&#8221;default&#8221; text_letter_spacing=&#8221;0.03em&#8221; text_line_height=&#8221;2em&#8221; custom_margin=&#8221;50px||||false|false&#8221; global_colors_info=&#8221;{}&#8221;]<\/p>\n<h5><b>Kamp Kova\u010dine \u2013 mobilne hi\u0161ke in sobe Tamaris<\/b><\/h5>\n<ul>\n<li>Gost jam\u010di za rezervacijo s pla\u010dilom akontacije v vi\u0161ini 200 \u20ac na nastanitveno enoto do najpozneje 14 dni pred prihodom gosta ali s kreditno kartico za spletne rezervacije na tem spletnem mestu. Rezervacijo hranimo do 24. ure na dan prihoda.<\/li>\n<li>Rezervacijo je mogo\u010de brezpla\u010dno odpovedati vse do 14 dni pred prihodom.<\/li>\n<li>\u010ce boste odpovedali rezervacijo manj kot 14 dni pred prihodom, vam bomo zara\u010dunali celoten znesek akontacije.<\/li>\n<li>V primeru neprihoda brez predhodne odpovedi rezervacije vam bomo zara\u010dunali celoten znesek akontacije.<\/li>\n<li>Spremembe rezervacij brez stro\u0161kov storniranja so mo\u017ene za teko\u010de leto do 14 dni pred prihodom. Za spremembe v obdobju, kraj\u0161em od 14 dni, pred prihodom vam bomo zara\u010dunali stro\u0161ke storniranja glede na hi\u0161ni red.<\/li>\n<\/ul>\n<p>[\/et_pb_text][et_pb_text _builder_version=&#8221;4.19.5&#8243; _module_preset=&#8221;default&#8221; text_font=&#8221;|700|||||||&#8221; text_letter_spacing=&#8221;0.03em&#8221; text_line_height=&#8221;2em&#8221; custom_margin=&#8221;50px||||false|false&#8221; global_colors_info=&#8221;{}&#8221;]<\/p>\n<p><mark>OPOMBA:<\/mark><\/p>\n<p>Pri vra\u010dilu akontacije\/nakazila na va\u0161 ra\u010dun bo banka od pla\u010danega zneska od\u0161tela stro\u0161ke storitve, ki jih krijete vi.<\/p>\n<p>[\/et_pb_text][\/et_pb_column][et_pb_column type=&#8221;1_3&#8243; _builder_version=&#8221;4.16&#8243; _module_preset=&#8221;default&#8221; global_colors_info=&#8221;{}&#8221;][\/et_pb_column][\/et_pb_row][\/et_pb_section]<\/p>\n","protected":false},"excerpt":{"rendered":"<p>Splo\u0161ni pogoji poslovanjaPovpra\u0161evanja in rezervacije sprejemamo prek na\u0161ega spletnega mesta (e-po\u0161ta ali obrazec za stik), po po\u0161ti, faksu ali osebno na recepciji kampa. &nbsp; Gost jam\u010di za rezervacijo s kreditno kartico ali pla\u010dilom akontacije v vi\u0161ini 200 \u20ac na mobilno hi\u0161ko, 100 \u20ac na parcelo, 100 \u20ac na sobo ali zneska po specifikaciji, za katerega [&hellip;]<\/p>\n","protected":false},"author":1,"featured_media":0,"parent":0,"menu_order":0,"comment_status":"closed","ping_status":"closed","template":"","meta":{"_et_pb_use_builder":"on","_et_pb_old_content":"","_et_gb_content_width":"","footnotes":""},"class_list":["post-20251","page","type-page","status-publish","hentry"],"_links":{"self":[{"href":"https:\/\/camp-kovacine.com\/sl\/wp-json\/wp\/v2\/pages\/20251","targetHints":{"allow":["GET"]}}],"collection":[{"href":"https:\/\/camp-kovacine.com\/sl\/wp-json\/wp\/v2\/pages"}],"about":[{"href":"https:\/\/camp-kovacine.com\/sl\/wp-json\/wp\/v2\/types\/page"}],"author":[{"embeddable":true,"href":"https:\/\/camp-kovacine.com\/sl\/wp-json\/wp\/v2\/users\/1"}],"replies":[{"embeddable":true,"href":"https:\/\/camp-kovacine.com\/sl\/wp-json\/wp\/v2\/comments?post=20251"}],"version-history":[{"count":0,"href":"https:\/\/camp-kovacine.com\/sl\/wp-json\/wp\/v2\/pages\/20251\/revisions"}],"wp:attachment":[{"href":"https:\/\/camp-kovacine.com\/sl\/wp-json\/wp\/v2\/media?parent=20251"}],"curies":[{"name":"wp","href":"https:\/\/api.w.org\/{rel}","templated":true}]}}