{"id":20239,"date":"2021-06-11T08:58:14","date_gmt":"2021-06-11T08:58:14","guid":{"rendered":"https:\/\/kovacine.moonsafari.design\/9995-2\/"},"modified":"2025-10-06T07:59:42","modified_gmt":"2025-10-06T07:59:42","slug":"hisni-red","status":"publish","type":"page","link":"https:\/\/camp-kovacine.com\/sl\/hisni-red\/","title":{"rendered":"Hi\u0161ni red"},"content":{"rendered":"<p>[et_pb_section fb_built=&#8221;1&#8243; admin_label=&#8221;Hero image&#8221; _builder_version=&#8221;4.16&#8243; _module_preset=&#8221;default&#8221; background_image=&#8221;https:\/\/camp-kovacine.com\/wp-content\/uploads\/2021\/07\/kamp-kovacine-global-header.jpg&#8221; background_position=&#8221;top_center&#8221; min_height=&#8221;400px&#8221; min_height_tablet=&#8221;400px&#8221; min_height_phone=&#8221;400px&#8221; min_height_last_edited=&#8221;on|phone&#8221; height_tablet=&#8221;&#8221; height_phone=&#8221;600px&#8221; height_last_edited=&#8221;on|phone&#8221; top_divider_color=&#8221;#e02b20&#8243; bottom_divider_style=&#8221;waves2&#8243; bottom_divider_color=&#8221;#f6f6f3&#8243; bottom_divider_style_tablet=&#8221;waves2&#8243; bottom_divider_style_phone=&#8221;wave2&#8243; bottom_divider_style_last_edited=&#8221;on|phone&#8221; locked=&#8221;off&#8221; collapsed=&#8221;on&#8221; global_colors_info=&#8221;{}&#8221;][\/et_pb_section][et_pb_section fb_built=&#8221;1&#8243; admin_label=&#8221;GDPR&#8221; _builder_version=&#8221;4.16&#8243; _module_preset=&#8221;default&#8221; background_color=&#8221;rgba(0,0,0,0)&#8221; custom_margin=&#8221;-200px||50px||false|false&#8221; custom_margin_tablet=&#8221;-200px||50px||false|false&#8221; custom_margin_phone=&#8221;-350px||50px||false|false&#8221; custom_margin_last_edited=&#8221;on|phone&#8221; custom_padding=&#8221;0px||0px||false|false&#8221; locked=&#8221;off&#8221; collapsed=&#8221;off&#8221; global_colors_info=&#8221;{}&#8221;][et_pb_row admin_label=&#8221;Naslov &#8221; _builder_version=&#8221;4.16&#8243; _module_preset=&#8221;default&#8221; width_tablet=&#8221;&#8221; width_phone=&#8221;90%&#8221; width_last_edited=&#8221;on|phone&#8221; custom_padding=&#8221;0px|4vw||4vw|false|false&#8221; collapsed=&#8221;on&#8221; global_colors_info=&#8221;{}&#8221;][et_pb_column type=&#8221;4_4&#8243; _builder_version=&#8221;4.16&#8243; _module_preset=&#8221;default&#8221; global_colors_info=&#8221;{}&#8221;][et_pb_text _builder_version=&#8221;4.16&#8243; _module_preset=&#8221;default&#8221; text_line_height=&#8221;1.5em&#8221; header_font=&#8221;|300|||||||&#8221; header_text_align=&#8221;left&#8221; header_text_color=&#8221;#f6f6f3&#8243; header_font_size=&#8221;3.5em&#8221; header_6_font=&#8221;|||on|||||&#8221; header_6_line_height=&#8221;2em&#8221; background_layout=&#8221;dark&#8221; custom_margin=&#8221;||||false|false&#8221; locked=&#8221;off&#8221; global_colors_info=&#8221;{}&#8221;]<\/p>\n<h1>Hi\u0161ni red<\/h1>\n<p>[\/et_pb_text][\/et_pb_column][\/et_pb_row][et_pb_row column_structure=&#8221;2_3,1_3&#8243; use_custom_gutter=&#8221;on&#8221; gutter_width=&#8221;1&#8243; custom_padding_last_edited=&#8221;on|phone&#8221; admin_label=&#8221;Opis&#8221; _builder_version=&#8221;4.16&#8243; _module_preset=&#8221;default&#8221; background_color=&#8221;#f6f6f3&#8243; z_index=&#8221;99&#8243; width_tablet=&#8221;&#8221; width_phone=&#8221;90%&#8221; width_last_edited=&#8221;on|phone&#8221; custom_margin=&#8221;||||false|false&#8221; custom_padding=&#8221;50px|50px|50px|50px|true|true&#8221; custom_padding_tablet=&#8221;50px|50px|50px|50px|true|true&#8221; custom_padding_phone=&#8221;25px|25px|25px|25px|true|true&#8221; box_shadow_style=&#8221;preset1&#8243; box_shadow_vertical=&#8221;-25px&#8221; box_shadow_spread=&#8221;-10px&#8221; collapsed=&#8221;off&#8221; global_colors_info=&#8221;{}&#8221;][et_pb_column type=&#8221;2_3&#8243; _builder_version=&#8221;4.16&#8243; _module_preset=&#8221;default&#8221; global_colors_info=&#8221;{}&#8221;][et_pb_text _builder_version=&#8221;4.27.4&#8243; _module_preset=&#8221;default&#8221; text_letter_spacing=&#8221;0.03em&#8221; hover_enabled=&#8221;0&#8243; global_colors_info=&#8221;{}&#8221; sticky_enabled=&#8221;0&#8243;]<\/p>\n<p>Med bivanjem v kampu Kova\u010dine morate kot gost upo\u0161tevati naslednji hi\u0161ni red:<\/p>\n<ol>\n<li>Pri vstopu v kamp se mora vsak gost prijaviti na recepciji. Pri prijavi mora gost predlo\u017eiti osebne dokumente vseh oseb, ki bodo bivale v kampu, in registracijo vozila, ki bo vstopilo v kamp. Pri prijavi bo vsak gost prejel zapestnico, ki jo mora nositi ves \u010das trajanja bivanja v kampu. Pri namestitvi zapestnice na dan prihoda in njenem odstranjevanju na dan odhoda bo gostu pomagalo recepcijsko osebje. V primeru izgube ali po\u0161kodovanja zapestnice mora gost pla\u010dati stro\u0161ek po veljavnem ceniku    <\/li>\n<li>Po prihodu lahko gost vstopi v mobilno hi\u0161ko ali sobo Tamaris od 17. ure naprej, na parcele v kampu pa od 14. ure naprej.<\/li>\n<li>Kontrolna \u0161tevilka, prejeta na recepciji, mora biti zaradi kontrole obvezno name\u0161\u010dena na vidno mesto prikolice\/\u0161otora.<\/li>\n<li>Neprijavljeni gostje bodo morali pla\u010dati ra\u010dun za znesek bivanja v trajanju najmanj treh dni po ceniku kampa.<\/li>\n<li>Gostje lahko sami izberejo mesto v kampu, razen na parcelah, kjer je bila predhodno izvedena in potrjena rezervacija. Uprava kampa si pridr\u017euje pravico do intervencije in preme\u0161\u010danja gostov. <\/li>\n<li>Preselitev gostov na drugo parcelo je dovoljena samo s soglasjem recepcije. Prva selitev na zahtevo gosta je brezpla\u010dna. Vsaka naslednja se zara\u010duna po veljavnem ceniku.  <\/li>\n<li>Bivanje gostov na obmo\u010dju FKK je dovoljeno samo nudistom (naturistom).<\/li>\n<li>Otro\u0161ka in \u0161portna igri\u0161\u010da ter fitness v kampu se uporabljajo na lastno odgovornost.<\/li>\n<li>Privezi kampa se lahko uporabljajo izklju\u010dno v skladu s \u00bbPogoji za uporabo sidri\u0161\u010d in privezov kampa Kova\u010dine\u00ab.<\/li>\n<li>Bazen se lahko uporablja izklju\u010dno v skladu s \u00bbKopalnim redom bazena\u00ab.<\/li>\n<li>Prikolice so lahko v kampu postavljene samo na posebej ograjenem in ozna\u010denem delu kampa, njihova postavitev pa se zara\u010duna glede na cenik kampa. Postavitev prikolice na svoji ali tujih parcelah kampa ni dovoljena, prav tako pa ni dovoljena ob robovih cesti\u0161\u010d, na neurejenih delih ali na parkiri\u0161\u010du kampa. \u010ce je prikolica najdena na nedovoljeni lokaciji v kampu, jo bo osebje kampa odpeljalo na predvideno mesto. Za vsakr\u0161no \u0161kodo, ki lahko na prikolici nastane med prevozom, kamp ne prevzema nobene odgovornosti. Prevoz prikolice se bo zara\u010dunal glede na cenik kampa.    <\/li>\n<li>Kopanje psa je dovoljeno v morju samo na predvideni pla\u017ei ali predvidenem mestu v sanitarijah. V kampu lahko v eni nastanitveni enoti bivajo najve\u010d trije hi\u0161ni ljubljen\u010dki. <\/li>\n<li>\u010cas no\u010dnega miru v kampu je od 24. do 6. ure, popoldanskega pa od 14. do 17. ure. V trajanju no\u010dnega in popoldanskega miru ni dovoljeno ustvarjati hrupa, peti in podobno. Med organiziranimi zabavami v kampu se lahko \u010das hi\u0161nega miru po potrebi skraj\u0161a.  <\/li>\n<li>Ra\u010duni se pla\u010dajo na dan odhoda ali prej.<\/li>\n<li>Na dan odhoda morajo gosti na parcelah poravnati ra\u010dun najpozneje do 11. ure in kamp zapustiti do 12. ure. Gostje, nastanjeni v mobilnih hi\u0161kah in sobah Tamaris, morajo poravnati ra\u010dun in nastanitev zapustiti najpozneje do 10. ure. Ostajanje na lokaciji po navedenem terminu predpostavlja pla\u010dilo \u0161e enega dneva bivanja. Gostje morajo prostor, kjer so bivali, pustiti \u010dist.   <\/li>\n<li>\u010ce gost, ki je imel rezervirano nastanitev na parcelah, parcelo zapusti pred\u010dasno ali zamuja s prihodom v okviru 14 dni do dneva prihoda, mora pla\u010dati stro\u0161ke stornacije (cene so izra\u017eene v evrih):<br \/>\n<table id=\"kucni-red\" style=\"border-collapse: collapse; border-style: 1px solid; border-color: #000000; background-color: #f6f6f3;\" border=\"1\">\n<tbody>\n<tr>\n<td style=\"width: 50%; text-align: center;\"><strong>Stro\u0161ki storniranja za zapozneli prihod ali pred\u010dasni odhod \u2013 za nastanitev na parceli <\/strong><\/td>\n<td style=\"width: 50%; text-align: center;\"><strong>1. Julij \u2013 15. September <\/strong><\/td>\n<\/tr>\n<tr>\n<td style=\"width: 50%; text-align: center;\">za dva dneva<\/td>\n<td style=\"width: 50%; text-align: center;\">35.00<\/td>\n<\/tr>\n<tr>\n<td style=\"width: 50%; text-align: center;\">za tri dni<\/td>\n<td style=\"width: 50%; text-align: center;\">70.00<\/td>\n<\/tr>\n<tr>\n<td style=\"width: 50%; text-align: center;\">za \u0161tiri dni<\/td>\n<td style=\"width: 50%; text-align: center;\">105.00<\/td>\n<\/tr>\n<tr>\n<td>za pet ali ve\u010d dni<\/td>\n<td style=\"width: 50%; text-align: center;\">140.00<\/td>\n<\/tr>\n<tr>\n<td> <\/td>\n<td style=\"text-transform: uppercase; font-size: 0.6em; color: #00931d; text-align: center;\">Cene so navedene v evrih.<\/td>\n<\/tr>\n<\/tbody>\n<\/table>\n<p>Spreminjanje potrjene rezervacije za bivanje na parcelah v okviru 14 dni do dneva prihoda je mogo\u010de samo v pisni obliki. Po pisni potrditvi spremembe rezervacije s strani kampa ali sektorja prodaje bo zara\u010dunano pla\u010dilo dodatnih stro\u0161kov (odvisno od \u0161tevila dni spremembe rezervacije), da bi kamp zagotovil neovirano nadaljevanje poslovanja. Kamp si pridr\u017euje pravico, da po poteku 24 ur od datuma potrjenega dneva prihoda ponudi parcelo, mobilno hi\u0161ko ali sobo drugim zainteresiranim, \u010de ni izrecno (pisno) napovedana in potrjena sprememba predhodne rezervacije. Gost, ki ni sporo\u010dil, da bo zamudil, ne more zahtevati od\u0161kodnine ali predhodno potrjene nastanitve. Pri zapoznelem prihodu ali pred\u010dasnem odhodu se pri mobilnih hi\u0161kah ali sobah Tamaris zara\u010duna skupni znesek bivanja potrjene rezervacije.    <\/p>\n<\/li>\n<li>\u010ce se na parceli, rezervirani na dolo\u010deno ime, izmenjujejo drugi gosti, bomo vsako spremembo obravnavali kot novo rezervacijo in skladno s tem zara\u010dunali spremljevalne stro\u0161ke. Navedenih stro\u0161kov ne pla\u010dajo \u010dlani o\u017eje dru\u017eine (star\u0161i, zakonski partnerji, otroci). <\/li>\n<li>Vsako spremembo uporabe storitev med bivanjem morate sporo\u010diti recepciji.<\/li>\n<li>Pri odhodu mora gost vrniti recepciji vse zadol\u017eeno. V nasprotnem mora povrniti \u0161kodo po veljavnem ceniku. <\/li>\n<li>Sef za dragocenosti se nahaja na recepciji. Za morebitno izgubo dragocenosti kamp ne prevzema nobene odgovornosti. Uprava kampa ni odgovorna za izgubljene ali ukradene predmete ali \u0161kodo pri osebah in njihovi lastnini, ki ni neposredno povezana (dokazana) z malomarnostjo osebja kampa, niti za \u0161kodo, ki jo je povzro\u010dilo slabo vreme ali okoli\u0161\u010dine zunaj na\u0161ega nadzora.  <\/li>\n<li>Z vsemi napravami v kampu je treba skrbno rokovati, jih uporabljati in hraniti.<\/li>\n<li>Morebitno okvaro na instalacijah in ostale servisne storitve (menjava plinske jeklenke, izpad toka ipd.) je treba prijaviti na recepciji ali na tel. \u0161t. +385 (0)51 571 423. +385 (0)51 571 423.<\/li>\n<li>Zaradi ohranitve ekosistema na\u0161ega kampa je najstro\u017eje prepovedano:\n<ul>\n<li>po\u0161kodovanje dreves ali rastlin;<\/li>\n<li>zabijanje \u017eebljev v drevesa;<\/li>\n<li>namestitev satelitskih anten na drevesa ali rastline;<\/li>\n<li>obe\u0161anje plasti\u010dnih ali \u017ei\u010dnih vrvi na ali okrog dreves ali rastlin;<\/li>\n<li>puljenje posajenih rastlin in podobno.<\/li>\n<\/ul>\n<\/li>\n<li>Ekolo\u0161ko in racionalno porabljajte vodo in elektri\u010dno energijo.<\/li>\n<li>Zaradi ohranitve okolja odpadke odlagajte v predvidene ko\u0161e za smeti.<\/li>\n<li>V kampu ni dovoljeno:\n<ul>\n<li>Ograjevanje ali druga dejanja, ki spremenijo prvoten videz parcel.<\/li>\n<li>Uporaba vozil v kampu v \u010dasu trajanja no\u010dnega miru.<\/li>\n<li>Kurjenje odprtega ognja, razen na predvidenih mestih.<\/li>\n<li>Pranje avtomobila in \u010dolna na prostoru kampa in pla\u017e, razen na predvidenih mestih.<\/li>\n<li>Vznemirjanje drugih gostov s hrupom.<\/li>\n<li>Sidranje plovnih objektov na pla\u017ei, vo\u017enja s \u010dolnom in gliserjem v bli\u017eini pla\u017ee.<\/li>\n<li>Vodenje psa brez vrvice.<\/li>\n<li>Kopanje na obmo\u010dju privezov.<\/li>\n<\/ul>\n<\/li>\n<li>Pri gibanju po kampu morajo gostje uporabljati ozna\u010dene in dolo\u010dene poti ter se izogibati razli\u010dnim bli\u017enjicam ter preskakovanju manj\u0161ih zidov, ograj in podobnega.<\/li>\n<li>Obiski so dovoljeni brez vozil in samo v primeru ustrezne prijave na vhodu \u2013 recepciji in pla\u010dila v skladu z veljavnim cenikom.<\/li>\n<\/ol>\n<p>Obvestilo o na\u010dinu vlo\u017eitve prito\u017ebe gosta (potro\u0161nika) se nahaja na recepciji. Uprava kampa si pridr\u017euje pravico do odstranitve vsakogar, ki moti harmonijo in varnost kampa ter ne upo\u0161teva tega hi\u0161nega reda. <\/p>\n<p>[\/et_pb_text][et_pb_text _builder_version=&#8221;4.16&#8243; _module_preset=&#8221;default&#8221; custom_margin=&#8221;50px||||false|false&#8221; hover_enabled=&#8221;0&#8243; global_colors_info=&#8221;{}&#8221; sticky_enabled=&#8221;0&#8243;]<\/p>\n<p><mark>Uprava kampa<\/mark><\/p>\n<p>Recepcija: <a href=\"tel:+38551571423\">+385 51 571 423<\/a><br \/>Prodaja: <a href=\"tel:+38551573150\">+385 51 573 150<\/a><br \/>Fax: +385 51 571 086<br \/><a href=\"mailto:campkovacine@kovacine.com\" target=\"_blank\" rel=\"noopener\">campkovacine@kovacine.com<\/a><\/p>\n<p>[\/et_pb_text][\/et_pb_column][et_pb_column type=&#8221;1_3&#8243; _builder_version=&#8221;4.16&#8243; _module_preset=&#8221;default&#8221; global_colors_info=&#8221;{}&#8221;][\/et_pb_column][\/et_pb_row][\/et_pb_section]<\/p>\n","protected":false},"excerpt":{"rendered":"<p>Hi\u0161ni redMed bivanjem v kampu Kova\u010dine morate kot gost upo\u0161tevati naslednji hi\u0161ni red: Pri vstopu v kamp se mora vsak gost prijaviti na recepciji. Pri prijavi mora gost predlo\u017eiti osebne dokumente vseh oseb, ki bodo bivale v kampu, in registracijo vozila, ki bo vstopilo v kamp. Pri prijavi bo vsak gost prejel zapestnico, ki jo [&hellip;]<\/p>\n","protected":false},"author":1,"featured_media":0,"parent":0,"menu_order":0,"comment_status":"closed","ping_status":"closed","template":"","meta":{"_et_pb_use_builder":"on","_et_pb_old_content":"","_et_gb_content_width":"","footnotes":""},"class_list":["post-20239","page","type-page","status-publish","hentry"],"_links":{"self":[{"href":"https:\/\/camp-kovacine.com\/sl\/wp-json\/wp\/v2\/pages\/20239","targetHints":{"allow":["GET"]}}],"collection":[{"href":"https:\/\/camp-kovacine.com\/sl\/wp-json\/wp\/v2\/pages"}],"about":[{"href":"https:\/\/camp-kovacine.com\/sl\/wp-json\/wp\/v2\/types\/page"}],"author":[{"embeddable":true,"href":"https:\/\/camp-kovacine.com\/sl\/wp-json\/wp\/v2\/users\/1"}],"replies":[{"embeddable":true,"href":"https:\/\/camp-kovacine.com\/sl\/wp-json\/wp\/v2\/comments?post=20239"}],"version-history":[{"count":0,"href":"https:\/\/camp-kovacine.com\/sl\/wp-json\/wp\/v2\/pages\/20239\/revisions"}],"wp:attachment":[{"href":"https:\/\/camp-kovacine.com\/sl\/wp-json\/wp\/v2\/media?parent=20239"}],"curies":[{"name":"wp","href":"https:\/\/api.w.org\/{rel}","templated":true}]}}