{"id":20220,"date":"2020-12-23T13:12:17","date_gmt":"2020-12-23T13:12:17","guid":{"rendered":"https:\/\/kovacine.moonsafari.design\/izjava-o-privatnosti\/"},"modified":"2024-03-06T17:46:47","modified_gmt":"2024-03-06T17:46:47","slug":"izjava-o-varstvu-osebnih-podatkov","status":"publish","type":"page","link":"https:\/\/camp-kovacine.com\/sl\/izjava-o-varstvu-osebnih-podatkov\/","title":{"rendered":"Izjava o varstvu osebnih podatkov"},"content":{"rendered":"<p>[et_pb_section fb_built=&#8221;1&#8243; admin_label=&#8221;Hero image&#8221; _builder_version=&#8221;4.16&#8243; _module_preset=&#8221;default&#8221; background_image=&#8221;https:\/\/camp-kovacine.com\/wp-content\/uploads\/2021\/07\/kamp-kovacine-global-header.jpg&#8221; background_position=&#8221;top_center&#8221; min_height=&#8221;400px&#8221; min_height_tablet=&#8221;400px&#8221; min_height_phone=&#8221;400px&#8221; min_height_last_edited=&#8221;on|phone&#8221; height_tablet=&#8221;&#8221; height_phone=&#8221;600px&#8221; height_last_edited=&#8221;on|phone&#8221; top_divider_color=&#8221;#e02b20&#8243; bottom_divider_style=&#8221;waves2&#8243; bottom_divider_color=&#8221;#f6f6f3&#8243; bottom_divider_style_tablet=&#8221;waves2&#8243; bottom_divider_style_phone=&#8221;wave2&#8243; bottom_divider_style_last_edited=&#8221;on|phone&#8221; bottom_divider_height_tablet=&#8221;&#8221; bottom_divider_height_phone=&#8221;50px&#8221; bottom_divider_height_last_edited=&#8221;on|phone&#8221; collapsed=&#8221;on&#8221; global_colors_info=&#8221;{}&#8221;][\/et_pb_section][et_pb_section fb_built=&#8221;1&#8243; admin_label=&#8221;GDPR&#8221; _builder_version=&#8221;4.16&#8243; _module_preset=&#8221;default&#8221; background_color=&#8221;rgba(0,0,0,0)&#8221; custom_margin=&#8221;-200px||50px||false|false&#8221; custom_margin_tablet=&#8221;-200px||50px||false|false&#8221; custom_margin_phone=&#8221;-300px||50px||false|false&#8221; custom_margin_last_edited=&#8221;on|phone&#8221; custom_padding=&#8221;0px||0px||false|false&#8221; collapsed=&#8221;off&#8221; global_colors_info=&#8221;{}&#8221;][et_pb_row admin_label=&#8221;Naslov &#8221; _builder_version=&#8221;4.16&#8243; _module_preset=&#8221;default&#8221; width_tablet=&#8221;&#8221; width_phone=&#8221;90%&#8221; width_last_edited=&#8221;on|phone&#8221; custom_padding=&#8221;0px|4vw||4vw|false|false&#8221; collapsed=&#8221;on&#8221; global_colors_info=&#8221;{}&#8221;][et_pb_column type=&#8221;4_4&#8243; _builder_version=&#8221;4.16&#8243; _module_preset=&#8221;default&#8221; global_colors_info=&#8221;{}&#8221;][et_pb_text _builder_version=&#8221;4.16&#8243; _module_preset=&#8221;default&#8221; text_line_height=&#8221;1.5em&#8221; header_font=&#8221;|300|||||||&#8221; header_text_align=&#8221;left&#8221; header_text_color=&#8221;#f6f6f3&#8243; header_font_size=&#8221;3.5em&#8221; header_6_font=&#8221;|||on|||||&#8221; header_6_line_height=&#8221;2em&#8221; background_layout=&#8221;dark&#8221; custom_margin=&#8221;||||false|false&#8221; header_font_size_tablet=&#8221;3.5em&#8221; header_font_size_phone=&#8221;4em&#8221; header_font_size_last_edited=&#8221;on|phone&#8221; header_letter_spacing_tablet=&#8221;&#8221; header_letter_spacing_phone=&#8221;-1px&#8221; header_letter_spacing_last_edited=&#8221;on|phone&#8221; header_line_height_tablet=&#8221;&#8221; header_line_height_phone=&#8221;1em&#8221; header_line_height_last_edited=&#8221;on|phone&#8221; locked=&#8221;off&#8221; global_colors_info=&#8221;{}&#8221;]<\/p>\n<h1>Varstvo osebnih podatkov<\/h1>\n<p>[\/et_pb_text][\/et_pb_column][\/et_pb_row][et_pb_row column_structure=&#8221;2_3,1_3&#8243; use_custom_gutter=&#8221;on&#8221; gutter_width=&#8221;1&#8243; custom_padding_last_edited=&#8221;on|phone&#8221; admin_label=&#8221;Opis&#8221; _builder_version=&#8221;4.16&#8243; _module_preset=&#8221;default&#8221; background_color=&#8221;#f6f6f3&#8243; z_index=&#8221;99&#8243; width_tablet=&#8221;&#8221; width_phone=&#8221;90%&#8221; width_last_edited=&#8221;on|phone&#8221; custom_margin=&#8221;||||false|false&#8221; custom_padding=&#8221;50px|50px|50px|50px|true|true&#8221; custom_padding_tablet=&#8221;50px|50px|50px|50px|true|true&#8221; custom_padding_phone=&#8221;25px|25px|25px|25px|true|true&#8221; box_shadow_style=&#8221;preset1&#8243; box_shadow_vertical=&#8221;-25px&#8221; box_shadow_spread=&#8221;-10px&#8221; collapsed=&#8221;off&#8221; global_colors_info=&#8221;{}&#8221;][et_pb_column type=&#8221;2_3&#8243; _builder_version=&#8221;4.16&#8243; _module_preset=&#8221;default&#8221; global_colors_info=&#8221;{}&#8221;][et_pb_text _builder_version=&#8221;4.16&#8243; _module_preset=&#8221;default&#8221; text_letter_spacing=&#8221;0.03em&#8221; global_colors_info=&#8221;{}&#8221;]<\/p>\n<h3>Pravilnik o varstvu osebnih podatkov na spletnem mestu<\/h3>\n<p>Poudarjamo, da ob obisku na\u0161ega spletnega mesta vsi va\u0161i osebni podatki ostanejo zaupni, razen \u010de jih boste \u017eeleli sami razkriti. Zbiramo samo tiste osebne podatke, ki nam jih prostovoljno posredujete, in to samo za namene, navedene v tem pravilniku o varstvu osebnih podatkov. Pri zbiranju osebnih podatkov smo zavezani spo\u0161tovanju dolo\u010dil pozitivnih predpisov o varstvu osebnih podatkov.<\/p>\n<p>Ta pravilnik o varstvu osebnih podatkov opisuje, katere vrste osebnih podatkov se obdelujejo in v katere namene ter kak\u0161ne pravice imate v zvezi s tak\u0161no obdelavo. Pred nadaljevanjem uporabe spletnega mesta natan\u010dno preberite ta pravilnik. \u010ce se z njegovimi dolo\u010dili ne strinjate, spletnega mesta ne uporabljajte.<\/p>\n<p>&nbsp;<\/p>\n<h3>Osebni podatki, ki jih obdelujemo<\/h3>\n<p><strong>&#8220;Osebni podatki&#8221;<\/strong> so vsi podatki, ki se nana\u0161ajo na posameznika, katerega identiteta je dolo\u010dena ali jo je mogo\u010de dolo\u010diti (<strong>&#8220;posameznik, na katerega se nana\u0161ajo osebni podatki&#8221;<\/strong>).\u2028\u2028<\/p>\n<p>Osebne podatke zbiramo skladno z veljavnimi predpisi, in sicer, da bi vam lahko po\u0161iljali na primer spremembe in novosti po elektronski po\u0161ti, vas vklju\u010dili v sodelovanje v nagradnih igrah ter anketah, vam po\u0161iljali publikacije, bro\u0161ure in drugo promocijsko gradivo ali odgovorili na va\u0161a vpra\u0161anja, opazke in komentarje.\u2028\u2028<\/p>\n<p>Va\u0161e osebe podatke obdelujemo samo na podlagi va\u0161e privolitve. V dolo\u010denih primerih bo zbiranje va\u0161ih osebnih podatkov nujno zaradi izpolnitve pogodbe med vami in dru\u017ebo Cresanka d.d., na primer pri nakupu izdelkov\/storitev v na\u0161i spletni trgovini.<\/p>\n<p>Obdelujemo naslednje kategorije osebnih podatkov:<\/p>\n<p>&nbsp;<\/p>\n<ol>\n<li>Podatki za stik in identifikacijski podatki, potrebni za naro\u010dilo izdelkov\/storitev v spletni trgovini.\u2028<\/li>\n<li>Podatki o nakupu prek spletne trgovine, npr. kupljeni izdelki\/storitve, znesek ra\u010duna, izbran na\u010din pla\u010dila, pogostost nakupov.\u2028<\/li>\n<li>Podatki o interakciji uporabnika s spletnim mestom, ki se zbirajo z uporabo pi\u0161kotkov.<\/li>\n<\/ol>\n<p>Ne zbiramo in ne uporabljamo osebnih podatkov mladoletnih oseb (v okviru razumnih omejitev, \u010de lahko izvemo starost uporabnika), razen z izrecno privolitvijo star\u0161a ali skrbnika. \u010ce ste mladoletni, vas prosimo, da nam ne po\u0161iljate svojih osebnih podatkov (ime, priimek, naslov, telefonska \u0161tevilka, e-po\u0161tni naslov ali drugi podatki, prek katerih bi vas lahko identificirali), saj bomo morali obdelavo tak\u0161ne komunikacije zavrniti. \u010ce bi kljub temu sledila vzpostavitev stika na zahtevo mladoletne osebe, v primeru prenosa osebnih podatkov s strani mladoletne osebe dru\u017eba Cresanka d.d. izrecno zavra\u010da prejem vsakr\u0161nih zahtevkov materialne ali nematerialne narave, ki izhajajo iz obdelave tak\u0161nega namena stika.<\/p>\n<p>&nbsp;<\/p>\n<h3>Namen obdelave osebnih podatkov<\/h3>\n<p>Dru\u017eba Cresanka d.d. obdeluje osebne podatke za naslednje namene:<\/p>\n<ol>\n<li>Obdelava naro\u010dil prek spletne trgovine\u2028<\/li>\n<li>Prenos komercialnih sporo\u010dil prek elektronske po\u0161te, mobilne telefonije ali po tradicionalni po\u0161ti (v okviru omejitev va\u0161e privolitve)\u2028<\/li>\n<li>Sodelovanje v anketah, vpra\u0161alnikih in nagradnih nate\u010dajih, ki jih organizira dru\u017eba Cresanka d.d.\u2028<\/li>\n<li>Zagotavljanje odgovorov na vpra\u0161anja, ki nam jih postavite, ali va\u0161e nasvete, komentarje, prito\u017ebe ipd.\u2028<\/li>\n<li>Izdelava razli\u010dnih poro\u010dil\/statistik o na\u010dinu uporabe spletnega mesta in storitev, ki jih ponuja\u20286. Re\u0161evanje vseh sporov ali prito\u017eb, ki se nana\u0161ajo na ali izhajajo iz aktivnosti dru\u017ebe Cresanka d.d.<\/li>\n<\/ol>\n<p>&nbsp;<\/p>\n<h3>Posredovanje podatkov tretjim osebam<\/h3>\n<p>Ne prodajamo, prena\u0161amo ali razkrivamo podatkov, ki jih zbiramo na na\u0161ih spletnih mestih, nikomur zunaj dru\u017ebe Cresanka d.d. brez va\u0161e privolitve, razen (1) v primerih, ki jih dolo\u010da zakonodaja, in ko je to potrebno zaradi izpolnitve na\u0161ih zakonskih obveznosti, (2) ko je to potrebno zaradi za\u0161\u010dite va\u0161ega \u017eivljenja ali telesne celovitosti, vi pa ne morete podati privolitve za obdelavo svojih osebnih podatkov, (3) ko je to nujno zaradi izpolnitve nalog, ki se izvajajo v javnem interesu (4) ko ste vi sami objavili te podatke in (5) ko je to potrebno zaradi za\u0161\u010dite na\u0161ih zakonitih interesov. Va\u0161e osebne podatke bomo hranili, samo dokler je to nujno zaradi izpolnitve prej navedenih namenov obdelave. Dru\u017eba Cresanka d.d. lahko nekatere ali vse va\u0161e osebne podatke razkrije naslednjim prejemnikom, in sicer na spodaj naveden na\u010din:<\/p>\n<ol>\n<li>Osebam, poobla\u0161\u010denim za obdelavo osebnih podatkov v imenu in za ra\u010dun dru\u017ebe Cresanka d.d., oziroma sodelavcem, ki te podatke potrebujejo za zagotavljanje in vzdr\u017eevanje storitev, ki so na voljo prek tega spletnega mesta (npr. ponudniki storitev izdelave in vzdr\u017eevanja spletnih strani, sodelavci ali ponudniki storitev, ki lahko najbolj\u0161e odgovorijo na va\u0161a vpra\u0161anja, ipd.).\u2028<\/li>\n<li>Pravnemu nasledniku ali naslednikom v primeru statusnih sprememb zaradi lo\u010ditve, zdru\u017eitve, restrukturiranja ali drugega prenosa nadzora v dru\u017ebi.\u2028<\/li>\n<li>Drugim prejemnikom, ki jim dru\u017eba Cresanka d.d. sme ali mora razkriti osebne podatke posameznikov na podlagi veljavnih predpisov.\u2028<\/li>\n<\/ol>\n<p>&nbsp;<\/p>\n<h3>Varnost pla\u010dila s kreditno kartico<\/h3>\n<p>Dru\u017eba Cresanka d.d. se zavezuje uporabiti najvi\u0161je varnostne standarde za za\u0161\u010dito interesov kupcev in prepre\u010ditev morebitnih zlorab informacij. Izdelki\/storitve, dostopni v spletni trgovini, se prodajajo prek spletne re\u0161itve za karti\u010dno pla\u010devanje PayWay, ki jo omogo\u010da dru\u017eba T-com. Tajnost va\u0161ih podatkov je za\u0161\u010ditena in zavarovana z uporabo \u0161ifriranja SSL. Strani za pla\u010devanje prek spleta so zavarovane z uporabo protokola Secure Socket Layer (SSL) s 128-bitnim \u0161ifriranjem podatkov. \u0160ifriranje SSL je postopek \u0161ifriranja podatkov zaradi prepre\u010devanja nepoobla\u0161\u010denega dostopa pri njihovem prenosu. S tem je omogo\u010den varen prenos informacij in onemogo\u010den nedovoljen dostop do podatkov med komunikacijo med uporabnikovim ra\u010dunalnikom in storitvijo T-com ter obratno. Storitev PayWay in finan\u010dne ustanove (karti\u010dne hi\u0161e) si izmenjujejo podatke z uporabo virtualnega zasebnega omre\u017eja (VPN), ki je za\u0161\u010diteno pred nepoobla\u0161\u010denim dostopom. \u0160tevilke kreditnih kartic se ne shranijo in niso dostopne nepoobla\u0161\u010denim osebam. Dru\u017eba Cresanka dd. ne more biti odgovorna za zlorabe, za katere ni mogo\u010de ugotoviti, ali so nastale kot posledica tehni\u010dno-varnostne opustitve sistema spletne trgovine ali opustitve zaposlenega dru\u017ebe Cresanka d.d.<\/p>\n<p>&nbsp;<\/p>\n<h3>E-po\u0161tna sporo\u010dila<\/h3>\n<p>Ko nam po\u0161ljete elektronsko po\u0161to (prek e-po\u0161tnega sporo\u010dila z vpra\u0161anjem, komentarjem, prito\u017ebo, nasvetom ali podobnim ali prek obrazca za stik na spletnem mestu) z osebnimi podatki, prek katerih vas je mogo\u010de identificirati, bomo te podatke uporabili za izpolnitev va\u0161e zahteve. Mogo\u010de bomo va\u0161e e-po\u0161tno sporo\u010dilo ter sporo\u010dilo\/zahtevo, ki ste nam jo posredovali, poslali drugim sodelavcem, ki bodo lahko najbolj\u0161e odgovorili na va\u0161e vpra\u0161anje. Vsi zaposleni v dru\u017ebi Cresanka d.d. so odgovorni za spo\u0161tovanje pravilnika o varstvu osebnih podatkov.<\/p>\n<p>&nbsp;<\/p>\n<h3>Ankete, vpra\u0161alniki in nate\u010daji<\/h3>\n<p>Ob\u010dasno na na\u0161em spletnem mestu izvajamo ankete in objavljamo vpra\u0161alnike. Tako zbrani podatki se uporabljajo izklju\u010dno za potrebe dru\u017ebe Cresanka d.d.<\/p>\n<p>&nbsp;<\/p>\n<h3>Pravice posameznikov, na katere se nana\u0161ajo osebni podatki<\/h3>\n<p>Podaja privolitve za obdelavo osebnih podatkov ni obvezna, vendar lahko zavrnitev privolitve za obdelavo osebnih podatkov, kot je navedeno zgoraj, uporabniku onemogo\u010di uporabo vseh ali dolo\u010denih vsebin, ki jih spletno mesto ponuja, ali onemogo\u010di pridobivanje informacij o izdelkih\/storitvah v ponudbi dru\u017ebe Cresanka d.d. S po\u0161iljanjem osebnih podatkov dru\u017ebi Cresanka d.d. se posameznik, na katerega se nana\u0161ajo osebni podatki, ne odreka pravicam, ki jih zagotavljajo pozitivni predpisi Republike Hrva\u0161ke, s katerimi se varujejo osebni podatki, posebej pravici do zahtevanja popravka ali izbrisa lastnih osebnih podatkov iz zbirke, \u010de so ti nepopolni, neto\u010dni ali neposodobljeni ali pa njihova obdelava ni v skladu z dolo\u010dili pozitivnih predpisov Republike Hrva\u0161ke. V obsegu, v katerem obdelava va\u0161ih osebnih podatkov temelji izklju\u010dno na va\u0161i privolitvi, imate vrsto pravic, vklju\u010dno z naslednjimi:<\/p>\n<p><strong>a) Pravica do dostopa:<\/strong>\u00a0uporabniki, katerih podatki se obdelujejo, lahko pridobijo informacije o namenu obdelave, kategorijah osebnih podatkov, prejemnikih podatkov, obdobju, v katerem bodo ti podatki shranjeni, ter druge pravice.\u2028<\/p>\n<p><strong>b) Pravica do popravka podatkov:<\/strong>\u00a0uporabniki lahko zahtevajo spreminjanje neto\u010dnih osebnih podatkov ali dopolnitev nepopolnih podatkov.\u2028<\/p>\n<p><strong>c) Pravica do izbrisa:<\/strong> v dolo\u010denih okoli\u0161\u010dinah imajo uporabniki pravico do izbrisa osebnih podatkov, ki se nanje nana\u0161ajo.<\/p>\n<p><strong>\u2028d) Pravica do preklica privolitve:\u00a0<\/strong>Uporabniki lahko kadar koli prekli\u010dejo predhodno podano privolitev za obdelavo osebnih podatkov.\u2028<\/p>\n<p><strong>e) Pravica do vlo\u017eitve prito\u017ebe pri nadzornem organu:<\/strong>\u00a0\u010de menite, da so bile va\u0161e pravice kr\u0161ene, lahko vlo\u017eite prito\u017ebo pri Agenciji za varstvo osebnih podatkov.<\/p>\n<p>Glede na zahtevo uporabnika\/posameznika, na katerega se nana\u0161ajo osebni podatki, se dru\u017eba Cresanka d.d. zavezuje:\u00a0<\/p>\n<ol>\n<li>Potrditi uporabniku, ali obdeluje ali ne obdeluje osebnih podatkov, ki se nana\u0161ajo na tega uporabnika\/posameznika, na katerega se nana\u0161ajo osebni podatki\u2028<\/li>\n<li>Popraviti ali izbrisati, brez nadomestila in brez odla\u0161anja, osebne podatke, ki se nana\u0161ajo na uporabnika\/posameznika, na katerega se nana\u0161ajo osebni podatki\u2028<\/li>\n<li>Omejiti ali prenehati obdelavo osebnih podatkov uporabnika\/posameznika, na katerega se nana\u0161ajo osebni podatki<\/li>\n<\/ol>\n<p>[\/et_pb_text][\/et_pb_column][et_pb_column type=&#8221;1_3&#8243; _builder_version=&#8221;4.16&#8243; _module_preset=&#8221;default&#8221; global_colors_info=&#8221;{}&#8221;][\/et_pb_column][\/et_pb_row][et_pb_row use_custom_gutter=&#8221;on&#8221; gutter_width=&#8221;1&#8243; custom_padding_last_edited=&#8221;on|phone&#8221; _builder_version=&#8221;4.24.2&#8243; _module_preset=&#8221;default&#8221; background_color=&#8221;#f6f6f3&#8243; z_index=&#8221;99&#8243; width_tablet=&#8221;&#8221; width_phone=&#8221;90%&#8221; width_last_edited=&#8221;on|phone&#8221; custom_margin=&#8221;||||false|false&#8221; custom_padding=&#8221;4px|50px|4px|50px|true|true&#8221; custom_padding_tablet=&#8221;50px|50px|50px|50px|true|true&#8221; custom_padding_phone=&#8221;25px|25px|25px|25px|true|true&#8221; global_colors_info=&#8221;{}&#8221; locked=&#8221;off&#8221;][et_pb_column type=&#8221;4_4&#8243; _builder_version=&#8221;4.24.2&#8243; _module_preset=&#8221;default&#8221; global_colors_info=&#8221;{}&#8221;][et_pb_text _builder_version=&#8221;4.24.2&#8243; _module_preset=&#8221;default&#8221; global_colors_info=&#8221;{}&#8221;]<\/p>\n<h3>Pravilnik o pi\u0161kotkih<\/h3>\n<p>[\/et_pb_text][et_pb_code _builder_version=&#8221;4.24.2&#8243; _module_preset=&#8221;default&#8221; hover_enabled=&#8221;0&#8243; global_colors_info=&#8221;{}&#8221; sticky_enabled=&#8221;0&#8243;]<script id=\"CookieDeclaration\" data-culture=\"si\" src=\"https:\/\/consent.cookiebot.com\/53a541f4-0665-47a3-8aa8-611763eeb490\/cd.js\" type=\"text\/javascript\" async><\/script>[\/et_pb_code][\/et_pb_column][\/et_pb_row][\/et_pb_section]<\/p>\n","protected":false},"excerpt":{"rendered":"<p>Varstvo osebnih podatkovPravilnik o varstvu osebnih podatkov na spletnem mestu Poudarjamo, da ob obisku na\u0161ega spletnega mesta vsi va\u0161i osebni podatki ostanejo zaupni, razen \u010de jih boste \u017eeleli sami razkriti. Zbiramo samo tiste osebne podatke, ki nam jih prostovoljno posredujete, in to samo za namene, navedene v tem pravilniku o varstvu osebnih podatkov. Pri zbiranju [&hellip;]<\/p>\n","protected":false},"author":1,"featured_media":0,"parent":0,"menu_order":0,"comment_status":"closed","ping_status":"closed","template":"","meta":{"_et_pb_use_builder":"on","_et_pb_old_content":"<!-- wp:heading -->\r\n<h2>Who we are<\/h2>\r\n<!-- \/wp:heading --><!-- wp:paragraph -->\r\n<p>Our website address is: https:\/\/camp-kovacine.com.<\/p>\r\n<!-- \/wp:paragraph --><!-- wp:heading -->\r\n<h2>What personal data we collect and why we collect it<\/h2>\r\n<!-- \/wp:heading --><!-- wp:heading {\"level\":3} -->\r\n<h3>Comments<\/h3>\r\n<!-- \/wp:heading --><!-- wp:paragraph -->\r\n<p>When visitors leave comments on the site we collect the data shown in the comments form, and also the visitor\u2019s IP address and browser user agent string to help spam detection.<\/p>\r\n<!-- \/wp:paragraph --><!-- wp:paragraph -->\r\n<p>An anonymized string created from your email address (also called a hash) may be provided to the Gravatar service to see if you are using it. The Gravatar service privacy policy is available here: https:\/\/automattic.com\/privacy\/. After approval of your comment, your profile picture is visible to the public in the context of your comment.<\/p>\r\n<!-- \/wp:paragraph --><!-- wp:heading {\"level\":3} -->\r\n<h3>Media<\/h3>\r\n<!-- \/wp:heading --><!-- wp:paragraph -->\r\n<p>If you upload images to the website, you should avoid uploading images with embedded location data (EXIF GPS) included. Visitors to the website can download and extract any location data from images on the website.<\/p>\r\n<!-- \/wp:paragraph --><!-- wp:heading {\"level\":3} -->\r\n<h3>Contact forms<\/h3>\r\n<!-- \/wp:heading --><!-- wp:heading {\"level\":3} -->\r\n<h3>Cookies<\/h3>\r\n<!-- \/wp:heading --><!-- wp:paragraph -->\r\n<p>If you leave a comment on our site you may opt-in to saving your name, email address and website in cookies. These are for your convenience so that you do not have to fill in your details again when you leave another comment. These cookies will last for one year.<\/p>\r\n<!-- \/wp:paragraph --><!-- wp:paragraph -->\r\n<p>If you visit our login page, we will set a temporary cookie to determine if your browser accepts cookies. This cookie contains no personal data and is discarded when you close your browser.<\/p>\r\n<!-- \/wp:paragraph --><!-- wp:paragraph -->\r\n<p>When you log in, we will also set up several cookies to save your login information and your screen display choices. Login cookies last for two days, and screen options cookies last for a year. If you select \"Remember Me\", your login will persist for two weeks. If you log out of your account, the login cookies will be removed.<\/p>\r\n<!-- \/wp:paragraph --><!-- wp:paragraph -->\r\n<p>If you edit or publish an article, an additional cookie will be saved in your browser. This cookie includes no personal data and simply indicates the post ID of the article you just edited. It expires after 1 day.<\/p>\r\n<!-- \/wp:paragraph --><!-- wp:heading {\"level\":3} -->\r\n<h3>Embedded content from other websites<\/h3>\r\n<!-- \/wp:heading --><!-- wp:paragraph -->\r\n<p>Articles on this site may include embedded content (e.g. videos, images, articles, etc.). Embedded content from other websites behaves in the exact same way as if the visitor has visited the other website.<\/p>\r\n<!-- \/wp:paragraph --><!-- wp:paragraph -->\r\n<p>These websites may collect data about you, use cookies, embed additional third-party tracking, and monitor your interaction with that embedded content, including tracking your interaction with the embedded content if you have an account and are logged in to that website.<\/p>\r\n<!-- \/wp:paragraph --><!-- wp:heading {\"level\":3} -->\r\n<h3>Analytics<\/h3>\r\n<!-- \/wp:heading --><!-- wp:heading -->\r\n<h2>Who we share your data with<\/h2>\r\n<!-- \/wp:heading --><!-- wp:paragraph -->\r\n<p>If you request a password reset, your IP address will be included in the reset email.<\/p>\r\n<!-- \/wp:paragraph --><!-- wp:heading -->\r\n<h2>How long we retain your data<\/h2>\r\n<!-- \/wp:heading --><!-- wp:paragraph -->\r\n<p>If you leave a comment, the comment and its metadata are retained indefinitely. This is so we can recognize and approve any follow-up comments automatically instead of holding them in a moderation queue.<\/p>\r\n<!-- \/wp:paragraph --><!-- wp:paragraph -->\r\n<p>For users that register on our website (if any), we also store the personal information they provide in their user profile. All users can see, edit, or delete their personal information at any time (except they cannot change their username). Website administrators can also see and edit that information.<\/p>\r\n<!-- \/wp:paragraph --><!-- wp:heading -->\r\n<h2>What rights you have over your data<\/h2>\r\n<!-- \/wp:heading --><!-- wp:paragraph -->\r\n<p>If you have an account on this site, or have left comments, you can request to receive an exported file of the personal data we hold about you, including any data you have provided to us. You can also request that we erase any personal data we hold about you. This does not include any data we are obliged to keep for administrative, legal, or security purposes.<\/p>\r\n<!-- \/wp:paragraph --><!-- wp:heading -->\r\n<h2>Where we send your data<\/h2>\r\n<!-- \/wp:heading --><!-- wp:paragraph -->\r\n<p>Visitor comments may be checked through an automated spam detection service.<\/p>\r\n<!-- \/wp:paragraph --><!-- wp:heading -->\r\n<h2>Your contact information<\/h2>\r\n<!-- \/wp:heading --><!-- wp:heading -->\r\n<h2>Additional information<\/h2>\r\n<!-- \/wp:heading --><!-- wp:heading {\"level\":3} -->\r\n<h3>How we protect your data<\/h3>\r\n<!-- \/wp:heading --><!-- wp:heading {\"level\":3} -->\r\n<h3>What data breach procedures we have in place<\/h3>\r\n<!-- \/wp:heading --><!-- wp:heading {\"level\":3} -->\r\n<h3>What third parties we receive data from<\/h3>\r\n<!-- \/wp:heading --><!-- wp:heading {\"level\":3} -->\r\n<h3>What automated decision making and\/or profiling we do with user data<\/h3>\r\n<!-- \/wp:heading --><!-- wp:heading {\"level\":3} -->\r\n<h3>Industry regulatory disclosure requirements<\/h3>\r\n<!-- \/wp:heading -->","_et_gb_content_width":"","footnotes":""},"class_list":["post-20220","page","type-page","status-publish","hentry"],"_links":{"self":[{"href":"https:\/\/camp-kovacine.com\/sl\/wp-json\/wp\/v2\/pages\/20220","targetHints":{"allow":["GET"]}}],"collection":[{"href":"https:\/\/camp-kovacine.com\/sl\/wp-json\/wp\/v2\/pages"}],"about":[{"href":"https:\/\/camp-kovacine.com\/sl\/wp-json\/wp\/v2\/types\/page"}],"author":[{"embeddable":true,"href":"https:\/\/camp-kovacine.com\/sl\/wp-json\/wp\/v2\/users\/1"}],"replies":[{"embeddable":true,"href":"https:\/\/camp-kovacine.com\/sl\/wp-json\/wp\/v2\/comments?post=20220"}],"version-history":[{"count":0,"href":"https:\/\/camp-kovacine.com\/sl\/wp-json\/wp\/v2\/pages\/20220\/revisions"}],"wp:attachment":[{"href":"https:\/\/camp-kovacine.com\/sl\/wp-json\/wp\/v2\/media?parent=20220"}],"curies":[{"name":"wp","href":"https:\/\/api.w.org\/{rel}","templated":true}]}}