{"id":30479,"date":"2025-10-08T10:56:34","date_gmt":"2025-10-08T10:56:34","guid":{"rendered":"https:\/\/camp-kovacine.com\/impressum\/"},"modified":"2025-10-14T10:24:38","modified_gmt":"2025-10-14T10:24:38","slug":"impressum","status":"publish","type":"page","link":"https:\/\/camp-kovacine.com\/nl\/impressum\/","title":{"rendered":"Impressum"},"content":{"rendered":"<p>[et_pb_section fb_built=&#8221;1&#8243; _builder_version=&#8221;4.27.4&#8243; _module_preset=&#8221;default&#8221; background_color=&#8221;RGBA(255,255,255,0)&#8221; custom_padding=&#8221;150px||||false|false&#8221; global_colors_info=&#8221;{}&#8221; collapsed=&#8221;on&#8221;][et_pb_row column_structure=&#8221;1_2,1_2&#8243; _builder_version=&#8221;4.27.4&#8243; _module_preset=&#8221;default&#8221; global_colors_info=&#8221;{}&#8221;][et_pb_column type=&#8221;1_2&#8243; _builder_version=&#8221;4.27.4&#8243; _module_preset=&#8221;default&#8221; global_colors_info=&#8221;{}&#8221;][et_pb_text _builder_version=&#8221;4.27.4&#8243; _module_preset=&#8221;default&#8221; global_colors_info=&#8221;{}&#8221;]<\/p>\n<h2>Impressum<\/h2>\n<p>[\/et_pb_text][et_pb_text _builder_version=&#8221;4.27.4&#8243; _module_preset=&#8221;default&#8221; global_colors_info=&#8221;{}&#8221;]<\/p>\n<h6>Foto-auteurs:<\/h6>\n<ul>\n<li>\u00a9 Auteur Petar K\u00fcrschner, in Kroati\u00eb 2019 &#8211; 2025<\/li>\n<li>\u00a9 Auteur Walter Rekirsch, in Oostenrijk 2025.<\/li>\n<li>\u00a9 Auteur Style Production, in Kroati\u00eb 2019., 2022.<\/li>\n<li>\u00a9 Auteur Robi Sabli\u0107, in Kroati\u00eb 2024.<\/li>\n<li>\u00a9 Auteur Avtokampi.si, in Sloveni\u00eb 2021.<\/li>\n<li>\u00a9 Auteur Karmela Ma\u0161i\u010d, in Kroati\u00eb 2020.<\/li>\n<li>\u00a9 Auteur Nenad Marti\u0107, in Kroati\u00eb 2018.<\/li>\n<li>\u00a9 Auteur Aerocam, in Kroati\u00eb 2015.<\/li>\n<li>\u00a9 Auteur Cresanka d.d.<\/li>\n<\/ul>\n<ul><\/ul>\n<p>[\/et_pb_text][et_pb_text _builder_version=&#8221;4.27.4&#8243; _module_preset=&#8221;default&#8221; global_colors_info=&#8221;{}&#8221;]<\/p>\n<h6>Video-auteurs:<\/h6>\n<ul>\n<li>\u00a9 Auteur Style Production, u Hrvatskoj 2019., 2022.<\/li>\n<\/ul>\n<p>[\/et_pb_text][et_pb_text _builder_version=&#8221;4.27.4&#8243; _module_preset=&#8221;default&#8221; global_colors_info=&#8221;{}&#8221;]<\/p>\n<h6>Auteurs van het bericht:<\/h6>\n<ul>\n<li><span>\u00a9 Auteur Cresanka d.d.<\/span><\/li>\n<\/ul>\n<ul><\/ul>\n<p>[\/et_pb_text][et_pb_text _builder_version=&#8221;4.27.4&#8243; _module_preset=&#8221;default&#8221; global_colors_info=&#8221;{}&#8221;]<\/p>\n<h6><span>Websiteontwerp en -ontwikkeling:<\/span><\/h6>\n<ul>\n<li>\u00a9 Auteur <a href=\"https:\/\/moonsafari.design\/\">Moon Safari<\/a><\/li>\n<\/ul>\n<p>[\/et_pb_text][\/et_pb_column][et_pb_column type=&#8221;1_2&#8243; _builder_version=&#8221;4.27.4&#8243; _module_preset=&#8221;default&#8221; global_colors_info=&#8221;{}&#8221;][et_pb_text _builder_version=&#8221;4.27.4&#8243; _module_preset=&#8221;default&#8221; global_colors_info=&#8221;{}&#8221;]<\/p>\n<h2>Bedrijfsinfo<\/h2>\n<p>[\/et_pb_text][et_pb_text _builder_version=&#8221;4.27.4&#8243; _module_preset=&#8221;default&#8221; global_colors_info=&#8221;{}&#8221;]<\/p>\n<h6><span>Bedrijfsnaam:<\/span><\/h6>\n<ul>\n<li><span>Cresanka d.d. &#8211; Cresanka-handelsmaatschappij voor horeca, toerisme en handel<\/span><\/li>\n<\/ul>\n<ul><\/ul>\n<p>[\/et_pb_text][et_pb_text _builder_version=&#8221;4.27.4&#8243; _module_preset=&#8221;default&#8221; global_colors_info=&#8221;{}&#8221;]<\/p>\n<h6><span>Uniek bedrijfsnummer:<\/span><\/h6>\n<ul>\n<li><span>3044122<\/span><\/li>\n<\/ul>\n<ul><\/ul>\n<p>[\/et_pb_text][et_pb_text _builder_version=&#8221;4.27.4&#8243; _module_preset=&#8221;default&#8221; global_colors_info=&#8221;{}&#8221;]<\/p>\n<h6><span>Persoonlijk identificatienummer:<\/span><\/h6>\n<ul>\n<li><span>47639427219<\/span><\/li>\n<\/ul>\n<ul><\/ul>\n<p>[\/et_pb_text][et_pb_text _builder_version=&#8221;4.27.4&#8243; _module_preset=&#8221;default&#8221; global_colors_info=&#8221;{}&#8221;]<\/p>\n<h6><span>Registratiehof:<\/span><\/h6>\n<ul>\n<li><span>Handelsrechtbank in Rijeka<\/span><\/li>\n<\/ul>\n<ul><\/ul>\n<p>[\/et_pb_text][et_pb_text _builder_version=&#8221;4.27.4&#8243; _module_preset=&#8221;default&#8221; global_colors_info=&#8221;{}&#8221;]<\/p>\n<h6><span>Hoofdkantoor:<\/span><\/h6>\n<ul>\n<li><span>Cres (stad Cres), Varozina 25<\/span><\/li>\n<\/ul>\n<ul><\/ul>\n<p>[\/et_pb_text][et_pb_text _builder_version=&#8221;4.27.4&#8243; _module_preset=&#8221;default&#8221; global_colors_info=&#8221;{}&#8221;]<\/p>\n<h6><span>Rechtsvorm:<\/span><\/h6>\n<ul>\n<li><span>Naamloze vennootschap<\/span><\/li>\n<\/ul>\n<ul><\/ul>\n<p>[\/et_pb_text][et_pb_text _builder_version=&#8221;4.27.4&#8243; _module_preset=&#8221;default&#8221; global_colors_info=&#8221;{}&#8221;]<\/p>\n<h6><span>Geregistreerd kapitaal:<\/span><\/h6>\n<ul>\n<li><span>Het maatschappelijk kapitaal bedraagt 10.316.168,00 euro en is volledig volgestort; er zijn 28.978 gewone aandelen uitgegeven, elk met een nominale waarde van 356,00 euro.<\/span><\/li>\n<\/ul>\n<ul><\/ul>\n<p>[\/et_pb_text][et_pb_text _builder_version=&#8221;4.27.4&#8243; _module_preset=&#8221;default&#8221; global_colors_info=&#8221;{}&#8221;]<\/p>\n<h6><span>Bankrekening &#8211; IBAN<\/span><\/h6>\n<ul>\n<li><span>HR0824020061100386896 Erste Steierm\u00e4rkische bank d.d.<\/span><\/li>\n<\/ul>\n<ul><\/ul>\n<p>[\/et_pb_text][et_pb_text _builder_version=&#8221;4.27.4&#8243; _module_preset=&#8221;default&#8221; global_colors_info=&#8221;{}&#8221;]<\/p>\n<h6><span>President van de raad van toezicht:<\/span><\/h6>\n<ul>\n<li><span>Lino Sin\u010di\u0107<\/span><\/li>\n<\/ul>\n<ul><\/ul>\n<p>[\/et_pb_text][et_pb_text _builder_version=&#8221;4.27.4&#8243; _module_preset=&#8221;default&#8221; global_colors_info=&#8221;{}&#8221;]<\/p>\n<h6><span>Leden van de raad van toezicht:<\/span><\/h6>\n<ul>\n<li><span>Andretta Mario, Andretta Marco, Marchesan Francesco, Andretta Massimiliano<\/span><\/li>\n<\/ul>\n<ul><\/ul>\n<p>[\/et_pb_text][et_pb_text _builder_version=&#8221;4.27.4&#8243; _module_preset=&#8221;default&#8221; global_colors_info=&#8221;{}&#8221;]<\/p>\n<h6><span>Persoon gemachtigd om te vertegenwoordigen:<\/span><\/h6>\n<ul>\n<li><span>Stevo Filini\u0107<\/span><\/li>\n<\/ul>\n<ul><\/ul>\n<p>[\/et_pb_text][\/et_pb_column][\/et_pb_row][\/et_pb_section]<\/p>\n","protected":false},"excerpt":{"rendered":"<p>ImpressumFoto-auteurs: \u00a9 Auteur Petar K\u00fcrschner, in Kroati\u00eb 2019 &#8211; 2025 \u00a9 Auteur Walter Rekirsch, in Oostenrijk 2025. \u00a9 Auteur Style Production, in Kroati\u00eb 2019., 2022. \u00a9 Auteur Robi Sabli\u0107, in Kroati\u00eb 2024. \u00a9 Auteur Avtokampi.si, in Sloveni\u00eb 2021. \u00a9 Auteur Karmela Ma\u0161i\u010d, in Kroati\u00eb 2020. \u00a9 Auteur Nenad Marti\u0107, in Kroati\u00eb 2018. \u00a9 Auteur Aerocam, [&hellip;]<\/p>\n","protected":false},"author":1,"featured_media":0,"parent":0,"menu_order":0,"comment_status":"closed","ping_status":"closed","template":"","meta":{"_et_pb_use_builder":"on","_et_pb_old_content":"","_et_gb_content_width":"","footnotes":""},"class_list":["post-30479","page","type-page","status-publish","hentry"],"_links":{"self":[{"href":"https:\/\/camp-kovacine.com\/nl\/wp-json\/wp\/v2\/pages\/30479","targetHints":{"allow":["GET"]}}],"collection":[{"href":"https:\/\/camp-kovacine.com\/nl\/wp-json\/wp\/v2\/pages"}],"about":[{"href":"https:\/\/camp-kovacine.com\/nl\/wp-json\/wp\/v2\/types\/page"}],"author":[{"embeddable":true,"href":"https:\/\/camp-kovacine.com\/nl\/wp-json\/wp\/v2\/users\/1"}],"replies":[{"embeddable":true,"href":"https:\/\/camp-kovacine.com\/nl\/wp-json\/wp\/v2\/comments?post=30479"}],"version-history":[{"count":0,"href":"https:\/\/camp-kovacine.com\/nl\/wp-json\/wp\/v2\/pages\/30479\/revisions"}],"wp:attachment":[{"href":"https:\/\/camp-kovacine.com\/nl\/wp-json\/wp\/v2\/media?parent=30479"}],"curies":[{"name":"wp","href":"https:\/\/api.w.org\/{rel}","templated":true}]}}