{"id":19981,"date":"2021-05-30T10:05:31","date_gmt":"2021-05-30T10:05:31","guid":{"rendered":"https:\/\/kovacine.moonsafari.design\/opci-uvjeti-poslovanja\/"},"modified":"2025-06-09T14:48:29","modified_gmt":"2025-06-09T14:48:29","slug":"termini-e-condizioni-generali","status":"publish","type":"page","link":"https:\/\/camp-kovacine.com\/it\/termini-e-condizioni-generali\/","title":{"rendered":"Termini e condizioni generali"},"content":{"rendered":"<p>[et_pb_section fb_built=&#8221;1&#8243; admin_label=&#8221;Hero image&#8221; _builder_version=&#8221;4.16&#8243; _module_preset=&#8221;default&#8221; background_image=&#8221;https:\/\/camp-kovacine.com\/wp-content\/uploads\/2021\/07\/kamp-kovacine-global-header.jpg&#8221; background_position=&#8221;top_center&#8221; min_height=&#8221;400px&#8221; min_height_tablet=&#8221;400px&#8221; min_height_phone=&#8221;400px&#8221; min_height_last_edited=&#8221;on|phone&#8221; height_tablet=&#8221;&#8221; height_phone=&#8221;600px&#8221; height_last_edited=&#8221;on|phone&#8221; top_divider_color=&#8221;#e02b20&#8243; bottom_divider_style=&#8221;waves2&#8243; bottom_divider_color=&#8221;#f6f6f3&#8243; bottom_divider_style_tablet=&#8221;waves2&#8243; bottom_divider_style_phone=&#8221;wave2&#8243; bottom_divider_style_last_edited=&#8221;on|phone&#8221; collapsed=&#8221;on&#8221; global_colors_info=&#8221;{}&#8221;][\/et_pb_section][et_pb_section fb_built=&#8221;1&#8243; admin_label=&#8221;GDPR&#8221; _builder_version=&#8221;4.16&#8243; _module_preset=&#8221;default&#8221; background_color=&#8221;rgba(0,0,0,0)&#8221; custom_margin=&#8221;-200px||50px||false|false&#8221; custom_margin_tablet=&#8221;-200px||50px||false|false&#8221; custom_margin_phone=&#8221;-350px||50px||false|false&#8221; custom_margin_last_edited=&#8221;on|phone&#8221; custom_padding=&#8221;0px||0px||false|false&#8221; collapsed=&#8221;off&#8221; global_colors_info=&#8221;{}&#8221;][et_pb_row admin_label=&#8221;Naslov &#8221; _builder_version=&#8221;4.16&#8243; _module_preset=&#8221;default&#8221; width_tablet=&#8221;&#8221; width_phone=&#8221;90%&#8221; width_last_edited=&#8221;on|phone&#8221; custom_padding=&#8221;0px|4vw||4vw|false|false&#8221; collapsed=&#8221;on&#8221; global_colors_info=&#8221;{}&#8221;][et_pb_column type=&#8221;4_4&#8243; _builder_version=&#8221;4.16&#8243; _module_preset=&#8221;default&#8221; global_colors_info=&#8221;{}&#8221;][et_pb_text _builder_version=&#8221;4.16&#8243; _module_preset=&#8221;default&#8221; text_line_height=&#8221;1.5em&#8221; header_font=&#8221;|300|||||||&#8221; header_text_align=&#8221;left&#8221; header_text_color=&#8221;#f6f6f3&#8243; header_font_size=&#8221;3.5em&#8221; header_6_font=&#8221;|||on|||||&#8221; header_6_line_height=&#8221;2em&#8221; background_layout=&#8221;dark&#8221; custom_margin=&#8221;||||false|false&#8221; locked=&#8221;off&#8221; global_colors_info=&#8221;{}&#8221;]<\/p>\n<h1>Termini e condizioni generali<\/h1>\n<p>[\/et_pb_text][\/et_pb_column][\/et_pb_row][et_pb_row column_structure=&#8221;2_3,1_3&#8243; use_custom_gutter=&#8221;on&#8221; gutter_width=&#8221;1&#8243; custom_padding_last_edited=&#8221;on|phone&#8221; admin_label=&#8221;Opis&#8221; _builder_version=&#8221;4.16&#8243; _module_preset=&#8221;default&#8221; background_color=&#8221;#f6f6f3&#8243; z_index=&#8221;99&#8243; width_tablet=&#8221;&#8221; width_phone=&#8221;90%&#8221; width_last_edited=&#8221;on|phone&#8221; custom_margin=&#8221;||||false|false&#8221; custom_padding=&#8221;50px|50px|50px|50px|true|true&#8221; custom_padding_tablet=&#8221;50px|50px|50px|50px|true|true&#8221; custom_padding_phone=&#8221;25px|25px|25px|25px|true|true&#8221; box_shadow_style=&#8221;preset1&#8243; box_shadow_vertical=&#8221;-25px&#8221; box_shadow_spread=&#8221;-10px&#8221; collapsed=&#8221;off&#8221; global_colors_info=&#8221;{}&#8221;][et_pb_column type=&#8221;2_3&#8243; _builder_version=&#8221;4.16&#8243; _module_preset=&#8221;default&#8221; global_colors_info=&#8221;{}&#8221;][et_pb_text _builder_version=&#8221;4.27.4&#8243; _module_preset=&#8221;default&#8221; text_letter_spacing=&#8221;0.03em&#8221; hover_enabled=&#8221;0&#8243; global_colors_info=&#8221;{}&#8221; sticky_enabled=&#8221;0&#8243;]<\/p>\n<p>Le richieste e le prenotazioni si accettano tramite il nostro sito web (e-mail o modulo di contatto), per posta, fax o di persona alla reception dell\u2019hotel\/campeggio\/alloggio privato.<\/p>\n<p>&nbsp;<\/p>\n<ul>\n<li>L\u2019ospite garantir\u00e0 la prenotazione tramite carta di credito o versando un acconto pari a 200 \u20ac per casa mobile, 100 \u20ac per piazzola, 100 \u20ac per camera o un importo diverso secondo la specifica che ha concordato con il reparto vendite del campeggio KOVA\u010cINE.<\/li>\n<li>L\u2019importo dell\u2019acconto pu\u00f2 essere versato: ON-LINE tramite CARTA DI CREDITO o OFF-LINE tramite bonifico bancario nonch\u00e9 di persona alla reception del campeggio KOVA\u010cINE.<\/li>\n<li>Check-in al campeggio Kova\u010dine \u2013 entro le 24:00.<\/li>\n<li>Check-out dal campeggio Kova\u010dine \u2013 entro le 10:00.<\/li>\n<li>Costi aggiuntivi per check-out ritardati: verr\u00e0 addebitato 1 giorno di soggiorno aggiuntivo.<\/li>\n<li>I prezzi indicati nel listino si applicano ai soggiorni di qualsiasi durata (da 1 giorno in poi), ad eccezione dei soggiorni nelle case mobili per i quali, in caso di soggiorno di una o due sole notti, viene addebitato il costo aggiuntivo delle pulizie dell\u2019importo di 50 \u20ac.<\/li>\n<li>Bambini in campeggio: dai 5 ai 12 anni (11,99), mentre per i bambini dai 12 anni in su \u00e8 previsto il pagamento del prezzo pieno (come per gli adulti).<\/li>\n<li>Per i beb\u00e8 dai 0 ai 3 anni (2,99) \u00e8 possibile noleggiare la culla.<\/li>\n<li>Il conto finale \u00e8 da pagarsi alla reception del campeggio prima della partenza, mentre gli ospiti che hanno prenotato tramite agenzia devono saldare il conto al 100% in anticipo.<\/li>\n<li>I prezzi indicati sono informativi e il campeggio si riserva il diritto di modificarli.<\/li>\n<li>Le modifiche alla prenotazione sono possibili esclusivamente rivolgendosi per iscritto al Reparto vendite della societ\u00e0.<\/li>\n<li>Il campeggio si riserva il diritto di rifiutare una prenotazione nel caso in cui l\u2019ospite non versi l\u2019acconto, nel caso in cui abusi del sistema e nel caso in cui l\u2019ospite sia gi\u00e0 noto a tutti come inadempiente o problematico.<\/li>\n<li>Informativa sulle modalit\u00e0 di presentazione dei reclami ai sensi dell\u2019articolo 10 della Legge sulla tutela dei consumatori (G. U. croata NN 41\/14): informiamo il consumatore che pu\u00f2 presentare il proprio reclamo relativo alla qualit\u00e0 dei nostri servizi per iscritto a: Cresanka d.d., Varozina 25, 51557 Cres (Cherso) o all\u2019indirizzo e-mail: cresanka1@ri.t-com.hr o tramite fax allo: 051\/571-163. Riceverete una risposta relativa al vostro reclamo in forma scritta entro e non oltre 15 giorni dalla data di ricezione del reclamo.<\/li>\n<\/ul>\n<p>[\/et_pb_text][et_pb_text _builder_version=&#8221;4.17.3&#8243; _module_preset=&#8221;default&#8221; custom_margin=&#8221;50px||||false|false&#8221; global_colors_info=&#8221;{}&#8221;]<mark>PER MAGGIORI INFORMAZIONI:<\/mark><\/p>\n<p><strong>Reparto vendite:<\/strong><br \/>\ntel: <a href=\"tel:+38551573150\">+385 51 573 150<\/a><br \/>\n<a href=\"mailto:campkovacine@kovacine.com\" target=\"_blank\" rel=\"noopener\">campkovacine@kovacine.com<\/a>[\/et_pb_text][et_pb_text admin_label=&#8221;Text: Uvjeti otkaza rezervacije&#8221; _builder_version=&#8221;4.16&#8243; _module_preset=&#8221;default&#8221; text_letter_spacing=&#8221;0.03em&#8221; text_line_height=&#8221;2em&#8221; custom_margin=&#8221;50px||||false|false&#8221; global_colors_info=&#8221;{}&#8221;]<\/p>\n<h3>Condizioni di cancellazione della prenotazione<\/h3>\n<p>[\/et_pb_text][et_pb_text admin_label=&#8221;Text: Kamp Kova\u010dine &#8211; Parcele&#8221; _builder_version=&#8221;4.19.5&#8243; _module_preset=&#8221;default&#8221; text_letter_spacing=&#8221;0.03em&#8221; text_line_height=&#8221;2em&#8221; custom_margin=&#8221;50px||||false|false&#8221; global_colors_info=&#8221;{}&#8221;]<\/p>\n<h5><b>Campeggio Kova\u010dine \u2013 Piazzole<\/b><\/h5>\n<ul>\n<li>L\u2019ospite garantir\u00e0 la prenotazione pagando l\u2019acconto dell\u2019importo di 100 \u20ac per piazzola entro e non oltre 14 giorni da quando ha effettuato la prenotazione, ovvero al momento in cui avr\u00e0 effettuato la prenotazione on-line su questo sito web e al momento della prenotazione in loco. La prenotazione sar\u00e0 attiva fino alle ore 24:00 del giorno dell\u2019arrivo.<\/li>\n<li>In caso di cancellazione della prenotazione entro 14 giorni prima dell\u2019arrivo previsto verr\u00e0 trattenuto il 20% dell\u2019importo dell\u2019acconto.<\/li>\n<li>In caso di cancellazione della prenotazione entro un periodo inferiore ai 14 giorni precedenti l\u2019arrivo previsto verr\u00e0 trattenuto l\u2019importo totale dell\u2019acconto.<\/li>\n<li>In caso di mancato arrivo senza precedente cancellazione della prenotazione verr\u00e0 trattenuto l\u2019importo totale dell\u2019acconto.<\/li>\n<li>\u00c8 possibile modificare la prenotazione per l\u2019anno corrente senza l\u2019addebito dei costi di storno fino a 14 giorni prima dell\u2019arrivo previsto. Per le modifiche effettuate in un periodo inferiore ai 14 giorni prima dell\u2019arrivo previsto saranno addebitati i costi di storno secondo il regolamento interno.<\/li>\n<\/ul>\n<p>[\/et_pb_text][et_pb_text admin_label=&#8221;Text: Kamp Kova\u010dine &#8211; Mobilne ku\u0107ice &#038; sobe Tamaris&#8221; _builder_version=&#8221;4.23.1&#8243; _module_preset=&#8221;default&#8221; text_letter_spacing=&#8221;0.03em&#8221; text_line_height=&#8221;2em&#8221; custom_margin=&#8221;50px||||false|false&#8221; global_colors_info=&#8221;{}&#8221;]<\/p>\n<h5><b>Campeggio Kova\u010dine \u2013 Case mobili e camere Tamaris<\/b><\/h5>\n<ul>\n<li>L\u2019ospite garantir\u00e0 la prenotazione pagando l\u2019acconto dell\u2019importo di 200 \u20ac per unit\u00e0 d\u2019alloggio entro e non oltre 14 giorni prima dell\u2019arrivo o tramite carta di credito per le prenotazioni on-line effettuate su questo sito web, e la prenotazione rimarr\u00e0 attiva fino alle ore 24:00 del giorno dell\u2019arrivo previsto.<\/li>\n<li>La prenotazione \u00e8 cancellabile gratuitamente fino a 14 giorni prima dell\u2019arrivo.<\/li>\n<li>In caso di cancellazione della prenotazione entro un periodo inferiore ai 14 giorni precedenti l\u2019arrivo previsto verr\u00e0 trattenuto l\u2019importo totale dell\u2019acconto.<\/li>\n<li>In caso di mancato arrivo senza precedente cancellazione della prenotazione verr\u00e0 trattenuto l\u2019importo totale dell\u2019acconto.<\/li>\n<li>\u00c8 possibile modificare la prenotazione per l\u2019anno corrente senza l\u2019addebito dei costi di storno fino a 14 giorni prima dell\u2019arrivo previsto. Per le modifiche effettuate in un periodo inferiore ai 14 giorni prima dell\u2019arrivo previsto saranno addebitati i costi di storno secondo il regolamento interno.<\/li>\n<\/ul>\n<p>[\/et_pb_text][et_pb_text _builder_version=&#8221;4.16&#8243; _module_preset=&#8221;default&#8221; text_font=&#8221;|700|||||||&#8221; text_letter_spacing=&#8221;0.03em&#8221; text_line_height=&#8221;2em&#8221; custom_margin=&#8221;50px||||false|false&#8221; global_colors_info=&#8221;{}&#8221;]<mark>NOTA BENE:<\/mark><\/p>\n<p>Al momento della restituzione dell\u2019acconto\/pagamento sul vostro conto, la vostra banca tratterr\u00e0 dall\u2019importo versato i costi bancari, i quali sono a vostro carico.[\/et_pb_text][\/et_pb_column][et_pb_column type=&#8221;1_3&#8243; _builder_version=&#8221;4.16&#8243; _module_preset=&#8221;default&#8221; global_colors_info=&#8221;{}&#8221;][\/et_pb_column][\/et_pb_row][\/et_pb_section]<\/p>\n","protected":false},"excerpt":{"rendered":"<p>Termini e condizioni generaliLe richieste e le prenotazioni si accettano tramite il nostro sito web (e-mail o modulo di contatto), per posta, fax o di persona alla reception dell\u2019hotel\/campeggio\/alloggio privato. &nbsp; L\u2019ospite garantir\u00e0 la prenotazione tramite carta di credito o versando un acconto pari a 200 \u20ac per casa mobile, 100 \u20ac per piazzola, 100 [&hellip;]<\/p>\n","protected":false},"author":1,"featured_media":0,"parent":0,"menu_order":0,"comment_status":"closed","ping_status":"closed","template":"","meta":{"_et_pb_use_builder":"on","_et_pb_old_content":"","_et_gb_content_width":"","footnotes":""},"class_list":["post-19981","page","type-page","status-publish","hentry"],"_links":{"self":[{"href":"https:\/\/camp-kovacine.com\/it\/wp-json\/wp\/v2\/pages\/19981","targetHints":{"allow":["GET"]}}],"collection":[{"href":"https:\/\/camp-kovacine.com\/it\/wp-json\/wp\/v2\/pages"}],"about":[{"href":"https:\/\/camp-kovacine.com\/it\/wp-json\/wp\/v2\/types\/page"}],"author":[{"embeddable":true,"href":"https:\/\/camp-kovacine.com\/it\/wp-json\/wp\/v2\/users\/1"}],"replies":[{"embeddable":true,"href":"https:\/\/camp-kovacine.com\/it\/wp-json\/wp\/v2\/comments?post=19981"}],"version-history":[{"count":0,"href":"https:\/\/camp-kovacine.com\/it\/wp-json\/wp\/v2\/pages\/19981\/revisions"}],"wp:attachment":[{"href":"https:\/\/camp-kovacine.com\/it\/wp-json\/wp\/v2\/media?parent=19981"}],"curies":[{"name":"wp","href":"https:\/\/api.w.org\/{rel}","templated":true}]}}