{"id":19957,"date":"2021-06-11T08:58:14","date_gmt":"2021-06-11T08:58:14","guid":{"rendered":"https:\/\/kovacine.moonsafari.design\/9995-2\/"},"modified":"2025-10-06T09:02:10","modified_gmt":"2025-10-06T09:02:10","slug":"regolamento-interno","status":"publish","type":"page","link":"https:\/\/camp-kovacine.com\/it\/regolamento-interno\/","title":{"rendered":"Regolamento interno"},"content":{"rendered":"<p>[et_pb_section fb_built=&#8221;1&#8243; admin_label=&#8221;Hero image&#8221; _builder_version=&#8221;4.16&#8243; _module_preset=&#8221;default&#8221; background_image=&#8221;https:\/\/camp-kovacine.com\/wp-content\/uploads\/2021\/07\/kamp-kovacine-global-header.jpg&#8221; background_position=&#8221;top_center&#8221; min_height=&#8221;400px&#8221; min_height_tablet=&#8221;400px&#8221; min_height_phone=&#8221;400px&#8221; min_height_last_edited=&#8221;on|phone&#8221; height_tablet=&#8221;&#8221; height_phone=&#8221;600px&#8221; height_last_edited=&#8221;on|phone&#8221; top_divider_color=&#8221;#e02b20&#8243; bottom_divider_style=&#8221;waves2&#8243; bottom_divider_color=&#8221;#f6f6f3&#8243; bottom_divider_style_tablet=&#8221;waves2&#8243; bottom_divider_style_phone=&#8221;wave2&#8243; bottom_divider_style_last_edited=&#8221;on|phone&#8221; locked=&#8221;off&#8221; collapsed=&#8221;on&#8221; global_colors_info=&#8221;{}&#8221;][\/et_pb_section][et_pb_section fb_built=&#8221;1&#8243; admin_label=&#8221;GDPR&#8221; _builder_version=&#8221;4.16&#8243; _module_preset=&#8221;default&#8221; background_color=&#8221;rgba(0,0,0,0)&#8221; custom_margin=&#8221;-200px||50px||false|false&#8221; custom_margin_tablet=&#8221;-200px||50px||false|false&#8221; custom_margin_phone=&#8221;-350px||50px||false|false&#8221; custom_margin_last_edited=&#8221;on|phone&#8221; custom_padding=&#8221;0px||0px||false|false&#8221; locked=&#8221;off&#8221; collapsed=&#8221;off&#8221; global_colors_info=&#8221;{}&#8221;][et_pb_row admin_label=&#8221;Naslov &#8221; _builder_version=&#8221;4.16&#8243; _module_preset=&#8221;default&#8221; width_tablet=&#8221;&#8221; width_phone=&#8221;90%&#8221; width_last_edited=&#8221;on|phone&#8221; custom_padding=&#8221;0px|4vw||4vw|false|false&#8221; collapsed=&#8221;on&#8221; global_colors_info=&#8221;{}&#8221;][et_pb_column type=&#8221;4_4&#8243; _builder_version=&#8221;4.16&#8243; _module_preset=&#8221;default&#8221; global_colors_info=&#8221;{}&#8221;][et_pb_text _builder_version=&#8221;4.16&#8243; _module_preset=&#8221;default&#8221; text_line_height=&#8221;1.5em&#8221; header_font=&#8221;|300|||||||&#8221; header_text_align=&#8221;left&#8221; header_text_color=&#8221;#f6f6f3&#8243; header_font_size=&#8221;3.5em&#8221; header_6_font=&#8221;|||on|||||&#8221; header_6_line_height=&#8221;2em&#8221; background_layout=&#8221;dark&#8221; custom_margin=&#8221;||||false|false&#8221; locked=&#8221;off&#8221; global_colors_info=&#8221;{}&#8221;]<\/p>\n<h1>Regolamento interno<\/h1>\n<p>[\/et_pb_text][\/et_pb_column][\/et_pb_row][et_pb_row column_structure=&#8221;2_3,1_3&#8243; use_custom_gutter=&#8221;on&#8221; gutter_width=&#8221;1&#8243; custom_padding_last_edited=&#8221;on|phone&#8221; admin_label=&#8221;Opis&#8221; _builder_version=&#8221;4.16&#8243; _module_preset=&#8221;default&#8221; background_color=&#8221;#f6f6f3&#8243; z_index=&#8221;99&#8243; width_tablet=&#8221;&#8221; width_phone=&#8221;90%&#8221; width_last_edited=&#8221;on|phone&#8221; custom_margin=&#8221;||||false|false&#8221; custom_padding=&#8221;50px|50px|50px|50px|true|true&#8221; custom_padding_tablet=&#8221;50px|50px|50px|50px|true|true&#8221; custom_padding_phone=&#8221;25px|25px|25px|25px|true|true&#8221; box_shadow_style=&#8221;preset1&#8243; box_shadow_vertical=&#8221;-25px&#8221; box_shadow_spread=&#8221;-10px&#8221; collapsed=&#8221;off&#8221; global_colors_info=&#8221;{}&#8221;][et_pb_column type=&#8221;2_3&#8243; _builder_version=&#8221;4.16&#8243; _module_preset=&#8221;default&#8221; global_colors_info=&#8221;{}&#8221;][et_pb_text _builder_version=&#8221;4.27.4&#8243; _module_preset=&#8221;default&#8221; text_letter_spacing=&#8221;0.03em&#8221; hover_enabled=&#8221;0&#8243; global_colors_info=&#8221;{}&#8221; sticky_enabled=&#8221;0&#8243;]<\/p>\n<p>In qualit\u00e0 di ospite, durante il soggiorno nel campeggio Kova\u010dine siete tenuti a rispettare il seguente regolamento interno:<\/p>\n<ol>\n<li>All\u2019arrivo in campeggio ciascun ospite \u00e8 tenuto a effettuare la registrazione alla reception. Al momento del check-in l\u2019ospite si impegna a presentare i documenti d\u2019identit\u00e0 di tutte le persone che soggiorneranno in campeggio cos\u00ec come a fornire il numero di targa del veicolo con il quale acceder\u00e0 al campeggio. Al momento del check-in a ogni persona verr\u00e0 assegnato un braccialetto che l\u2019ospite \u00e8 tenuto a indossare per tutta la durata del soggiorno in campeggio. Il braccialetto vi verr\u00e0 messo il giorno dell\u2019arrivo e tolto il giorno della partenza con l\u2019aiuto del personale della reception. In caso di smarrimento o danneggiamento del braccialetto il costo dello stesso vi verr\u00e0 addebitato secondo il listino prezzi in vigore.    <\/li>\n<li>Il giorno dell\u2019arrivo l\u2019ospite pu\u00f2 accedere alla casa mobile o alla camera \u201cTamaris\u201d dalle ore 17:00 in poi e alla piazzola del campeggio dalle 14:00 in poi.<\/li>\n<li>Il numero di controllo ricevuto alla reception deve essere esposto in un luogo ben visibile del camper\/della tenda per facilitare le procedure di controllo.<\/li>\n<li>Gli ospiti non registrati saranno tenuti a pagare il costo di un soggiorno di almeno tre giorni, in base al listino prezzi del campeggio.<\/li>\n<li>La scelta del posto per campeggiare \u00e8 a discrezione degli ospiti, ad eccezione delle piazzole per le quali \u00e8 gi\u00e0 stata effettuata e confermata la prenotazione. La direzione del campeggio si riserva il diritto di intervenire e far spostare gli ospiti. <\/li>\n<li>Il trasferimento degli ospiti su un\u2019altra piazzola \u00e8 consentito esclusivamente con il consenso della reception. Il primo trasferimento effettuato su richiesta dell\u2019ospite non sar\u00e0 addebitato. Ogni trasferimento successivo sar\u00e0 addebitato in base al listino prezzi in vigore.  <\/li>\n<li>Nella zona FKK \u00e8 consentito il soggiorno ai soli ospiti nudisti (naturisti).<\/li>\n<li>L\u2019uso dei campi sportivi, fitness e dei parchi giochi all\u2019interno del campeggio avviene a proprio rischio e pericolo.<\/li>\n<li>Gli ormeggi del campeggio possono essere usati esclusivamente in conformit\u00e0 alle \u201cCondizioni di utilizzo degli ancoraggi e degli ormeggi del campeggio Kova\u010dine\u201d.<\/li>\n<li>La piscina pu\u00f2 essere utilizzata esclusivamente in conformit\u00e0 al \u201cRegolamento interno della piscina\u201d.<\/li>\n<li>Nel campeggio \u00e8 consentito tenere i rimorchi esclusivamente nella zona appositamente recintata e contrassegnata e dietro il pagamento del costo indicato nel listino prezzi del campeggio. Non \u00e8 consentito parcheggiare il rimorchio sulla propria piazzola o sulla piazzola degli altri all\u2019interno del campeggio, ai bordi delle strade, nelle aree non numerate n\u00e9 sui parcheggi del campeggio. Nel caso in cui il rimorchio venga ritrovato in un luogo non autorizzato del campeggio, il personale del campeggio provveder\u00e0 a spostarlo nel luogo a ci\u00f2 adibito. Il campeggio non si assume alcuna responsabilit\u00e0 per eventuali danni che potrebbero verificarsi al rimorchio durante il trasporto. Il costo della rimozione del rimorchio sar\u00e0 addebitato in base al listino prezzi del campeggio.    <\/li>\n<li>I cani possono fare il bagno in mare solo sulla spiaggia designata o nelle aree dei servizi igienici a ci\u00f2 adibite. \u00c8 consentito soggiornare in campeggio con un massimo di tre animali domestici per unit\u00e0 abitativa. <\/li>\n<li>L\u2019orario di silenzio notturno in campeggio va dalle ore 24 alle 6, mentre quello pomeridiano dalle ore 14 alle 17. Durante le ore di silenzio notturno e pomeridiano non \u00e8 consentito fare rumore, cantare o simili. Durante le feste organizzate al campeggio l\u2019orario di silenzio verr\u00e0 ridotto in base alle necessit\u00e0.  <\/li>\n<li>Le fatture sono da regolarsi il giorno della partenza o prima.<\/li>\n<li>Il giorno della partenza, gli ospiti che hanno alloggiato sulle piazzole sono tenuti a regolare le fatture entro e non oltre le ore 11:00 e lasciare il campeggio entro e non oltre le ore 12:00. Gli ospiti che hanno alloggiato nelle case mobili e nelle camere \u201cTamaris\u201d sono tenuti a regolare le fatture e lasciare l\u2019unit\u00e0 di alloggio entro e non oltre le ore 10:00. Chi si tratterr\u00e0 nelle unit\u00e0 di alloggio oltre gli orari indicati sar\u00e0 tenuto al pagamento di un giorno aggiuntivo. Gli ospiti sono tenuti a lasciare pulito lo spazio in cui hanno soggiornato.   <\/li>\n<li>Nel caso in cui l\u2019ospite che abbia prenotato il soggiorno sulle piazzole dovesse partire in anticipo o arrivare con un ritardo massimo di 14 giorni dalla data di arrivo prevista sar\u00e0 tenuto a pagare i seguenti costi di storno (i prezzi sono espressi in euro):<br \/>\n<table id=\"kucni-red\" style=\"border-collapse: collapse; border-style: 1px solid; border-color: #000000; background-color: #f6f6f3;\" border=\"1\">\n<tbody>\n<tr>\n<td style=\"width: 50%; text-align: center;\"><strong>Costi di storno per arrivo ritardato o partenza anticipata \u2013 per l\u2019alloggio sulle piazzole <\/strong><\/td>\n<td style=\"width: 50%; text-align: center;\"><strong>1 Luglio \u2013 15 Settembre <\/strong><\/td>\n<\/tr>\n<tr>\n<td style=\"width: 50%; text-align: center;\">per due giorni<\/td>\n<td style=\"width: 50%; text-align: center;\">35.00<\/td>\n<\/tr>\n<tr>\n<td style=\"width: 50%; text-align: center;\">per tre giorni<\/td>\n<td style=\"width: 50%; text-align: center;\">70.00<\/td>\n<\/tr>\n<tr>\n<td style=\"width: 50%; text-align: center;\">per quattro giorni<\/td>\n<td style=\"width: 50%; text-align: center;\">105.00<\/td>\n<\/tr>\n<tr>\n<td>per cinque o pi\u00f9 giorni<\/td>\n<td style=\"width: 50%; text-align: center;\">140.00<\/td>\n<\/tr>\n<tr>\n<td> <\/td>\n<td style=\"text-transform: uppercase; font-size: 0.6em; color: #00931d; text-align: center;\">I prezzi indicati sono in euro.<\/td>\n<\/tr>\n<\/tbody>\n<\/table>\n<p>Le modifiche alle prenotazioni gi\u00e0 confermate per i soggiorni sulle piazzole entro 14 giorni dalla data di arrivo prevista sono possibili esclusivamente per iscritto. Dopo aver ricevuto la conferma scritta di avvenuta modifica della prenotazione da parte del campeggio o dal Reparto vendite saranno addebitati dei costi aggiuntivi (in base al numero di giorni per i quali \u00e8 stata richiesta la modifica) in modo da permettere al campeggio di garantire la fornitura indisturbata dei propri servizi. Una volta decorse 24 ore dalla data di arrivo confermata, il campeggio si riserva il diritto di offrire la piazzola, la casa mobile o la camera ad altre persone interessate, a meno che non sia stata esplicitamente (per iscritto) annunciata e confermata la modifica della prenotazione precedente. L\u2019ospite che non abbia annunciato il proprio ritardo non ha il diritto di richiedere il rimborso n\u00e9 l\u2019unit\u00e0 di alloggio precedentemente confermata. In caso di arrivo in ritardo o di partenza anticipata per i soggiorni nelle case mobili o nelle camere \u201cTamaris\u201d sar\u00e0 addebitato l\u2019intero importo del soggiorno confermato nella prenotazione.    <\/p>\n<\/li>\n<li>Nel caso in cui sulla piazzola prenotata con un determinato nominativo dovessero alternarsi altri ospiti, tratteremo ogni modifica quale nuova prenotazione e in conformit\u00e0 di ci\u00f2 addebiteremo i relativi costi. I suddetti costi non saranno addebitati ai parenti stretti (genitori, coniugi, bambini). <\/li>\n<li>Durante il vostro soggiorno siete tenuti a comunicare alla reception ogni modifica relativa all\u2019utilizzo dei servizi.<\/li>\n<li>Al momento della partenza l\u2019ospite \u00e8 tenuto a restituire alla reception tutto quanto preso in prestito. In caso contrario sar\u00e0 tenuto al risarcimento del danno secondo il listino prezzi in vigore. <\/li>\n<li>La cassaforte per gli oggetti preziosi si trova alla reception. Il campeggio non si assume alcuna responsabilit\u00e0 in caso di eventuale sparizione degli oggetti preziosi. La direzione del campeggio non \u00e8 responsabile della perdita o del furto di oggetti n\u00e9 di eventuali danni alle persone e al loro patrimonio che non siano direttamente imputabili (in maniera comprovata) a negligenza del personale del campeggio, n\u00e9 di eventuali danni causati da condizioni meteorologiche avverse o da circostanze al di fuori del nostro controllo.  <\/li>\n<li>\u00c8 obbligatorio maneggiare, usare e conservare tutti i dispositivi del campeggio con la massima cura.<\/li>\n<li>In caso di eventuali guasti agli impianti e per richiedere altri servizi di assistenza (sostituzione della bombola del gas, mancanza di corrente e sim.) \u00e8 necessario contattare la reception o chiamare lo: +385 (0)51 571 423. +385 (0)51 571 423.<\/li>\n<li>Al fine di preservare l\u2019ecosistema del nostro campeggio \u00e8 severamente vietato:\n<ul>\n<li>danneggiare gli alberi o le piante<\/li>\n<li>piantare chiodi negli alberi<\/li>\n<li>posizionare antenne paraboliche sugli alberi o sulle piante<\/li>\n<li>appendere funi metalliche o di plastica sopra o intorno agli alberi o alle piante<\/li>\n<li>estrarre le piante o simili.<\/li>\n<\/ul>\n<\/li>\n<li>Usate l\u2019acqua e l\u2019energia elettrica in maniera ecologica e razionale.<\/li>\n<li>Al fine di preservare l\u2019ambiente depositate i rifiuti negli appositi contenitori.<\/li>\n<li>Nel campeggio non \u00e8 consentito:\n<ul>\n<li>costruire recinzioni o realizzare altri lavori che modificherebbero l\u2019aspetto originale delle piazzole<\/li>\n<li>circolare con i veicoli all\u2019interno del campeggio durante il periodo di silenzio notturno<\/li>\n<li>accendere fuochi all\u2019aperto, tranne nelle aree a ci\u00f2 adibite<\/li>\n<li>lavare le automobili o le barche in campeggio e sulle spiagge, tranne nelle aree a ci\u00f2 adibite<\/li>\n<li>disturbare gli altri ospiti facendo rumore<\/li>\n<li>ancorare le imbarcazioni sulla spiaggia, andare in barca e in motoscafo nelle vicinanze della spiaggia<\/li>\n<li>tenere i cani senza guinzaglio<\/li>\n<li>fare il bagno nella zona degli ormeggi.<\/li>\n<\/ul>\n<\/li>\n<li>Per gli spostamenti all\u2019interno del campeggio gli ospiti sono tenuti a usare i sentieri segnalati e a ci\u00f2 adibiti, evitando scorciatoie varie e di saltare i muretti, le recinzioni e simili.<\/li>\n<li>Le visite sono consentite senza veicoli ed esclusivamente previa regolare registrazione all\u2019entrata\/alla reception e a pagamento in base al listino prezzi in vigore.<\/li>\n<\/ol>\n<p>L\u2019informativa sulle modalit\u00e0 di presentazione dei reclami degli ospiti (consumatori) \u00e8 disponibile alla reception. La direzione del campeggio si riserva il diritto di allontanare chiunque disturbi l\u2019armonia e la sicurezza del campeggio e non rispetti il presente regolamento interno. <\/p>\n<p>[\/et_pb_text][et_pb_text _builder_version=&#8221;4.16&#8243; _module_preset=&#8221;default&#8221; custom_margin=&#8221;50px||||false|false&#8221; hover_enabled=&#8221;0&#8243; global_colors_info=&#8221;{}&#8221; sticky_enabled=&#8221;0&#8243;]<\/p>\n<p><mark>La direzione del campeggio<\/mark><\/p>\n<p>Numero di telefono della reception: <a href=\"tel:+38551571423\">+385 51 571 423<\/a><br \/>Numero di telefono del reparto vendite: <a href=\"tel:+38551573150\">+385 51 573 150<\/a><br \/>Fax: +385 51 571 086<br \/><a href=\"mailto:campkovacine@kovacine.com\" target=\"_blank\" rel=\"noopener\">campkovacine@kovacine.com<\/a><\/p>\n<p>[\/et_pb_text][\/et_pb_column][et_pb_column type=&#8221;1_3&#8243; _builder_version=&#8221;4.16&#8243; _module_preset=&#8221;default&#8221; global_colors_info=&#8221;{}&#8221;][\/et_pb_column][\/et_pb_row][\/et_pb_section]<\/p>\n","protected":false},"excerpt":{"rendered":"<p>Regolamento internoIn qualit\u00e0 di ospite, durante il soggiorno nel campeggio Kova\u010dine siete tenuti a rispettare il seguente regolamento interno: All\u2019arrivo in campeggio ciascun ospite \u00e8 tenuto a effettuare la registrazione alla reception. Al momento del check-in l\u2019ospite si impegna a presentare i documenti d\u2019identit\u00e0 di tutte le persone che soggiorneranno in campeggio cos\u00ec come a [&hellip;]<\/p>\n","protected":false},"author":1,"featured_media":0,"parent":0,"menu_order":0,"comment_status":"closed","ping_status":"closed","template":"","meta":{"_et_pb_use_builder":"on","_et_pb_old_content":"","_et_gb_content_width":"","footnotes":""},"class_list":["post-19957","page","type-page","status-publish","hentry"],"_links":{"self":[{"href":"https:\/\/camp-kovacine.com\/it\/wp-json\/wp\/v2\/pages\/19957","targetHints":{"allow":["GET"]}}],"collection":[{"href":"https:\/\/camp-kovacine.com\/it\/wp-json\/wp\/v2\/pages"}],"about":[{"href":"https:\/\/camp-kovacine.com\/it\/wp-json\/wp\/v2\/types\/page"}],"author":[{"embeddable":true,"href":"https:\/\/camp-kovacine.com\/it\/wp-json\/wp\/v2\/users\/1"}],"replies":[{"embeddable":true,"href":"https:\/\/camp-kovacine.com\/it\/wp-json\/wp\/v2\/comments?post=19957"}],"version-history":[{"count":0,"href":"https:\/\/camp-kovacine.com\/it\/wp-json\/wp\/v2\/pages\/19957\/revisions"}],"wp:attachment":[{"href":"https:\/\/camp-kovacine.com\/it\/wp-json\/wp\/v2\/media?parent=19957"}],"curies":[{"name":"wp","href":"https:\/\/api.w.org\/{rel}","templated":true}]}}