{"id":18721,"date":"2022-02-22T01:38:28","date_gmt":"2022-02-22T01:38:28","guid":{"rendered":"https:\/\/kovacine.moonsafari.design\/?page_id=18721"},"modified":"2025-06-09T14:46:31","modified_gmt":"2025-06-09T14:46:31","slug":"general-terms-and-conditions","status":"publish","type":"page","link":"https:\/\/camp-kovacine.com\/en\/general-terms-and-conditions\/","title":{"rendered":"General Terms and Conditions"},"content":{"rendered":"<p>[et_pb_section fb_built=&#8221;1&#8243; admin_label=&#8221;Hero image&#8221; _builder_version=&#8221;4.16&#8243; _module_preset=&#8221;default&#8221; background_image=&#8221;https:\/\/camp-kovacine.com\/wp-content\/uploads\/2021\/07\/kamp-kovacine-global-header.jpg&#8221; background_position=&#8221;top_center&#8221; min_height=&#8221;400px&#8221; min_height_tablet=&#8221;400px&#8221; min_height_phone=&#8221;400px&#8221; min_height_last_edited=&#8221;on|phone&#8221; height_tablet=&#8221;&#8221; height_phone=&#8221;600px&#8221; height_last_edited=&#8221;on|phone&#8221; top_divider_color=&#8221;#e02b20&#8243; bottom_divider_style=&#8221;waves2&#8243; bottom_divider_color=&#8221;#f6f6f3&#8243; bottom_divider_style_tablet=&#8221;waves2&#8243; bottom_divider_style_phone=&#8221;wave2&#8243; bottom_divider_style_last_edited=&#8221;on|phone&#8221; collapsed=&#8221;on&#8221; global_colors_info=&#8221;{}&#8221;][\/et_pb_section][et_pb_section fb_built=&#8221;1&#8243; admin_label=&#8221;GDPR&#8221; _builder_version=&#8221;4.16&#8243; _module_preset=&#8221;default&#8221; background_color=&#8221;rgba(0,0,0,0)&#8221; custom_margin=&#8221;-200px||50px||false|false&#8221; custom_margin_tablet=&#8221;-200px||50px||false|false&#8221; custom_margin_phone=&#8221;-350px||50px||false|false&#8221; custom_margin_last_edited=&#8221;on|phone&#8221; custom_padding=&#8221;0px||0px||false|false&#8221; collapsed=&#8221;off&#8221; global_colors_info=&#8221;{}&#8221;][et_pb_row admin_label=&#8221;Naslov &#8221; _builder_version=&#8221;4.16&#8243; _module_preset=&#8221;default&#8221; width_tablet=&#8221;&#8221; width_phone=&#8221;90%&#8221; width_last_edited=&#8221;on|phone&#8221; custom_padding=&#8221;0px|4vw||4vw|false|false&#8221; collapsed=&#8221;on&#8221; global_colors_info=&#8221;{}&#8221;][et_pb_column type=&#8221;4_4&#8243; _builder_version=&#8221;4.16&#8243; _module_preset=&#8221;default&#8221; global_colors_info=&#8221;{}&#8221;][et_pb_text _builder_version=&#8221;4.16&#8243; _module_preset=&#8221;default&#8221; text_line_height=&#8221;1.5em&#8221; header_font=&#8221;|300|||||||&#8221; header_text_align=&#8221;left&#8221; header_text_color=&#8221;#f6f6f3&#8243; header_font_size=&#8221;3.5em&#8221; header_6_font=&#8221;|||on|||||&#8221; header_6_line_height=&#8221;2em&#8221; background_layout=&#8221;dark&#8221; custom_margin=&#8221;||||false|false&#8221; locked=&#8221;off&#8221; global_colors_info=&#8221;{}&#8221;]<\/p>\n<h1>General Terms and Conditions<\/h1>\n<p>[\/et_pb_text][\/et_pb_column][\/et_pb_row][et_pb_row column_structure=&#8221;2_3,1_3&#8243; use_custom_gutter=&#8221;on&#8221; gutter_width=&#8221;1&#8243; custom_padding_last_edited=&#8221;on|phone&#8221; admin_label=&#8221;Opis&#8221; _builder_version=&#8221;4.16&#8243; _module_preset=&#8221;default&#8221; background_color=&#8221;#f6f6f3&#8243; z_index=&#8221;99&#8243; width_tablet=&#8221;&#8221; width_phone=&#8221;90%&#8221; width_last_edited=&#8221;on|phone&#8221; custom_margin=&#8221;||||false|false&#8221; custom_padding=&#8221;50px|50px|50px|50px|true|true&#8221; custom_padding_tablet=&#8221;50px|50px|50px|50px|true|true&#8221; custom_padding_phone=&#8221;25px|25px|25px|25px|true|true&#8221; box_shadow_style=&#8221;preset1&#8243; box_shadow_vertical=&#8221;-25px&#8221; box_shadow_spread=&#8221;-10px&#8221; collapsed=&#8221;off&#8221; global_colors_info=&#8221;{}&#8221;][et_pb_column type=&#8221;2_3&#8243; _builder_version=&#8221;4.16&#8243; _module_preset=&#8221;default&#8221; global_colors_info=&#8221;{}&#8221;][et_pb_text _builder_version=&#8221;4.27.4&#8243; _module_preset=&#8221;default&#8221; text_letter_spacing=&#8221;0.03em&#8221; hover_enabled=&#8221;0&#8243; global_colors_info=&#8221;{}&#8221; sticky_enabled=&#8221;0&#8243;]<\/p>\n<p>Inquiries and bookings are made via our website (email or contact form), mail, fax or in person at the camp\u2019s reception desk.<\/p>\n<p>&nbsp;<\/p>\n<ul>\n<li>The guest guarantees his booking by credit card or advance payment in the amount of 200 \u20ac per mobile home, 100 \u20ac per pitch, 100 \u20ac per room or the amount agreed on with the Kova\u010dine Camp sales department.<\/li>\n<li>Advance payment can be made: ONLINE\/BY CREDIT CARD or OFFLINE by bank transfer, and in person at KOVA\u010cINE Camp\u2019s reception desk.<\/li>\n<li>Kova\u010dine Camp check-in \u2013 by 12:00 a.m. (midnight)<\/li>\n<li>Kova\u010dine Camp check-out \u2013 by 10:00 a.m.<\/li>\n<li>Additional charges for late check-outs: 1 extra day of stay will be charged.<\/li>\n<li>The listed prices are valid for any length of stay (starting from 1 overnight stay), except for stays in mobile caravans for which there is an additional charge for cleaning in the amount of 50.00 \u20ac in case of stays of only one or two nights.<\/li>\n<li>Children in the camp: 5\u201312 (11.99) years of age, and full price for children over 12 years of age (price for adults).<\/li>\n<li>It is possible to rent a cot for babies 0\u20133 (2.99) years of age.<\/li>\n<li>The final amount is paid at the camp\u2019s reception desk before departure, whereas agency guests pay the full final amount in advance.<\/li>\n<li>The prices are provided for information purposes only, and the camp reserves the right to change them.<\/li>\n<li>Changes in bookings are only possible in written form by the company\u2019s Sales Sector.<\/li>\n<li>The camp reserves the right to reject a booking should the guest fail to make the advance payment, misuse the system, or if the guest is known to be a non-payer or problematic.<\/li>\n<li>Information on filing complaints<br \/>Pursuant to Article 10 of the Consumer Protection Act (OG 41\/14): we inform the consumer that complaints about the quality of our services may be submitted in written form at: Cresanka d.d., Varozina 25, 51557 Cres or email address: cresanka1@ri.t-com.hr or fax number: 051\/571-163. You will receive a written response to your complaint within 15 days of receipt of the complaint.<\/li>\n<\/ul>\n<p>[\/et_pb_text][et_pb_text _builder_version=&#8221;4.17.3&#8243; _module_preset=&#8221;default&#8221; custom_margin=&#8221;50px||||false|false&#8221; global_colors_info=&#8221;{}&#8221;]<mark>ADDITIONAL INFORMATION:<\/mark><\/p>\n<p><strong>SALES DEPARTMENT<\/strong><br \/>\ntel: <a href=\"tel:+38551573150\">+385 51 573 150<\/a><br \/>\n<a href=\"mailto:campkovacine@kovacine.com\" target=\"_blank\" rel=\"noopener\">campkovacine@kovacine.com<\/a>[\/et_pb_text][et_pb_text admin_label=&#8221;Text: Uvjeti otkaza rezervacije&#8221; _builder_version=&#8221;4.19.5&#8243; _module_preset=&#8221;default&#8221; text_letter_spacing=&#8221;0.03em&#8221; text_line_height=&#8221;2em&#8221; custom_margin=&#8221;50px||||false|false&#8221; global_colors_info=&#8221;{}&#8221;]<\/p>\n<h3>Booking Cancellation Policy<\/h3>\n<p>[\/et_pb_text][et_pb_text admin_label=&#8221;Text: Kamp Kova\u010dine &#8211; Parcele&#8221; _builder_version=&#8221;4.19.5&#8243; _module_preset=&#8221;default&#8221; text_letter_spacing=&#8221;0.03em&#8221; text_line_height=&#8221;2em&#8221; custom_margin=&#8221;50px||||false|false&#8221; global_colors_info=&#8221;{}&#8221;]<\/p>\n<h5><strong>Kova\u010dine Camp \u2013 Pitches<\/strong><\/h5>\n<ul>\n<li>The guest guarantees his booking by advance payment in the amount of 100 \u20ac per pitch within 14 days of making the booking, i.e. the moment of booking for online bookings via this website and bookings made in person.<\/li>\n<li>The booking will be held until 12:00 a.m. (midnight) on the arrival day.<\/li>\n<li>Cancellations made up to 14 days prior to arrival are charged 20% of the advance payment.<\/li>\n<li>Cancellations made less than 14 days prior to arrival are charged the full amount of the advance payment.<\/li>\n<li>No-shows without prior cancellation are charged the full amount of the advance payment.<\/li>\n<li>Changes to the reservation without cancellation costs are possible for the current year up to 14 days before arrival. Fees for changes made less than 14 days prior to arrival are charged according to the House Rules.<\/li>\n<\/ul>\n<p>[\/et_pb_text][et_pb_text admin_label=&#8221;Text: Kamp Kova\u010dine &#8211; Mobilne ku\u0107ice &#038; sobe Tamaris&#8221; _builder_version=&#8221;4.23.1&#8243; _module_preset=&#8221;default&#8221; text_letter_spacing=&#8221;0.03em&#8221; text_line_height=&#8221;2em&#8221; custom_margin=&#8221;50px||||false|false&#8221; global_colors_info=&#8221;{}&#8221;]<\/p>\n<h5><strong>Kova\u010dine Camp \u2013 Mobile Homes &amp; Tamaris rooms<\/strong><\/h5>\n<ul>\n<li>The guest guarantees his booking by advance payment in the amount of 200 \u20ac per accommodation unit up to 14 days prior to arrival or by credit card for online bookings via this website, and the booking will be held until 12:00 a.m. (midnight) on the arrival day.<\/li>\n<li>Free cancellations of bookings are possible up to 14 days prior to arrival.<\/li>\n<li>Cancellations made less than 14 days prior to arrival are charged the full amount of the advance payment.<\/li>\n<li>No-shows without prior cancellation are charged the full amount of the advance payment.<\/li>\n<li>Changes to the reservation without cancellation costs are possible for the current year up to 14 days before arrival. Fees for changes made less than 14 days prior to arrival are charged according to the House Rules.<\/li>\n<\/ul>\n<p>[\/et_pb_text][et_pb_text _builder_version=&#8221;4.19.5&#8243; _module_preset=&#8221;default&#8221; text_font=&#8221;|700|||||||&#8221; text_letter_spacing=&#8221;0.03em&#8221; text_line_height=&#8221;2em&#8221; custom_margin=&#8221;50px||||false|false&#8221; global_colors_info=&#8221;{}&#8221;]<\/p>\n<p><mark>NOTE:<\/mark><\/p>\n<p>The guest is liable for bank charges on the paid amount for refunds of advance payments\/payments to his account.<\/p>\n<p>[\/et_pb_text][\/et_pb_column][et_pb_column type=&#8221;1_3&#8243; _builder_version=&#8221;4.16&#8243; _module_preset=&#8221;default&#8221; global_colors_info=&#8221;{}&#8221;][\/et_pb_column][\/et_pb_row][\/et_pb_section]<\/p>\n","protected":false},"excerpt":{"rendered":"<p>General Terms and ConditionsInquiries and bookings are made via our website (email or contact form), mail, fax or in person at the camp\u2019s reception desk. &nbsp; The guest guarantees his booking by credit card or advance payment in the amount of 200 \u20ac per mobile home, 100 \u20ac per pitch, 100 \u20ac per room or [&hellip;]<\/p>\n","protected":false},"author":1,"featured_media":0,"parent":0,"menu_order":0,"comment_status":"closed","ping_status":"closed","template":"","meta":{"_et_pb_use_builder":"on","_et_pb_old_content":"<p>[et_pb_section fb_built=\"1\" admin_label=\"Hero image\" _builder_version=\"4.14.8\" _module_preset=\"default\" background_image=\"https:\/\/camp-kovacine.com\/wp-content\/uploads\/2021\/07\/kamp-kovacine-global-header.jpg\" background_position=\"top_center\" min_height=\"400px\" top_divider_color=\"#e02b20\" bottom_divider_style=\"waves2\" bottom_divider_color=\"#f6f6f3\" hover_enabled=\"0\" collapsed=\"on\" global_colors_info=\"{}\" bottom_divider_style_last_edited=\"on|phone\" bottom_divider_style_phone=\"wave2\" min_height_last_edited=\"on|phone\" height_last_edited=\"on|phone\" height_phone=\"600px\" sticky_enabled=\"0\" bottom_divider_style_tablet=\"waves2\" min_height_tablet=\"400px\" min_height_phone=\"400px\"][\/et_pb_section][et_pb_section fb_built=\"1\" admin_label=\"GDPR\" _builder_version=\"4.14.8\" _module_preset=\"default\" background_color=\"rgba(0,0,0,0)\" custom_margin=\"-200px||50px||false|false\" custom_padding=\"0px||0px||false|false\" hover_enabled=\"0\" collapsed=\"off\" global_colors_info=\"{}\" custom_margin_last_edited=\"on|phone\" custom_margin_phone=\"-350px||50px||false|false\" sticky_enabled=\"0\" custom_margin_tablet=\"-200px||50px||false|false\"][et_pb_row admin_label=\"Naslov \" _builder_version=\"4.14.8\" _module_preset=\"default\" custom_padding=\"0px|4vw||4vw|false|false\" hover_enabled=\"0\" collapsed=\"off\" global_colors_info=\"{}\" width_last_edited=\"on|phone\" width_phone=\"90%\" sticky_enabled=\"0\"][et_pb_column type=\"4_4\" _builder_version=\"4.7.7\" _module_preset=\"default\" global_colors_info=\"{}\"][et_pb_text _builder_version=\"4.9.4\" _module_preset=\"default\" text_line_height=\"1.5em\" header_font=\"|300|||||||\" header_text_align=\"left\" header_text_color=\"#f6f6f3\" header_font_size=\"3.5em\" header_6_font=\"|||on|||||\" header_6_line_height=\"2em\" background_layout=\"dark\" custom_margin=\"||||false|false\" locked=\"off\" global_colors_info=\"{}\"]<\/p><h1>Op\u0107i uvjeti poslovanja<\/h1><p>[\/et_pb_text][\/et_pb_column][\/et_pb_row][et_pb_row column_structure=\"2_3,1_3\" use_custom_gutter=\"on\" gutter_width=\"1\" admin_label=\"Opis\" _builder_version=\"4.14.8\" _module_preset=\"default\" background_color=\"#f6f6f3\" z_index=\"99\" custom_margin=\"||||false|false\" custom_padding=\"50px|50px|50px|50px|true|true\" hover_enabled=\"0\" box_shadow_style=\"preset1\" box_shadow_vertical=\"-25px\" box_shadow_spread=\"-10px\" collapsed=\"off\" global_colors_info=\"{}\" width_last_edited=\"on|phone\" width_phone=\"90%\" custom_padding_last_edited=\"on|phone\" custom_padding_phone=\"25px|25px|25px|25px|true|true\" sticky_enabled=\"0\" custom_padding_tablet=\"50px|50px|50px|50px|true|true\"][et_pb_column type=\"2_3\" _builder_version=\"4.9.4\" _module_preset=\"default\" global_colors_info=\"{}\"][et_pb_text _builder_version=\"4.10.5\" _module_preset=\"default\" text_letter_spacing=\"0.03em\" global_colors_info=\"{}\"]<\/p><p>Upiti i rezervacije prihva\u0107aju se putem na\u0161ih web stranica (e-mail ili kontakt obrazac), po\u0161tom, faxom ili osobno na recepciji kampa.<\/p><p>\u00a0<\/p><ul><li>Gost garantira rezervaciju kreditnom karticom ili uplatom akontacije u iznosu od 1.500,00 kn po mobilnoj ku\u0107ici, 750,00 kn po parceli, 750,00 kn po sobi ili iznos po specifikaciji kojeg je dogovorio sa prodajnim odjelom kampa KOVA\u010cINE.<\/li><li>Iznos akontacije je mogu\u0107e uplatiti: ONLINE\/ KREDITNIM KARTICAMA ili OFFLINE putem bankovne doznake, te osobno na recepciji kampa KOVA\u010cINE.<\/li><li>Prijava u kamp Kova\u010dine - do 24,00 sati<\/li><li>Odjava iz kampa Kova\u010dine - do 11.00 sati<\/li><li>Dodatni tro\u0161kovi za zaka\u0161njele odjave: napla\u0107uje se jo\u0161 1 dodatni dan boravka.<\/li><li>Navedene cijene u cjeniku va\u017ee za boravak u bilo kojem trajanju (od 1 dana pa na dalje), osim za boravak u mobilnim kamp-ku\u0107icama za koje se za boravak od samo jedne ili dvije no\u0107i dodatno pla\u0107a tro\u0161ak \u010di\u0161\u0107enja u iznosu od 40,00 Eura.<\/li><li>Djeca u kampu: od 5 do 12 godina (11,99) a za djecu od 12 godina se napla\u0107uje puna cijena (kao za odrasle).<\/li><li>Za bebe od 0 do 3 godina (2,99) mo\u017ee se unajmiti dje\u010dji kreveti\u0107.<\/li><li>Kona\u010dni obra\u010dun se podmiruje na recepciji kampa prije odlaska, a za agencijske goste obra\u010dun 100% unaprijed.<\/li><li>Navedene cijene su informativne a kamp si zadr\u017eava pravo promjene.<\/li><li>Izmjena rezervacija mogu\u0107a je samo u pisanom obliku Sektora prodaje tvrtke.<\/li><li>Kamp zadr\u017ea pravo odbiti rezervaciju u slu\u010daju da gost ne podmiri tro\u0161kove akontacije, u slu\u010daju da zlouporabi sustav i u slu\u010daju da je gost od prije svima poznat kao neplati\u0161a ili problemati\u010dan.<\/li><li>Obavijest o na\u010dinu podno\u0161enja prigovora<br \/>Sukladno \u010dlanku 10. Zakona o za\u0161titi potro\u0161a\u010da (NN 41\/14): obavje\u0161tavamo potro\u0161a\u010da da pritu\u017ebu na kvalitetu na\u0161ih usluga mo\u017ee dostaviti u pisanom obliku na: Cresanka d.d., Varozina 25, 51557 Cres ili na e-mail adresu: cresanka1@ri.t-com.hr ili na fax: 051\/571-163. Odgovor na Va\u0161 prigovor dobit \u0107ete u pisanom obliku najkasnije 15 dana od dana primitka prigovora.<\/li><\/ul><p>[\/et_pb_text][et_pb_text _builder_version=\"4.9.10\" _module_preset=\"default\" custom_margin=\"50px||||false|false\" global_colors_info=\"{}\"]<mark>Dodatne informacije:<\/mark><\/p><p><strong>ODJEL PRODAJE<\/strong><br \/>tel: <a href=\"tel:+38551573150\">+385 51 573 150<\/a><br \/><a href=\"mailto:campkovacine@kovacine.com\" target=\"_blank\" rel=\"noopener\">campkovacine@kovacine.com<\/a>[\/et_pb_text][et_pb_text _builder_version=\"4.9.10\" _module_preset=\"default\" text_letter_spacing=\"0.03em\" text_line_height=\"2em\" custom_margin=\"50px||||false|false\" global_colors_info=\"{}\"]<\/p><h3>Uvjeti otkaza rezervacije<\/h3><p>[\/et_pb_text][et_pb_text _builder_version=\"4.9.10\" _module_preset=\"default\" text_letter_spacing=\"0.03em\" text_line_height=\"2em\" custom_margin=\"50px||||false|false\" global_colors_info=\"{}\"]<\/p><h5><b>Kamp Kova\u010dine - Parcele<\/b><\/h5><ul><li>Gost garantira rezervaciju uplatom akontacije u iznosu od 750,00 kn po parceli najkasnije 14 dana nakon nastanka rezervacije, odnosno u trenutku nastanka rezervacije za online rezervacije na ovom webu i rezervacije na licu mjesta. Rezervaciju dr\u017eimo do 24:00 sati na dan dolaska.<\/li><li>U slu\u010daju otkaza rezervacije do 14 dana prije dolaska napla\u0107uje se 20% iznosa akontacije.<\/li><li>U slu\u010daju nedolaska bez prethodnog otkaza rezervacije napla\u0107uje se ukupan iznos akontacije.<\/li><li>Izmjene na rezervaciji bez storno tro\u0161kova su mogu\u0107e do 14 dana prije dolaska. Za izmjene u razdoblju kra\u0107em od 14 dana prije dolaska napla\u0107uju se storno tro\u0161kovi prema ku\u0107nom redu.<\/li><\/ul><p>[\/et_pb_text][et_pb_text _builder_version=\"4.9.10\" _module_preset=\"default\" text_letter_spacing=\"0.03em\" text_line_height=\"2em\" custom_margin=\"50px||||false|false\" global_colors_info=\"{}\"]<\/p><h5><b> Kamp Kova\u010dine - Mobilne ku\u0107ice & sobe Tamaris <\/b><\/h5><ul><li>Gost garantira rezervaciju uplatom akontacije u iznosu od 1.500,00kn po smje\u0161tajnoj jedinici do najkasnije 14 dana prije dolaska gosta ili kreditnom karticom za online rezervacije na ovom webu, a rezervaciju dr\u017eimo do 24:00 sati na dan dolaska.<\/li><li>Rezervaciju je mogu\u0107e besplatno otkazati sve do 14 dana prije dolaska.<\/li><li>U slu\u010daju otkaza rezervacije u razdoblju kra\u0107em od 14 dana prije datuma dolaska, napla\u0107uje se cijeli iznos akontacije.<\/li><li>U slu\u010daju nedolaska bez prethodnog otkaza rezervacije napla\u0107uje se ukupan iznos akontacije.<\/li><li>Izmjene na rezervaciji bez storno tro\u0161kova su mogu\u0107e do 14 dana prije dolaska. Za izmjene u razdoblju kra\u0107em od 14 dana prije dolaska napla\u0107uju se storno tro\u0161kovi prema ku\u0107nom redu.<\/li><\/ul><p>[\/et_pb_text][et_pb_text _builder_version=\"4.9.4\" _module_preset=\"default\" text_font=\"|700|||||||\" text_letter_spacing=\"0.03em\" text_line_height=\"2em\" custom_margin=\"50px||||false|false\" global_colors_info=\"{}\"]<mark>Napomena:<\/mark><\/p><p>Prilikom povrata akontacije\/uplate na Va\u0161 ra\u010dun, Va\u0161a banka \u0107e od upla\u0107enog iznosa zadr\u017eati bankarske tro\u0161kove, koje snosite Vi.<\/p><p>[\/et_pb_text][\/et_pb_column][et_pb_column type=\"1_3\" _builder_version=\"4.9.4\" _module_preset=\"default\" global_colors_info=\"{}\"][\/et_pb_column][\/et_pb_row][\/et_pb_section]<\/p>","_et_gb_content_width":"","footnotes":""},"class_list":["post-18721","page","type-page","status-publish","hentry"],"_links":{"self":[{"href":"https:\/\/camp-kovacine.com\/en\/wp-json\/wp\/v2\/pages\/18721","targetHints":{"allow":["GET"]}}],"collection":[{"href":"https:\/\/camp-kovacine.com\/en\/wp-json\/wp\/v2\/pages"}],"about":[{"href":"https:\/\/camp-kovacine.com\/en\/wp-json\/wp\/v2\/types\/page"}],"author":[{"embeddable":true,"href":"https:\/\/camp-kovacine.com\/en\/wp-json\/wp\/v2\/users\/1"}],"replies":[{"embeddable":true,"href":"https:\/\/camp-kovacine.com\/en\/wp-json\/wp\/v2\/comments?post=18721"}],"version-history":[{"count":0,"href":"https:\/\/camp-kovacine.com\/en\/wp-json\/wp\/v2\/pages\/18721\/revisions"}],"wp:attachment":[{"href":"https:\/\/camp-kovacine.com\/en\/wp-json\/wp\/v2\/media?parent=18721"}],"curies":[{"name":"wp","href":"https:\/\/api.w.org\/{rel}","templated":true}]}}