{"id":18715,"date":"2022-02-22T01:30:54","date_gmt":"2022-02-22T01:30:54","guid":{"rendered":"https:\/\/kovacine.moonsafari.design\/?page_id=18715"},"modified":"2022-02-22T01:31:52","modified_gmt":"2022-02-22T01:31:52","slug":"our-mission","status":"publish","type":"page","link":"https:\/\/camp-kovacine.com\/en\/our-mission\/","title":{"rendered":"Our mission"},"content":{"rendered":"<p>[et_pb_section fb_built=&#8221;1&#8243; admin_label=&#8221;Hero image&#8221; _builder_version=&#8221;4.9.10&#8243; _module_preset=&#8221;default&#8221; background_image=&#8221;https:\/\/camp-kovacine.com\/wp-content\/uploads\/2021\/07\/kamp-kovacine-global-header.jpg&#8221; background_position=&#8221;top_center&#8221; min_height=&#8221;400px&#8221; top_divider_color=&#8221;#e02b20&#8243; bottom_divider_style=&#8221;waves2&#8243; bottom_divider_color=&#8221;#f6f6f3&#8243; locked=&#8221;off&#8221; collapsed=&#8221;on&#8221; global_colors_info=&#8221;{}&#8221;][\/et_pb_section][et_pb_section fb_built=&#8221;1&#8243; admin_label=&#8221;Na\u0161a misija&#8221; _builder_version=&#8221;4.9.4&#8243; _module_preset=&#8221;default&#8221; background_color=&#8221;rgba(0,0,0,0)&#8221; custom_margin=&#8221;-200px||50px||false|false&#8221; custom_padding=&#8221;0px||0px||false|false&#8221; locked=&#8221;off&#8221; collapsed=&#8221;off&#8221; global_colors_info=&#8221;{}&#8221;][et_pb_row admin_label=&#8221;Naslov &#8221; _builder_version=&#8221;4.9.4&#8243; _module_preset=&#8221;default&#8221; custom_padding=&#8221;0px|4vw||4vw|false|false&#8221; collapsed=&#8221;off&#8221; global_colors_info=&#8221;{}&#8221;][et_pb_column type=&#8221;4_4&#8243; _builder_version=&#8221;4.7.7&#8243; _module_preset=&#8221;default&#8221; global_colors_info=&#8221;{}&#8221;][et_pb_text _builder_version=&#8221;4.14.8&#8243; _module_preset=&#8221;default&#8221; text_line_height=&#8221;1.5em&#8221; header_font=&#8221;|300|||||||&#8221; header_text_align=&#8221;left&#8221; header_text_color=&#8221;#f6f6f3&#8243; header_font_size=&#8221;3.5em&#8221; header_6_font=&#8221;|||on|||||&#8221; header_6_line_height=&#8221;2em&#8221; background_layout=&#8221;dark&#8221; custom_margin=&#8221;||||false|false&#8221; locked=&#8221;off&#8221; global_colors_info=&#8221;{}&#8221;]<\/p>\n<h1>Our mission<\/h1>\n<p>[\/et_pb_text][\/et_pb_column][\/et_pb_row][et_pb_row column_structure=&#8221;2_3,1_3&#8243; use_custom_gutter=&#8221;on&#8221; gutter_width=&#8221;1&#8243; admin_label=&#8221;Opis&#8221; _builder_version=&#8221;4.9.4&#8243; _module_preset=&#8221;default&#8221; background_color=&#8221;#f6f6f3&#8243; z_index=&#8221;99&#8243; custom_margin=&#8221;||||false|false&#8221; custom_padding=&#8221;50px|50px|50px|50px|true|true&#8221; box_shadow_style=&#8221;preset1&#8243; box_shadow_vertical=&#8221;-25px&#8221; box_shadow_spread=&#8221;-10px&#8221; collapsed=&#8221;off&#8221; global_colors_info=&#8221;{}&#8221;][et_pb_column type=&#8221;2_3&#8243; _builder_version=&#8221;4.9.4&#8243; _module_preset=&#8221;default&#8221; global_colors_info=&#8221;{}&#8221;][et_pb_text _builder_version=&#8221;4.14.8&#8243; _module_preset=&#8221;default&#8221; text_font=&#8221;|300|||||||&#8221; text_font_size=&#8221;24px&#8221; text_letter_spacing=&#8221;0.03em&#8221; text_line_height=&#8221;1.4em&#8221; global_colors_info=&#8221;{}&#8221;]<\/p>\n<p>The philosophy of CRESANKA Group is based on a simple, yet powerful idea \u2013 to allow you to escape from everyday life to a healing natural environment and offer you an oasis of peace, health, well-being and an authentic experience. <\/p>\n<p>[\/et_pb_text][et_pb_text _builder_version=&#8221;4.14.8&#8243; _module_preset=&#8221;default&#8221; header_3_font=&#8221;||||||||&#8221; custom_margin=&#8221;50px||15px||false|false&#8221; global_colors_info=&#8221;{}&#8221;]<\/p>\n<h3>A NEW DIMENSION OF LIVING<\/h3>\n<p>[\/et_pb_text][et_pb_text _builder_version=&#8221;4.14.8&#8243; _module_preset=&#8221;default&#8221; text_letter_spacing=&#8221;0.03em&#8221; text_line_height=&#8221;2em&#8221; global_colors_info=&#8221;{}&#8221;]<\/p>\n<p>By activating your senses and immersing you into a natural and healthy environment, we offer you a relaxing, yet stimulating atmosphere \u2013 a perfect combination of comfort and an authentic experience of Cres. We are continuously working, learning and increasing our offer with the aim of becoming your eco-friendly oasis, where everything is directed at preserving natural resources, human health and well-being in order to activate all of your senses.<\/p>\n<p>Let our programmes help you rediscover the beauty of the surrounding nature as an inexhaustible source of creativity. Feel the relaxing steady movement of our flora and fauna. See the world around you with new eyes and add another dimension to your life by stimulating your senses with a stay in nature.<\/p>\n<p>[\/et_pb_text][et_pb_text _builder_version=&#8221;4.14.8&#8243; _module_preset=&#8221;default&#8221; header_3_font=&#8221;||||||||&#8221; custom_margin=&#8221;50px||15px||false|false&#8221; global_colors_info=&#8221;{}&#8221;]<\/p>\n<h3>OUR VALUES<\/h3>\n<p>[\/et_pb_text][et_pb_text _builder_version=&#8221;4.14.8&#8243; _module_preset=&#8221;default&#8221; text_letter_spacing=&#8221;0.03em&#8221; text_line_height=&#8221;2em&#8221; global_colors_info=&#8221;{}&#8221;]<\/p>\n<p><strong>Diversity<\/strong> \u2013 What makes us different? We strive for the highest quality focused on natural resources and to enrich your experience with authentic details.<\/p>\n<p><strong>Eagerness to learn<\/strong> \u2013 Our employees are dedicated to keep learning and staying informed, and obtaining the necessary certificates to ensure that each guest receives an educational, proactive and complete service. Our goal is to be recognised as a high-quality destination and a synonym for a natural, healthy, authentic and personalised experience offered to every guest.<\/p>\n<p><strong>Commitment<\/strong> \u2013 We are here because of you. Our philosophy includes promoting a constructive dialogue and applying a win-win approach. At CRESANKA D.D., every employee is at your service to fulfil the expressed and unexpressed needs and expectations of you as our guest, thereby ensuring genuine care, dedication and personalised expert advice.<br \/>We make sure that every face-to-face interaction is friendly, empathetic and personalised and that every CRESANKA D.D. employee listens even when not being addressed directly. Our customer-focused approach ensures that our guests do not simply use our services, but also help us upgrade them.<\/p>\n<p><strong>Passion<\/strong> \u2013 CRESANKA D.D. is an agile company that is ready to adjust to any point in time. Passion is the fuel that powers us to keep improving. We value determination, enthusiasm and a sense of urgency. We draw inspiration from believing in what we do and apply the approach that nothing is impossible.<\/p>\n<p><strong>Teamwork<\/strong> \u2013 CRESANKA D.D. is a place where teamwork and openness grace every human interaction. We want to build an environment based on thoughtfulness, tolerance, courtesy and enterprise. Our employees show gratitude, interest and respect. We support different opinions, views and interests. Instead of focusing on the bad sides, we find solutions, discuss ideas as a group, and act with determination and in unison.<\/p>\n<p>[\/et_pb_text][et_pb_text _builder_version=&#8221;4.14.8&#8243; _module_preset=&#8221;default&#8221; header_3_font=&#8221;||||||||&#8221; custom_margin=&#8221;50px||15px||false|false&#8221; global_colors_info=&#8221;{}&#8221;]<\/p>\n<h3>PERSONAL TOUCH FOR A UNIQUE EXPERIENCE<\/h3>\n<p>[\/et_pb_text][et_pb_text _builder_version=&#8221;4.14.8&#8243; _module_preset=&#8221;default&#8221; text_letter_spacing=&#8221;0.03em&#8221; text_line_height=&#8221;2em&#8221; global_colors_info=&#8221;{}&#8221;]<\/p>\n<p>The experience of our guests is based on employing the natural aspects of the location and the authenticity of the Cres cultural heritage in order to ensure a unique service and a recognisable style and design, while at the same time not compromising on the safety and comfort of each guest.<\/p>\n<p>We add a personal touch to everything we do, and our personalised approach ensures that every guest feels at ease, accepted, noticed and content. Our honest approach and care are aimed at making you feel at home because that is exactly what we are striving to achieve \u2013 to become your home and a community to which you will want to return time and time again. We are carefully listening to your suggestions, remarks and comments to personalise your stay with us as much as possible, exceed your expectations and make sure you return home with plenty of memorable experiences.<\/p>\n<p>Our team puts their hearts and souls into their work and actively listens to your expressed and unexpressed needs and wishes, making your life easier during and after your stay with us, surprises you and helps you surprise yourself.<\/p>\n<p>[\/et_pb_text][\/et_pb_column][et_pb_column type=&#8221;1_3&#8243; _builder_version=&#8221;4.9.4&#8243; _module_preset=&#8221;default&#8221; global_colors_info=&#8221;{}&#8221;][\/et_pb_column][\/et_pb_row][\/et_pb_section]<\/p>\n","protected":false},"excerpt":{"rendered":"<p>Our missionThe philosophy of CRESANKA Group is based on a simple, yet powerful idea \u2013 to allow you to escape from everyday life to a healing natural environment and offer you an oasis of peace, health, well-being and an authentic experience. A NEW DIMENSION OF LIVINGBy activating your senses and immersing you into a natural [&hellip;]<\/p>\n","protected":false},"author":1,"featured_media":0,"parent":0,"menu_order":0,"comment_status":"closed","ping_status":"closed","template":"","meta":{"_et_pb_use_builder":"on","_et_pb_old_content":"<p>[et_pb_section fb_built=\"1\" admin_label=\"Hero image\" _builder_version=\"4.9.10\" _module_preset=\"default\" background_image=\"https:\/\/camp-kovacine.com\/wp-content\/uploads\/2021\/07\/kamp-kovacine-global-header.jpg\" background_position=\"top_center\" min_height=\"400px\" top_divider_color=\"#e02b20\" bottom_divider_style=\"waves2\" bottom_divider_color=\"#f6f6f3\" hover_enabled=\"0\" locked=\"off\" collapsed=\"on\" title_text=\"kamp-kovacine-global-header\" sticky_enabled=\"0\"][\/et_pb_section][et_pb_section fb_built=\"1\" admin_label=\"Na\u0161a misija\" _builder_version=\"4.9.4\" _module_preset=\"default\" background_color=\"rgba(0,0,0,0)\" custom_margin=\"-200px||50px||false|false\" custom_padding=\"0px||0px||false|false\" locked=\"off\" collapsed=\"off\"][et_pb_row admin_label=\"Naslov \" _builder_version=\"4.9.4\" _module_preset=\"default\" custom_padding=\"0px|4vw||4vw|false|false\" collapsed=\"off\"][et_pb_column type=\"4_4\" _builder_version=\"4.7.7\" _module_preset=\"default\"][et_pb_text _builder_version=\"4.9.4\" _module_preset=\"default\" text_line_height=\"1.5em\" header_font=\"|300|||||||\" header_text_align=\"left\" header_text_color=\"#f6f6f3\" header_font_size=\"3.5em\" header_6_font=\"|||on|||||\" header_6_line_height=\"2em\" background_layout=\"dark\" custom_margin=\"||||false|false\" locked=\"off\"]<\/p><h1>Na\u0161a misija<\/h1><p>[\/et_pb_text][\/et_pb_column][\/et_pb_row][et_pb_row column_structure=\"2_3,1_3\" use_custom_gutter=\"on\" gutter_width=\"1\" admin_label=\"Opis\" _builder_version=\"4.9.4\" _module_preset=\"default\" background_color=\"#f6f6f3\" z_index=\"99\" custom_margin=\"||||false|false\" custom_padding=\"50px|50px|50px|50px|true|true\" box_shadow_style=\"preset1\" box_shadow_vertical=\"-25px\" box_shadow_spread=\"-10px\" collapsed=\"off\"][et_pb_column type=\"2_3\" _builder_version=\"4.9.4\" _module_preset=\"default\"][et_pb_text _builder_version=\"4.9.4\" _module_preset=\"default\" text_font=\"|300|||||||\" text_font_size=\"24px\" text_letter_spacing=\"0.03em\" text_line_height=\"1.4em\"]Filozofija grupacije CRESANKA po\u010diva na jednostavnoj ali mo\u0107noj ideji \u2013 omogu\u0107iti Vam bijeg od svakodnevice u prirodu koja oporavlja te postati Va\u0161a oaza mira, zdravlja, dobrog osje\u0107aja i autohtonog iskustva. [\/et_pb_text][et_pb_text _builder_version=\"4.9.4\" _module_preset=\"default\" header_3_font=\"||||||||\" custom_margin=\"50px||15px||false|false\"]<\/p><h3>Nova dimenzija \u017eivljenja<\/h3><p>[\/et_pb_text][et_pb_text _builder_version=\"4.9.4\" _module_preset=\"default\" text_letter_spacing=\"0.03em\" text_line_height=\"2em\"]<\/p><p>Aktivacijom svih osjetila i uranjanjem u prirodnu i zdravu okolinu, pru\u017eamo Vam opu\u0161taju\u0107u i stimuliraju\u0107u atmosferu \u2013 savr\u0161en spoj ugode i autohtonog creskog izri\u010daja. Stalnim radom, u\u010denjem i nadopunjavanjem usluga stremimo prema tome da postanemo Va\u0161a eco-friendly oaza u kojoj je sve podre\u0111eno o\u010duvanju prirodnih resursa, \u010dovjekovog zdravlja i dobrog osje\u0107aja u cilju aktivacije svih ljudskih osjetila.<\/p><p>Dopustite da Vam kroz svoje programe ponovno otkrijemo ljepote nepresu\u0161nog vrela kreativnosti prirode koja nas okru\u017euje. Osjetite opu\u0161tenu predvidivost gibanja na\u0161e flore i faune. Pogledajte ono \u0161to Vas okru\u017euje novim o\u010dima i dodajte novu dimenziju svom \u017eivljenju stimuliranjem svojih osjetila kroz boravak u prirodi.<\/p><p>[\/et_pb_text][et_pb_text _builder_version=\"4.9.4\" _module_preset=\"default\" header_3_font=\"||||||||\" custom_margin=\"50px||15px||false|false\"]<\/p><h3>Na\u0161e vrijednosti<\/h3><p>[\/et_pb_text][et_pb_text _builder_version=\"4.9.4\" _module_preset=\"default\" text_letter_spacing=\"0.03em\" text_line_height=\"2em\"]<\/p><p><strong>Razli\u010ditost<\/strong> - \u0160to nas \u010dini druga\u010dijima? Svoj rad baziramo na vrhunskoj kvaliteti temeljenoj na prirodnim resursima i integriranosti autohtonih detalja u Va\u0161 do\u017eivljaj.<\/p><p><strong>\u017delja za u\u010denjem<\/strong> - Na\u0161i zaposlenici kontinuirano i predano nadopunjuju svoja znanja i informiranost, certificiraju se te na taj na\u010din osiguravaju edukativnu, proaktivnu i cjelovitu uslugu gostu. \u017delimo biti prepoznati kao visoko kvalitetna, referentna destinacija za prirodan, zdrav, autohton i personaliziran do\u017eivljaj gosta.<\/p><p><strong>Posve\u0107enost<\/strong> - Tu smo zbog Vas. Na\u0161a filozofija uklju\u010duje promoviranje konstruktivnog dijaloga i win-win pristupa. Svatko je u CRESANKA D.D. uvijek na raspolaganju za izra\u017eene i neizra\u017eene potrebe i o\u010dekivanja Vas \u2013 na\u0161eg gosta - osiguravaju\u0107i autenti\u010dnu brigu, predanost i prilago\u0111en stru\u010dan savjet.<\/p><p>Toplina, empatija i osobni dodir krase svaku ljudsku interakciju i svaki zaposlenik CRESANKA D.D. slu\u0161a i onda kada mu se nitko ne obra\u0107a. Na\u0161 proces okrenut gostu osigurava da na\u0161i gosti ne koriste isklju\u010divo na\u0161e usluge. Oni nam poma\u017eu da ih nadogradimo.<\/p><p><strong>Strast<\/strong> - CRESANKA D.D. je agilna tvrtka koja je spremna prilagoditi se specifi\u010dnom trenutku. Strast je gorivo koje nas poti\u010de biti bolji. Cijenimo odlu\u010dnost, entuzijazam i osje\u0107aj urgentnosti. Inspirirani smo jer vjerujemo u ono \u0161to radimo i posjedujemo stav da je sve mogu\u0107e.<\/p><p><strong>Timski rad<\/strong> - CRESANKA D.D. je mjesto gdje su timski rad i iskren odnos prisutni u svakoj ljudskoj interakciji. \u017delimo kreirati okolinu koja je obzirna, tolerantna, uslu\u017ena i poduzetna. Na\u0161i djelatnici iskazuju zahvalnost, interes i po\u0161tovanje. Podupiremo razli\u010ditost ideja, stavova i interesa. Umjesto fokusiranja na ono \u0161to je bilo lo\u0161e, mi nalazimo rje\u0161enja, prikupljamo kolektivnu pamet, te odlu\u010dno i sinergijski djelujemo.<\/p><p>[\/et_pb_text][et_pb_text _builder_version=\"4.9.4\" _module_preset=\"default\" header_3_font=\"||||||||\" custom_margin=\"50px||15px||false|false\"]<\/p><h3>Osoban dodir za sasvim posebno iskustvo<\/h3><p>[\/et_pb_text][et_pb_text _builder_version=\"4.9.4\" _module_preset=\"default\" text_letter_spacing=\"0.03em\" text_line_height=\"2em\"]<\/p><p>Iskustvo na\u0161ih gostiju poc\u030civa na koris\u030ctenju prirodnih osnova same lokacije, autohtonosti creske kulturne ba\u0161tine, a sve kako bi se osigurala jedinstvena usluga, uz prepoznatljiv stil, dizajn uz neupitnu sigurnost i udobnost gosta.<\/p><p>U sve \u0161to \u010dinimo unosimo osoban dodir, a na\u0161 osoban pristup svakom gostu \u010dini da se osje\u0107a ugodno, prihva\u0107eno, prepoznato i ispunjeno. Svojom iskreno\u0161\u0107u i bri\u017eno\u0161\u0107u trudimo se evocirati kod Vas osje\u0107aj doma jer to je na\u0161a svrha - postati Va\u0161 dom i zajednica kojoj \u0107ete se uvijek iznova rado vra\u0107ati. Pomno oslu\u0161kujemo Va\u0161e sugestije, primjedbe i zapa\u017eanja kako bismo Va\u0161e iskustvo boravka kod nas u\u010dinili \u010dim personaliziranijim, kako bismo nadma\u0161ili Va\u0161a o\u010dekivanja i pobrinuli se da se ku\u0107i vratite s paletom trenutaka za pam\u0107enje.<\/p><p>Na\u0161 tim daje bez rezerve i od srca, aktivno oslu\u0161kuje Va\u0161e izra\u017eene i neizra\u017eene potrebe i \u017eelje, pojednostavljuje Va\u0161 \u017eivot za vrijeme Va\u0161ega boravka kod nas i nakon te Vas iznena\u0111uje i poma\u017ee Vam da iznenadite sami sebe.<\/p><p>[\/et_pb_text][\/et_pb_column][et_pb_column type=\"1_3\" _builder_version=\"4.9.4\" _module_preset=\"default\"][\/et_pb_column][\/et_pb_row][\/et_pb_section]<\/p>","_et_gb_content_width":"","footnotes":""},"class_list":["post-18715","page","type-page","status-publish","hentry"],"_links":{"self":[{"href":"https:\/\/camp-kovacine.com\/en\/wp-json\/wp\/v2\/pages\/18715","targetHints":{"allow":["GET"]}}],"collection":[{"href":"https:\/\/camp-kovacine.com\/en\/wp-json\/wp\/v2\/pages"}],"about":[{"href":"https:\/\/camp-kovacine.com\/en\/wp-json\/wp\/v2\/types\/page"}],"author":[{"embeddable":true,"href":"https:\/\/camp-kovacine.com\/en\/wp-json\/wp\/v2\/users\/1"}],"replies":[{"embeddable":true,"href":"https:\/\/camp-kovacine.com\/en\/wp-json\/wp\/v2\/comments?post=18715"}],"version-history":[{"count":0,"href":"https:\/\/camp-kovacine.com\/en\/wp-json\/wp\/v2\/pages\/18715\/revisions"}],"wp:attachment":[{"href":"https:\/\/camp-kovacine.com\/en\/wp-json\/wp\/v2\/media?parent=18715"}],"curies":[{"name":"wp","href":"https:\/\/api.w.org\/{rel}","templated":true}]}}