{"id":18711,"date":"2022-02-22T01:27:44","date_gmt":"2022-02-22T01:27:44","guid":{"rendered":"https:\/\/kovacine.moonsafari.design\/?page_id=18711"},"modified":"2025-10-06T09:29:06","modified_gmt":"2025-10-06T09:29:06","slug":"house-rules","status":"publish","type":"page","link":"https:\/\/camp-kovacine.com\/en\/house-rules\/","title":{"rendered":"House rules"},"content":{"rendered":"<p>[et_pb_section fb_built=&#8221;1&#8243; admin_label=&#8221;Hero image&#8221; _builder_version=&#8221;4.16&#8243; _module_preset=&#8221;default&#8221; background_image=&#8221;https:\/\/camp-kovacine.com\/wp-content\/uploads\/2021\/07\/kamp-kovacine-global-header.jpg&#8221; background_position=&#8221;top_center&#8221; min_height=&#8221;400px&#8221; min_height_tablet=&#8221;400px&#8221; min_height_phone=&#8221;400px&#8221; min_height_last_edited=&#8221;on|phone&#8221; height_tablet=&#8221;&#8221; height_phone=&#8221;600px&#8221; height_last_edited=&#8221;on|phone&#8221; top_divider_color=&#8221;#e02b20&#8243; bottom_divider_style=&#8221;waves2&#8243; bottom_divider_color=&#8221;#f6f6f3&#8243; bottom_divider_style_tablet=&#8221;waves2&#8243; bottom_divider_style_phone=&#8221;wave2&#8243; bottom_divider_style_last_edited=&#8221;on|phone&#8221; locked=&#8221;off&#8221; collapsed=&#8221;on&#8221; global_colors_info=&#8221;{}&#8221;][\/et_pb_section][et_pb_section fb_built=&#8221;1&#8243; admin_label=&#8221;GDPR&#8221; _builder_version=&#8221;4.16&#8243; _module_preset=&#8221;default&#8221; background_color=&#8221;rgba(0,0,0,0)&#8221; custom_margin=&#8221;-200px||50px||false|false&#8221; custom_margin_tablet=&#8221;-200px||50px||false|false&#8221; custom_margin_phone=&#8221;-350px||50px||false|false&#8221; custom_margin_last_edited=&#8221;on|phone&#8221; custom_padding=&#8221;0px||0px||false|false&#8221; locked=&#8221;off&#8221; collapsed=&#8221;off&#8221; global_colors_info=&#8221;{}&#8221;][et_pb_row admin_label=&#8221;Naslov &#8221; _builder_version=&#8221;4.16&#8243; _module_preset=&#8221;default&#8221; width_tablet=&#8221;&#8221; width_phone=&#8221;90%&#8221; width_last_edited=&#8221;on|phone&#8221; custom_padding=&#8221;0px|4vw||4vw|false|false&#8221; collapsed=&#8221;on&#8221; global_colors_info=&#8221;{}&#8221;][et_pb_column type=&#8221;4_4&#8243; _builder_version=&#8221;4.16&#8243; _module_preset=&#8221;default&#8221; global_colors_info=&#8221;{}&#8221;][et_pb_text _builder_version=&#8221;4.16&#8243; _module_preset=&#8221;default&#8221; text_line_height=&#8221;1.5em&#8221; header_font=&#8221;|300|||||||&#8221; header_text_align=&#8221;left&#8221; header_text_color=&#8221;#f6f6f3&#8243; header_font_size=&#8221;3.5em&#8221; header_6_font=&#8221;|||on|||||&#8221; header_6_line_height=&#8221;2em&#8221; background_layout=&#8221;dark&#8221; custom_margin=&#8221;||||false|false&#8221; locked=&#8221;off&#8221; global_colors_info=&#8221;{}&#8221;]<\/p>\n<h1>House rules<\/h1>\n<p>[\/et_pb_text][\/et_pb_column][\/et_pb_row][et_pb_row column_structure=&#8221;2_3,1_3&#8243; use_custom_gutter=&#8221;on&#8221; gutter_width=&#8221;1&#8243; custom_padding_last_edited=&#8221;on|phone&#8221; admin_label=&#8221;Opis&#8221; _builder_version=&#8221;4.16&#8243; _module_preset=&#8221;default&#8221; background_color=&#8221;#f6f6f3&#8243; z_index=&#8221;99&#8243; width_tablet=&#8221;&#8221; width_phone=&#8221;90%&#8221; width_last_edited=&#8221;on|phone&#8221; custom_margin=&#8221;||||false|false&#8221; custom_padding=&#8221;50px|50px|50px|50px|true|true&#8221; custom_padding_tablet=&#8221;50px|50px|50px|50px|true|true&#8221; custom_padding_phone=&#8221;25px|25px|25px|25px|true|true&#8221; box_shadow_style=&#8221;preset1&#8243; box_shadow_vertical=&#8221;-25px&#8221; box_shadow_spread=&#8221;-10px&#8221; collapsed=&#8221;off&#8221; global_colors_info=&#8221;{}&#8221;][et_pb_column type=&#8221;2_3&#8243; _builder_version=&#8221;4.16&#8243; _module_preset=&#8221;default&#8221; global_colors_info=&#8221;{}&#8221;][et_pb_text _builder_version=&#8221;4.27.4&#8243; _module_preset=&#8221;default&#8221; text_letter_spacing=&#8221;0.03em&#8221; hover_enabled=&#8221;0&#8243; global_colors_info=&#8221;{}&#8221; sticky_enabled=&#8221;0&#8243;]<\/p>\n<p>During your stay as a guest at Kova\u010dine Camp, you are obligated to comply with the following rules:<\/p>\n<ol>\n<li>On arrival to the camp, every guest is obligated to check in at the reception desk. At check-in, the guest undertakes to present the identity documents of all persons who will be staying at the camp, as well as vehicle registration for entry into the camp. All guests shall be presented with a wristband which they are obligated to wear throughout their stay at the camp. The reception desk personnel will help you put on your wristband on the day of arrival and take it off on the day of departure. Loss of or damage to the wristband will be charged according to the valid price list.    <\/li>\n<li>On arrival, the guest may enter the mobile home or \u201cTamaris\u201d room from 5:00 p.m. on, and the pitch from 2:00 p.m.<\/li>\n<li>The control number provided at the reception desk shall be prominently displayed on the campervan\/tent for control purposes.<\/li>\n<li>Guests who have not checked in are obligated to pay the price of at least a three-day stay, in accordance with the camp\u2019s price list.<\/li>\n<li>Guests are free to choose their desired spot within the camp, with the exception of pitches booked and confirmed in advance. The management of the camp reserves the right to intervene and relocate guests. <\/li>\n<li>Relocation of guests to another pitch is allowed only with the approval of the reception desk. First relocation at the request of the guest is free of charge. Any additional relocation is charged in accordance with the valid price list.  <\/li>\n<li>Only nudists (naturists) are allowed to stay in the naturist part of the camp.<\/li>\n<li>Children\u2019s playgrounds, sports grounds and fitness within the camp are used at one\u2019s own risk.<\/li>\n<li>The berths in the camp may be used strictly according to the \u201cTerms of Use of Anchorages and Berths at Kova\u010dine Camp\u201d.<\/li>\n<li>The pool may be used strictly in accordance with the \u201cPool House Rules\u201d.<\/li>\n<li>Trailers may only be kept in the specially enclosed and marked part of the camp and are charged according to the camp\u2019s price list. It is not permitted to keep trailers on your own pitch or someone else\u2019s pitch within the camp, on the side of the road, in unmaintained areas or the camp parking lot. Trailers parked in a prohibited location within the camp will be transported to their designated proper location by the camp staff. The camp assumes no responsibility for any damage caused to the trailer during transport. Transport of trailers shall be charged according to the camp price list.    <\/li>\n<li>Dogs are allowed to swim only in the dog-friendly part of the beach, and be washed only in the designated area of the sanitary facilities. A maximum of three pets are allowed per accommodation unit. <\/li>\n<li>Night rest at the camp is from 12:00 a.m. (midnight) to 6:00 a.m., and afternoon rest is from 2:00 p.m. to 5:00 p.m. It is not allowed to make noise, sing, etc. during night and afternoon rest. If necessary, the times may be shortened in case of organised parties in the camp.  <\/li>\n<li>Payments are made on the day of departure or earlier.<\/li>\n<li>Guests staying on pitches shall make their payments by 11:00 a.m. on the day of departure and leave the camp by noon. Guests staying in mobile homes and \u201cTamaris\u201d rooms shall make their payments and leave the camp by 10:00 a.m. The guests will otherwise be charged an extra day of stay. Guests are obligated to leave their accommodation in clean condition.   <\/li>\n<li>Guests with booked stays on pitches shall be charged as follows for early departures and late arrivals announced within 14 days prior to arrival (prices are quoted in EUR):<br \/>\n<table id=\"kucni-red\" style=\"border-collapse: collapse; border-style: 1px solid; border-color: #000000; background-color: #f6f6f3;\" border=\"1\">\n<tbody>\n<tr>\n<td style=\"width: 50%; text-align: center;\"><strong>Fees for late arrivals or early departures \u2013 for pitch accommodation <\/strong><\/td>\n<td style=\"width: 50%; text-align: center;\"><strong>1 July \u2013 15 September <\/strong><\/td>\n<\/tr>\n<tr>\n<td style=\"width: 50%; text-align: center;\">for two days<\/td>\n<td style=\"width: 50%; text-align: center;\">35.00<\/td>\n<\/tr>\n<tr>\n<td style=\"width: 50%; text-align: center;\">for three days<\/td>\n<td style=\"width: 50%; text-align: center;\">70.00<\/td>\n<\/tr>\n<tr>\n<td style=\"width: 50%; text-align: center;\">for four days<\/td>\n<td style=\"width: 50%; text-align: center;\">105.00<\/td>\n<\/tr>\n<tr>\n<td>for five or more days<\/td>\n<td style=\"width: 50%; text-align: center;\">140.00<\/td>\n<\/tr>\n<tr>\n<td> <\/td>\n<td style=\"text-transform: uppercase; font-size: 0.6em; color: #00931d; text-align: center;\">The prices are quoted in EUR.<\/td>\n<\/tr>\n<\/tbody>\n<\/table>\n<p>Changes of already confirmed bookings for stays on pitches within 14 days prior to arrival are possible only in written form. After the camp or the Sales Sector confirms the change in booking in writing, additional costs shall be charged (depending on the number of days changed) to ensure the camp operations run smoothly. The camp reserves the right to offer pitches, mobile homes or rooms to other interested customers after 24 hours of the confirmed date of arrival, unless the change in booking was expressly (in writing) announced and confirmed. Guests who fail to announce a late arrival shall not be entitled to compensation nor accommodation that was previously confirmed. Late arrivals or early departures by guests staying in mobile homes or \u201cTamaris\u201d rooms shall be charged the full amount of stay confirmed in the booking.    <\/p>\n<\/li>\n<li>In case guests other than those stated in the booking are staying on the pitch we shall treat each change as a new booking and charge the related costs accordingly. The mentioned costs do not relate to members of the immediate family (parents, spouses, children). <\/li>\n<li>You are obligated to notify the reception desk of any changes in the use of services during your stay.<\/li>\n<li>Upon departure, guests shall return to the reception desk everything entrusted to them. Otherwise they shall pay compensation in accordance with the valid price list. <\/li>\n<li>The safe is located at the reception desk. The camp assumes no responsibility for any loss of valuables. The management of the camp is not responsible for lost or stolen items or damage to persons or their property not directly (proven to be) connected to the negligence of camp staff nor damage caused by severe weather conditions or circumstances beyond our control.  <\/li>\n<li>Guests are obligated to handle, use and store all devices pertaining to the camp with care.<\/li>\n<li>Any installation failures and other services (gas bottle refills, power cuts, etc.) shall be reported to the reception desk or by telephone at +385 (0)51 571 423. +385 (0)51 571 423.<\/li>\n<li>In order to preserve the ecosystem of our camp, it is strictly forbidden to:\n<ul>\n<li>damage trees or plants<\/li>\n<li>drive nails into trees<\/li>\n<li>install satellite antennas on trees or plants<\/li>\n<li>hang plastic or wire ropes on or around trees or plants<\/li>\n<li>pick plants from landscaped areas or similar<\/li>\n<\/ul>\n<\/li>\n<li>Use water and electricity economically and rationally.<\/li>\n<li>Help protect the environment by disposing of waste in designated waste containers.<\/li>\n<li>The following is not permitted within the area of the camp:\n<ul>\n<li>fencing or other actions that modify the original layout of the pitch<\/li>\n<li>driving in the camp during night rest<\/li>\n<li>lighting an open fire, except in areas designated for that purpose<\/li>\n<li>car or boat washing within the area of the camp or beaches, except in areas designated for that purpose<\/li>\n<li>disturbing other guests with noisy behaviour<\/li>\n<li>anchoring vessels on the beach, riding boats and motorboats close to the beach<\/li>\n<li>keeping dogs off the leash<\/li>\n<li>swimming in the berth zone<\/li>\n<\/ul>\n<\/li>\n<li>Guests are obliged to use marked and designated paths when moving around the camp, and to avoid any types of shortcuts or jumping over low walls, fences, etc.<\/li>\n<li>Visits are allowed providing no use of vehicles and only in case of appropriate check-in at the entrance \u2013 reception desk and payment according to the valid price list.<\/li>\n<\/ol>\n<p>Information on filing complaints by the guest (consumer) is available at the reception desk. The management of the camp reserves the right to remove any person causing disturbance or undermining safety in the camp or not complying with these House Rules. <\/p>\n<p>[\/et_pb_text][et_pb_text _builder_version=&#8221;4.16&#8243; _module_preset=&#8221;default&#8221; custom_margin=&#8221;50px||||false|false&#8221; hover_enabled=&#8221;0&#8243; global_colors_info=&#8221;{}&#8221; sticky_enabled=&#8221;0&#8243;]<\/p>\n<p><mark>Management of the camp<\/mark><\/p>\n<p>Reception desk telephone: <a href=\"tel:+38551571423\">+385 51 571 423<\/a><br \/>Sales Office telephone: <a href=\"tel:+38551573150\">+385 51 573 150<\/a><br \/>Fax: +385 51 571 086<br \/><a href=\"mailto:campkovacine@kovacine.com\" target=\"_blank\" rel=\"noopener\">campkovacine@kovacine.com<\/a><\/p>\n<p>[\/et_pb_text][\/et_pb_column][et_pb_column type=&#8221;1_3&#8243; _builder_version=&#8221;4.16&#8243; _module_preset=&#8221;default&#8221; global_colors_info=&#8221;{}&#8221;][\/et_pb_column][\/et_pb_row][\/et_pb_section]<\/p>\n","protected":false},"excerpt":{"rendered":"<p>House rulesDuring your stay as a guest at Kova\u010dine Camp, you are obligated to comply with the following rules: On arrival to the camp, every guest is obligated to check in at the reception desk. At check-in, the guest undertakes to present the identity documents of all persons who will be staying at the camp, [&hellip;]<\/p>\n","protected":false},"author":1,"featured_media":0,"parent":0,"menu_order":0,"comment_status":"closed","ping_status":"closed","template":"","meta":{"_et_pb_use_builder":"on","_et_pb_old_content":"<p>[et_pb_section fb_built=\"1\" admin_label=\"Hero image\" _builder_version=\"4.14.8\" _module_preset=\"default\" background_image=\"https:\/\/camp-kovacine.com\/wp-content\/uploads\/2021\/07\/kamp-kovacine-global-header.jpg\" background_position=\"top_center\" min_height=\"400px\" top_divider_color=\"#e02b20\" bottom_divider_style=\"waves2\" bottom_divider_color=\"#f6f6f3\" hover_enabled=\"0\" locked=\"off\" collapsed=\"on\" global_colors_info=\"{}\" bottom_divider_style_last_edited=\"on|phone\" bottom_divider_style_phone=\"wave2\" min_height_last_edited=\"on|phone\" height_last_edited=\"on|phone\" height_phone=\"600px\" sticky_enabled=\"0\" bottom_divider_style_tablet=\"waves2\" min_height_tablet=\"400px\" min_height_phone=\"400px\"][\/et_pb_section][et_pb_section fb_built=\"1\" admin_label=\"GDPR\" _builder_version=\"4.14.8\" _module_preset=\"default\" background_color=\"rgba(0,0,0,0)\" custom_margin=\"-200px||50px||false|false\" custom_padding=\"0px||0px||false|false\" hover_enabled=\"0\" locked=\"off\" collapsed=\"off\" global_colors_info=\"{}\" custom_margin_last_edited=\"on|phone\" custom_margin_phone=\"-350px||50px||false|false\" sticky_enabled=\"0\" custom_margin_tablet=\"-200px||50px||false|false\"][et_pb_row admin_label=\"Naslov \" _builder_version=\"4.14.8\" _module_preset=\"default\" custom_padding=\"0px|4vw||4vw|false|false\" hover_enabled=\"0\" collapsed=\"off\" global_colors_info=\"{}\" width_last_edited=\"on|phone\" width_phone=\"90%\" sticky_enabled=\"0\"][et_pb_column type=\"4_4\" _builder_version=\"4.7.7\" _module_preset=\"default\" global_colors_info=\"{}\"][et_pb_text _builder_version=\"4.9.4\" _module_preset=\"default\" text_line_height=\"1.5em\" header_font=\"|300|||||||\" header_text_align=\"left\" header_text_color=\"#f6f6f3\" header_font_size=\"3.5em\" header_6_font=\"|||on|||||\" header_6_line_height=\"2em\" background_layout=\"dark\" custom_margin=\"||||false|false\" locked=\"off\" global_colors_info=\"{}\"]<\/p><h1>Ku\u0107ni red<\/h1><p>[\/et_pb_text][\/et_pb_column][\/et_pb_row][et_pb_row column_structure=\"2_3,1_3\" use_custom_gutter=\"on\" gutter_width=\"1\" admin_label=\"Opis\" _builder_version=\"4.14.8\" _module_preset=\"default\" background_color=\"#f6f6f3\" z_index=\"99\" custom_margin=\"||||false|false\" custom_padding=\"50px|50px|50px|50px|true|true\" hover_enabled=\"0\" box_shadow_style=\"preset1\" box_shadow_vertical=\"-25px\" box_shadow_spread=\"-10px\" collapsed=\"off\" global_colors_info=\"{}\" width_last_edited=\"on|phone\" width_phone=\"90%\" custom_padding_last_edited=\"on|phone\" custom_padding_phone=\"25px|25px|25px|25px|true|true\" sticky_enabled=\"0\" custom_padding_tablet=\"50px|50px|50px|50px|true|true\"][et_pb_column type=\"2_3\" _builder_version=\"4.9.4\" _module_preset=\"default\" global_colors_info=\"{}\"][et_pb_text _builder_version=\"4.9.10\" _module_preset=\"default\" text_letter_spacing=\"0.03em\" global_colors_info=\"{}\"]Dragi gosti,<\/p><p>\u017delimo Vam srda\u010dnu dobrodo\u0161licu u na\u0161 kamp Kova\u010dine, te Vas kratko upoznati s na\u0161im ku\u0107nim redom.<\/p><ol><li>Pri ulazu u kamp svaki se gost du\u017ean javiti recepciji radi prijave i broja te magnetske kartice za ulazak vozila u kamp. Kod prijave gost se obvezuje predo\u010diti osobne dokumente svih osoba koje \u0107e boraviti u kampu. Prilikom prijave svakoj osobi biti \u0107e dodjeljena narukvica, koju je gost du\u017ean nositi tijekom kompletnog boravka u kampu. Narukvica \u0107e Vam biti stavljena na dan dolaska i skinuta na dan odlaska uz pomo\u0107 recepcijskog personala. U slu\u010daju gubitka ili o\u0161te\u0107enja narukvice naplatiti \u0107e se tro\u0161ak prema va\u017ee\u0107em cjeniku.<\/li><li>Po dolasku gost mo\u017ee u\u0107i u mobilnu ku\u0107icu ili sobu \u00bbTamaris\u00ab od 16.00 sati na dalje, a na parcelu u kampu od 14.00 sati na dalje.<\/li><li>Broj dobiven na recepciji treba obavezno istaknuti na vidno mjesto kampera-\u0161atora radi kontrole.<\/li><li>Neprijavljeni gosti biti \u0107e du\u017eni platiti ra\u010dun za iznos boravka od najmanje tri dana, prema cjeniku kampa.<\/li><li>Izbor mjesta u kampu prepu\u0161ta se gostima, osim na parcelama za koje se prethodno izvr\u0161ila i potvrdila rezervacija. Uprava kampa zadr\u017eava pravo intervencije i premje\u0161taja gostiju<\/li><li>Preseljenje gostiju na drugu parcelu je dozvoljeno samo uz suglasnost recepcije. Prvo seljenje na zahtjev gosta se ne napla\u0107uje. Svako daljnje seljenje se napla\u0107uje po va\u017ee\u0107em cjeniku.<\/li><li>Vezovi kampa se mogu koristiti isklju\u010divo prema \u00bbUvjetima za kori\u0161tenje sidri\u0161ta i vezova kampa Kova\u010dine.<\/li><li>Bazen se mo\u017ee koristiti isklju\u010divo prema \u201eKu\u0107nom redu bazena\u201c.<\/li><li>Traileri se u kampu mogu dr\u017eati samo u posebno ogra\u0111enom i ozna\u010denom dijelu kampa i napla\u0107uju se prema cjeniku kampa. Nije dozvoljeno dr\u017eanje trailera na svojoj ili tu\u0111im parcelama kampa, uz rubove cesta, na neure\u0111enim djelovima ili na parkirali\u0161tima kampa. U slu\u010daju da se trailer prona\u0111e na nedozvoljenoj lokaciji u kampu, biti \u0107e od osoblja kampa odvezen izvan kampa Kova\u010dine na parkirali\u0161te \"Volnik\u201c. Za bilo kakvu \u0161tetu koja mo\u017ee nastati na traileru tijekom prijevoza, kamp ne preuzima nikakvu odgovornost. Prijevoz trailera \u0107e se naplatiti prema cjeniku kampa kao i parkiranje u parkirali\u0161tu \"Volnik\".<\/li><li>Kupanje pasa dozvoljeno je u moru samo na predvi\u0111enoj pla\u017ei ili na za to predvi\u0111enom mjestu u sanitarijama.<\/li><li>Vrijeme no\u0107nog mira u kampu je od 24 do 06 sati, a popodnevnog od 14 do 17 sati. U vrijeme trajanja no\u0107nog i popodnevnog mira nije dozvoljeno stvarati buku, pjevati i sli\u010dno. Tijekom organiziranih zabava u kampu vrijeme ku\u0107nog mira skra\u0107uje se prema potrebi.<\/li><li>Ra\u010duni se pla\u0107aju na dan odlaska ili ranije.<\/li><li>Na dan odlaska gosti smje\u0161teni na parcelama du\u017eni su podmiriti ra\u010dun do najkasnije 11.00 sati i napustiti kamp do 12.00 sati. Gosti smje\u0161teni u mobilnim ku\u0107icama i sobama \u00bbTamaris\u00ab du\u017eni su podmiriti ra\u010dun i napustiti smje\u0161taj do najkasnije 11.00 sati. Zadr\u017eavanje smje\u0161taja nakon navedenih termina uvjetuje pla\u0107anje jo\u0161 jednog dana. Gosti su du\u017eni ostaviti prostor na kojem su boravili \u010distim.<\/li><li>Ako gost koji je imao rezervirani smje\u0161taj na parcelama odlazi prije vremena ili kasni u dolasku unutar 14 dana do dana dolaska, du\u017ean je platiti storno tro\u0161kove:<br \/>Cijene su izra\u017eene u Eurima.Promjena ve\u0107 potvr\u0111ene rezervacije za boravak na parcelama unutar 14 dana do dana dolaska mogu\u0107a je samo u pisanom obliku. Nakon pismene potvrde za izmjenu rezervacije od strane kampa ili Sektora prodaje, zara\u010dunati \u0107e se pla\u0107anje dodatnih tro\u0161kova (ovisno o broju dana izmjena rezervacije), kako bi se za kamp osigurao nastavak neometanog rada. Kamp zadr\u017eava pravo da nakon isteka od 24 sata od datuma potvr\u0111enog dana dolaska, nudi parcelu, mobilnu ku\u0107icu ili sobu drugim zainteresiranima, ukoliko nije izri\u010dito (u pisanom obliku) najavljena i potvr\u0111ena promjena prethodne rezervacije. Gost koji nije javio da \u0107e kasniti, nema pravo zatra\u017eiti od\u0161tetu niti prethodno potvr\u0111en mu smjestaj. Kod zaka\u0161njelog dolaska ili prijevremenog odlaska u mobilnim ku\u0107icama ili sobama \u00bbTamaris\u00ab napla\u0107uje se ukupni iznos boravka potvr\u0111en u rezervaciji.<\/li><li>Ukoliko se na parceli rezerviranoj na odre\u0111eno ime, izmjenjuju drugi gosti, svaku promjenu tretirati \u0107emo kao novu rezervaciju, te sukladno tome naplatiti popratne tro\u0161kove. Navedene tro\u0161kove ne pla\u0107aju \u010dlanovi u\u017ee rodbine (roditelji, suprug, supruga i djeca).<\/li><li>Svaku promjenu kori\u0161tenja usluga tijekom boravka du\u017eni ste javiti recepciji.<\/li><li>Prilikom odlaska gost je du\u017ean vratiti recepciji sve zadu\u017eeno. U protivnom du\u017ean je nadoknaditi \u0161tetu prema va\u017ee\u0107em cjeniku.<\/li><li>Sef za dragocjenosti nalazi se na recepciji. Za eventualni gubitak dragocjenosti, kamp ne preuzima nikakvu odgovornost. Uprava kampa nije odgovorna za izgubljene ili ukradene predmete ili \u0161tetu na osobama i njihovom vlasni\u0161tvu koje nije direktno povezano (dokazno) sa nemarno\u0161\u0107u osoblja kampa, niti za \u0161tetu uzrokovanu lo\u0161im vremenom ili okolnostima izvan na\u0161e kontrole.<\/li><li>Obavezno je pa\u017eljivo rukovanje, upotrebljavanje i \u010duvanje svih ure\u0111aja u kampu.<\/li><li>Eventualni kvar na instalacijama i ostale servisne usluge (zamjena plinske boce, nestanak struje i sl.) treba prijaviti na recepciji ili telefon 051\/571 423.<\/li><li>Radi o\u010duvanja ekosustava na\u0161eg kampa, najstro\u017ee se zabranjuje:<ul><li>o\u0161te\u0107ivanje stabala ili biljaka<\/li><li>zabijanje \u010davala u stabla<\/li><li>postavljanje satelitskih antena na stabla ili biljke<\/li><li>vje\u0161anje plasti\u010dnih ili \u017ei\u010danih u\u017eadi na ili oko stabla ili biljaka<\/li><li>\u010dupanje posa\u0111enog bilja i sli\u010dno<\/li><\/ul><\/li><li>Ekolo\u0161ko i racionalno koristite vodu i elektri\u010dnu energiju.<\/li><li>Radi o\u010duvanja okoli\u0161a otpatke odlagati u za to odre\u0111ene spremnike.<\/li><li>U kampu nije dozvoljeno:<ul><li>ogra\u0111ivanje ili druge radnje koje mijenjaju prvobitan izgled parcela<\/li><li>kori\u0161tenje vozila u kampu tijekom no\u0107nog mira<\/li><li>lo\u017eenje otvorene vatre osim na za to predvi\u0111enim mjestima<\/li><li>pranje automobila i \u010damaca na prostoru kampa i pla\u017ea, osim na za to predvi\u0111enom prostoru<\/li><li>uznemiravanje drugih gostiju bukom<\/li><li>sidrenje plovnih objekata na pla\u017ei, vo\u017enja \u010damcima i gliserima u blizini pla\u017ee<\/li><li>dr\u017eanje pasa bez vodilice<\/li><li>kupanje u zoni vezova<\/li><\/ul><\/li><li>Posjete su dozvoljene bez vozila i samo u slu\u010daju uredne prijave na ulazu-recepciji i pla\u0107anja prema va\u017ee\u0107em cjeniku.<\/li><\/ol><p>Obavijest o na\u010dinu podno\u0161enja prigovora gosta (potro\u0161a\u010da) nalazi se na recepciji.<\/p><p>Uprava kampa zadr\u017eava pravo udaljavanja svakoga tko naru\u0161ava sklad i sigurnost kampa, te se ne pridr\u017eava ovog ku\u0107nog reda.[\/et_pb_text][et_pb_text _builder_version=\"4.9.10\" _module_preset=\"default\" custom_margin=\"50px||||false|false\" global_colors_info=\"{}\"]<\/p><p><mark>Uprava kampa<\/mark><\/p><p>Recepcija: <a href=\"tel:+38551571423\">+385 51 571 423<\/a><br \/>Prodaja: <a href=\"tel:+38551573150\">+385 51 573 150<\/a><br \/>Fax: +385 51 571 086<br \/><a href=\"mailto:campkovacine@kovacine.com\" target=\"_blank\" rel=\"noopener\">campkovacine@kovacine.com<\/a><\/p><p>[\/et_pb_text][\/et_pb_column][et_pb_column type=\"1_3\" _builder_version=\"4.9.4\" _module_preset=\"default\" global_colors_info=\"{}\"][\/et_pb_column][\/et_pb_row][\/et_pb_section]<\/p>","_et_gb_content_width":"","footnotes":""},"class_list":["post-18711","page","type-page","status-publish","hentry"],"_links":{"self":[{"href":"https:\/\/camp-kovacine.com\/en\/wp-json\/wp\/v2\/pages\/18711","targetHints":{"allow":["GET"]}}],"collection":[{"href":"https:\/\/camp-kovacine.com\/en\/wp-json\/wp\/v2\/pages"}],"about":[{"href":"https:\/\/camp-kovacine.com\/en\/wp-json\/wp\/v2\/types\/page"}],"author":[{"embeddable":true,"href":"https:\/\/camp-kovacine.com\/en\/wp-json\/wp\/v2\/users\/1"}],"replies":[{"embeddable":true,"href":"https:\/\/camp-kovacine.com\/en\/wp-json\/wp\/v2\/comments?post=18711"}],"version-history":[{"count":0,"href":"https:\/\/camp-kovacine.com\/en\/wp-json\/wp\/v2\/pages\/18711\/revisions"}],"wp:attachment":[{"href":"https:\/\/camp-kovacine.com\/en\/wp-json\/wp\/v2\/media?parent=18711"}],"curies":[{"name":"wp","href":"https:\/\/api.w.org\/{rel}","templated":true}]}}