{"id":18673,"date":"2022-02-22T00:47:41","date_gmt":"2022-02-22T00:47:41","guid":{"rendered":"https:\/\/kovacine.moonsafari.design\/?page_id=18673"},"modified":"2022-02-22T00:48:03","modified_gmt":"2022-02-22T00:48:03","slug":"covid-19","status":"publish","type":"page","link":"https:\/\/camp-kovacine.com\/en\/covid-19\/","title":{"rendered":"Covid-19"},"content":{"rendered":"<p>[et_pb_section fb_built=&#8221;1&#8243; admin_label=&#8221;Hero image&#8221; _builder_version=&#8221;4.14.8&#8243; _module_preset=&#8221;default&#8221; background_image=&#8221;https:\/\/camp-kovacine.com\/wp-content\/uploads\/2021\/07\/kamp-kovacine-global-header.jpg&#8221; background_position=&#8221;top_center&#8221; min_height=&#8221;400px&#8221; min_height_tablet=&#8221;400px&#8221; min_height_phone=&#8221;400px&#8221; min_height_last_edited=&#8221;on|phone&#8221; height_tablet=&#8221;&#8221; height_phone=&#8221;600px&#8221; height_last_edited=&#8221;on|phone&#8221; top_divider_color=&#8221;#e02b20&#8243; bottom_divider_style=&#8221;waves2&#8243; bottom_divider_color=&#8221;#f6f6f3&#8243; bottom_divider_style_tablet=&#8221;waves2&#8243; bottom_divider_style_phone=&#8221;wave2&#8243; bottom_divider_style_last_edited=&#8221;on|phone&#8221; bottom_divider_height_tablet=&#8221;&#8221; bottom_divider_height_phone=&#8221;50px&#8221; bottom_divider_height_last_edited=&#8221;on|phone&#8221; locked=&#8221;off&#8221; collapsed=&#8221;on&#8221; global_colors_info=&#8221;{}&#8221;][\/et_pb_section][et_pb_section fb_built=&#8221;1&#8243; admin_label=&#8221;Covid-19&#8243; _builder_version=&#8221;4.14.8&#8243; _module_preset=&#8221;default&#8221; background_color=&#8221;rgba(0,0,0,0)&#8221; custom_margin=&#8221;-200px||50px||false|false&#8221; custom_margin_tablet=&#8221;-200px||50px||false|false&#8221; custom_margin_phone=&#8221;-450px||50px||false|false&#8221; custom_margin_last_edited=&#8221;on|phone&#8221; custom_padding=&#8221;0px||0px||false|false&#8221; locked=&#8221;off&#8221; collapsed=&#8221;off&#8221; global_colors_info=&#8221;{}&#8221;][et_pb_row custom_padding_last_edited=&#8221;on|phone&#8221; admin_label=&#8221;Naslov &#8221; _builder_version=&#8221;4.14.8&#8243; _module_preset=&#8221;default&#8221; width_tablet=&#8221;&#8221; width_phone=&#8221;90%&#8221; width_last_edited=&#8221;on|phone&#8221; custom_padding=&#8221;0px|4vw||4vw|false|false&#8221; custom_padding_tablet=&#8221;0px|4vw||4vw|false|false&#8221; custom_padding_phone=&#8221;0px|25px||25px|false|true&#8221; module_alignment_tablet=&#8221;&#8221; module_alignment_phone=&#8221;center&#8221; module_alignment_last_edited=&#8221;on|phone&#8221; collapsed=&#8221;off&#8221; global_colors_info=&#8221;{}&#8221;][et_pb_column type=&#8221;4_4&#8243; _builder_version=&#8221;4.7.7&#8243; _module_preset=&#8221;default&#8221; global_colors_info=&#8221;{}&#8221;][et_pb_text _builder_version=&#8221;4.14.8&#8243; _module_preset=&#8221;default&#8221; text_line_height=&#8221;1.5em&#8221; header_font=&#8221;|300|||||||&#8221; header_text_align=&#8221;left&#8221; header_text_color=&#8221;#f6f6f3&#8243; header_font_size=&#8221;3.5em&#8221; header_6_font=&#8221;|||on|||||&#8221; header_6_line_height=&#8221;2em&#8221; background_layout=&#8221;dark&#8221; custom_margin=&#8221;||||false|false&#8221; locked=&#8221;off&#8221; global_colors_info=&#8221;{}&#8221;]<\/p>\n<h1>Your safety comes first.<\/h1>\n<p>[\/et_pb_text][\/et_pb_column][\/et_pb_row][et_pb_row column_structure=&#8221;2_3,1_3&#8243; use_custom_gutter=&#8221;on&#8221; gutter_width=&#8221;2&#8243; make_equal=&#8221;on&#8221; custom_padding_last_edited=&#8221;on|phone&#8221; admin_label=&#8221;Opis&#8221; _builder_version=&#8221;4.14.8&#8243; _module_preset=&#8221;default&#8221; background_color=&#8221;#f6f6f3&#8243; z_index=&#8221;99&#8243; width=&#8221;90%&#8221; custom_margin=&#8221;||||false|false&#8221; custom_padding=&#8221;50px|50px|50px|50px|true|true&#8221; custom_padding_tablet=&#8221;50px|50px|50px|50px|true|true&#8221; custom_padding_phone=&#8221;25px|25px|25px|25px|true|true&#8221; box_shadow_style=&#8221;preset1&#8243; box_shadow_vertical=&#8221;-25px&#8221; box_shadow_spread=&#8221;-10px&#8221; collapsed=&#8221;off&#8221; global_colors_info=&#8221;{}&#8221;][et_pb_column type=&#8221;2_3&#8243; _builder_version=&#8221;4.9.4&#8243; _module_preset=&#8221;default&#8221; global_colors_info=&#8221;{}&#8221;][et_pb_text _builder_version=&#8221;4.14.8&#8243; _module_preset=&#8221;default&#8221; text_letter_spacing=&#8221;0.03em&#8221; global_colors_info=&#8221;{}&#8221;]<\/p>\n<p>We are keeping a close eye on the COVID-19 situation and following all related advice and recommendations issued by competent health organisations, and taking precautionary measures to ensure you a safe and relaxed stay at Kova\u010dine Camp.<br \/>In light of the current developments regarding the pandemic, we have stepped up our sanitary and hygiene measures, including disinfection and sanitary protection in all departments, in line with the latest WHO guidelines.<br \/>Please mind the following recommendations put in place for your safety:<\/p>\n<ul>\n<li>Keep a distance of at least 2 m.<\/li>\n<li>Wash and sanitize your hands as frequently as possible. You can buy soap and hand sanitizer at the camp store.<\/li>\n<li>You are advised to wear gloves when paying at the reception desk, using the ATM and chemical toilet facilities, doing laundry and washing your car, disposing of waste, using the vacuum cleaner, etc.<\/li>\n<li>You can buy gloves at the camp store.<\/li>\n<li>Please wear a mask if you are suffering from respiratory problems. You can buy a mask at the camp store.<\/li>\n<li>Avoid physical contact and gatherings.<\/li>\n<li>In case you develop a fever or feel unwell, notify the camp reception desk immediately at the following telephone number: (0)51 571 423 or mobile phone number: 00385(0)99 216 7947.<\/li>\n<li>Comply with all hygiene measures (sneeze and cough into your elbow, wipe your nose with a tissue, refrain from spitting).<\/li>\n<li>Dispose of waste.<\/li>\n<li>You are advised to pay with contactless credit cards.<\/li>\n<li>You are advised to spend as little time as possible indoors.<\/li>\n<li>Use the sanitary facilities in your own campervan or caravan, and try to use the common sanitary facilities in the camp as little as possible. Make sure to sanitise your hands before using the sanitary facilities in the camp and keep a distance of 2 m, as well as preferably use protective gloves. Use only the amenities that are available (showers, washbasins, laundry and dish washing basins, etc.).<\/li>\n<li>Use only the outdoor shower cubicles and washbasins.<\/li>\n<\/ul>\n<p>All our employees and staff are familiar with the prescribed procedures in the current situation, as well as procedures in case of a suspected COVID-19 infection.<\/p>\n<p>Your safety and well-being are our top priority. We wish you a safe and fun holiday.<\/p>\n<p>[\/et_pb_text][et_pb_text admin_label=&#8221;Dodatne informacije&#8221; _builder_version=&#8221;4.14.8&#8243; _module_preset=&#8221;default&#8221; custom_margin=&#8221;50px||||false|false&#8221; global_colors_info=&#8221;{}&#8221;]<\/p>\n<p><mark><span class=\"VIiyi\" lang=\"en\"><span class=\"JLqJ4b ChMk0b\" data-language-for-alternatives=\"en\" data-language-to-translate-into=\"hr\" data-phrase-index=\"0\" data-number-of-phrases=\"1\">Additional information:<\/span><\/span> <\/mark><\/p>\n<p>tel: <a href=\"tel:+38551573150\">+385 51 573 150<\/a><br \/><a href=\"mailto:campkovacine@kovacine.com\">campkovacine@kovacine.com<\/a><\/p>\n<p>[\/et_pb_text][\/et_pb_column][et_pb_column type=&#8221;1_3&#8243; admin_label=&#8221;Slika&#8221; _builder_version=&#8221;4.9.10&#8243; _module_preset=&#8221;default&#8221; global_colors_info=&#8221;{}&#8221;][et_pb_image src=&#8221;https:\/\/camp-kovacine.com\/wp-content\/uploads\/2021\/08\/stay-safe-badge-large.svg&#8221; alt=&#8221;Stay safe in Croatia&#8221; title_text=&#8221;stay-safe-badge-large&#8221; _builder_version=&#8221;4.9.10&#8243; _module_preset=&#8221;default&#8221; global_colors_info=&#8221;{}&#8221;][\/et_pb_image][et_pb_image src=&#8221;https:\/\/camp-kovacine.com\/wp-content\/uploads\/2021\/08\/Safe-Travels-Hotel_Kimen_Cres.svg&#8221; alt=&#8221;Safe Travels Hotel Kimen, Cres&#8221; title_text=&#8221;Safe-Travels-Hotel_Kimen_Cres&#8221; align=&#8221;center&#8221; _builder_version=&#8221;4.9.10&#8243; _module_preset=&#8221;default&#8221; width=&#8221;85%&#8221; module_alignment=&#8221;left&#8221; global_colors_info=&#8221;{}&#8221;][\/et_pb_image][\/et_pb_column][\/et_pb_row][\/et_pb_section]<\/p>\n","protected":false},"excerpt":{"rendered":"<p>Your safety comes first.We are keeping a close eye on the COVID-19 situation and following all related advice and recommendations issued by competent health organisations, and taking precautionary measures to ensure you a safe and relaxed stay at Kova\u010dine Camp.In light of the current developments regarding the pandemic, we have stepped up our sanitary and [&hellip;]<\/p>\n","protected":false},"author":1,"featured_media":0,"parent":0,"menu_order":0,"comment_status":"closed","ping_status":"closed","template":"","meta":{"_et_pb_use_builder":"on","_et_pb_old_content":"<p>[et_pb_section fb_built=\"1\" admin_label=\"Hero image\" _builder_version=\"4.14.8\" _module_preset=\"default\" background_image=\"https:\/\/camp-kovacine.com\/wp-content\/uploads\/2021\/07\/kamp-kovacine-global-header.jpg\" background_position=\"top_center\" min_height=\"400px\" top_divider_color=\"#e02b20\" bottom_divider_style=\"waves2\" bottom_divider_color=\"#f6f6f3\" hover_enabled=\"0\" locked=\"off\" collapsed=\"on\" global_colors_info=\"{}\" bottom_divider_style_last_edited=\"on|phone\" bottom_divider_style_phone=\"wave2\" bottom_divider_height_last_edited=\"on|phone\" bottom_divider_height_phone=\"50px\" sticky_enabled=\"0\" min_height_last_edited=\"on|phone\" height_last_edited=\"on|phone\" height_phone=\"600px\" bottom_divider_style_tablet=\"waves2\" min_height_tablet=\"400px\" min_height_phone=\"400px\"][\/et_pb_section][et_pb_section fb_built=\"1\" admin_label=\"Covid-19\" _builder_version=\"4.14.8\" _module_preset=\"default\" background_color=\"rgba(0,0,0,0)\" custom_margin=\"-200px||50px||false|false\" custom_padding=\"0px||0px||false|false\" hover_enabled=\"0\" locked=\"off\" collapsed=\"off\" global_colors_info=\"{}\" custom_margin_last_edited=\"on|phone\" custom_margin_phone=\"-450px||50px||false|false\" sticky_enabled=\"0\" custom_margin_tablet=\"-200px||50px||false|false\"][et_pb_row admin_label=\"Naslov \" _builder_version=\"4.14.8\" _module_preset=\"default\" custom_padding=\"0px|4vw||4vw|false|false\" hover_enabled=\"0\" collapsed=\"off\" global_colors_info=\"{}\" width_last_edited=\"on|phone\" width_phone=\"90%\" module_alignment_last_edited=\"on|phone\" module_alignment_phone=\"center\" custom_padding_last_edited=\"on|phone\" custom_padding_phone=\"0px|25px||25px|false|true\" sticky_enabled=\"0\" custom_padding_tablet=\"0px|4vw||4vw|false|false\"][et_pb_column type=\"4_4\" _builder_version=\"4.7.7\" _module_preset=\"default\" global_colors_info=\"{}\"][et_pb_text _builder_version=\"4.14.8\" _module_preset=\"default\" text_line_height=\"1.5em\" header_font=\"|300|||||||\" header_text_align=\"left\" header_text_color=\"#f6f6f3\" header_font_size=\"3.5em\" header_6_font=\"|||on|||||\" header_6_line_height=\"2em\" background_layout=\"dark\" custom_margin=\"||||false|false\" locked=\"off\" global_colors_info=\"{}\"]<\/p><h1>Va\u0161a sigurnost nam je na prvom mjestu<\/h1><p>[\/et_pb_text][\/et_pb_column][\/et_pb_row][et_pb_row column_structure=\"2_3,1_3\" use_custom_gutter=\"on\" gutter_width=\"2\" make_equal=\"on\" admin_label=\"Opis\" _builder_version=\"4.14.8\" _module_preset=\"default\" background_color=\"#f6f6f3\" z_index=\"99\" custom_margin=\"||||false|false\" custom_padding=\"50px|50px|50px|50px|true|true\" hover_enabled=\"0\" box_shadow_style=\"preset1\" box_shadow_vertical=\"-25px\" box_shadow_spread=\"-10px\" collapsed=\"off\" global_colors_info=\"{}\" width=\"90%\" custom_padding_last_edited=\"on|phone\" custom_padding_phone=\"25px|25px|25px|25px|true|true\" sticky_enabled=\"0\" custom_padding_tablet=\"50px|50px|50px|50px|true|true\"][et_pb_column type=\"2_3\" _builder_version=\"4.9.4\" _module_preset=\"default\" global_colors_info=\"{}\"][et_pb_text _builder_version=\"4.14.7\" _module_preset=\"default\" text_letter_spacing=\"0.03em\" global_colors_info=\"{}\"]<\/p><p>Budno pratimo situaciju s COVID-19, sve savjete i preporuke nadle\u017enih zdravstvenih organizacija te dr\u017eimo mjere predostro\u017enosti kako bismo Vam osigurali siguran i opu\u0161ten boravak u kampu Kova\u010dine.<\/p><p>Kao odgovor na trenutni razvoj pandemije poja\u010dali smo sanitarne i higijenske mjere, uklju\u010duju\u0107i dezinfekciju i sanitarnu za\u0161titu svih odjela u skladu s najnovijim smjernicama WHO-a.<\/p><p>Zbog Va\u0161e sigurnosti, molimo da se dr\u017eite idu\u0107ih preporuka:<\/p><ul><li>Dr\u017eite distancu ve\u0107u od 2m.<\/li><li>\u0160to \u010de\u0161\u0107e perite ruke i dezinficirajte ih. Sapun i dezinfekcijska sredstva mogu se kupiti u trgovini kampa.<\/li><li>Preporu\u010duje se no\u0161enje rukavica kod pla\u0107anja na recepciji, pri kori\u0161tenju bankomata i usluga kemijskog WC, pranja rublja i automobila, prilikom bacanja otpada, kori\u0161tenja usisiva\u010da.<\/li><li>Rukavice se mogu kupiti u trgovini kampa.<\/li><li>Ukoliko imate respiratornih problema molimo da nosite masku. Maska se mo\u017ee kupiti u trgovini kampa.<\/li><li>Nu\u017eno je izbjegavati fizi\u010dke kontakte i grupiranja.<\/li><li>U slu\u010daju povi\u0161ene tjelesne temperature ili lo\u0161eg stanja odmah obavijestiti recepciju kampa na telefon: (0)51 571 423 ili na mobitel: 00385(0)99 216 7947.<\/li><li>Pridr\u017eavati se svih higijenskih mjera (kihanje, ka\u0161ljanje u rukav, \u0161mrcanje u rup\u010di\u0107, ne pljuvati.)<\/li><li>Zbrinjavajte otpad.<\/li><li>Preporu\u010duje se pla\u0107anje beskontaktnim karticama.<\/li><li>Preporu\u010duje se \u0161to vi\u0161e skratiti vrijeme boravka u zatvorenim prostorima.<\/li><li>Koristiti sanitarne prostorije u vlastitom kamperu ili kamp ku\u0107ici, te \u0161to rje\u0111e zajedni\u010dke sanitarne \u010dvorove kampa. Prilikom kori\u0161tenja sanitarnih \u010dvorova kampa obavezno prije ulaska dezinficirati ruke te dr\u017eati odstojanje od 2 m, a preporu\u010duju se za\u0161titne rukavice. Koristiti samo dostupne elemente (tu\u0161eve, umivaonike, korita za su\u0111e i rublje...)<\/li><li>Koristiti samo vanjske tu\u0161 kabine i umivaonike<\/li><\/ul><p>Svi na\u0161i zaposlenici i osoblje upoznati su s propisanim postupcima u ovoj situaciji, kao i postupcima u slu\u010daju sumnje na pojavu koronavirusa.<\/p><p>Va\u0161a sigurnost i dobrobit na\u0161 su prioritet. \u017delimo vam siguran i veseo odmor.<\/p><p>[\/et_pb_text][et_pb_text admin_label=\"Dodatne informacije\" _builder_version=\"4.9.10\" _module_preset=\"default\" custom_margin=\"50px||||false|false\" global_colors_info=\"{}\"]<\/p><p><mark>Dodatne informacije:<\/mark><\/p><p>tel: <a href=\"tel:+38551573150\">+385 51 573 150<\/a><br \/><a href=\"mailto:campkovacine@kovacine.com\">campkovacine@kovacine.com<\/a><\/p><p>[\/et_pb_text][\/et_pb_column][et_pb_column type=\"1_3\" admin_label=\"Slika\" _builder_version=\"4.9.10\" _module_preset=\"default\" global_colors_info=\"{}\"][et_pb_image src=\"https:\/\/camp-kovacine.com\/wp-content\/uploads\/2021\/08\/stay-safe-badge-large.svg\" alt=\"Stay safe in Croatia\" title_text=\"stay-safe-badge-large\" _builder_version=\"4.9.10\" _module_preset=\"default\" global_colors_info=\"{}\"][\/et_pb_image][et_pb_image src=\"https:\/\/camp-kovacine.com\/wp-content\/uploads\/2021\/08\/Safe-Travels-Hotel_Kimen_Cres.svg\" alt=\"Safe Travels Hotel Kimen, Cres\" title_text=\"Safe-Travels-Hotel_Kimen_Cres\" align=\"center\" _builder_version=\"4.9.10\" _module_preset=\"default\" width=\"85%\" module_alignment=\"left\" global_colors_info=\"{}\"][\/et_pb_image][\/et_pb_column][\/et_pb_row][\/et_pb_section]<\/p>","_et_gb_content_width":"","footnotes":""},"class_list":["post-18673","page","type-page","status-publish","hentry"],"_links":{"self":[{"href":"https:\/\/camp-kovacine.com\/en\/wp-json\/wp\/v2\/pages\/18673","targetHints":{"allow":["GET"]}}],"collection":[{"href":"https:\/\/camp-kovacine.com\/en\/wp-json\/wp\/v2\/pages"}],"about":[{"href":"https:\/\/camp-kovacine.com\/en\/wp-json\/wp\/v2\/types\/page"}],"author":[{"embeddable":true,"href":"https:\/\/camp-kovacine.com\/en\/wp-json\/wp\/v2\/users\/1"}],"replies":[{"embeddable":true,"href":"https:\/\/camp-kovacine.com\/en\/wp-json\/wp\/v2\/comments?post=18673"}],"version-history":[{"count":0,"href":"https:\/\/camp-kovacine.com\/en\/wp-json\/wp\/v2\/pages\/18673\/revisions"}],"wp:attachment":[{"href":"https:\/\/camp-kovacine.com\/en\/wp-json\/wp\/v2\/media?parent=18673"}],"curies":[{"name":"wp","href":"https:\/\/api.w.org\/{rel}","templated":true}]}}