{"id":19388,"date":"2021-05-30T10:05:31","date_gmt":"2021-05-30T10:05:31","guid":{"rendered":"https:\/\/kovacine.moonsafari.design\/opci-uvjeti-poslovanja\/"},"modified":"2025-07-24T15:14:25","modified_gmt":"2025-07-24T15:14:25","slug":"allgemeine-geschaeftsbedingungen","status":"publish","type":"page","link":"https:\/\/camp-kovacine.com\/de\/allgemeine-geschaeftsbedingungen\/","title":{"rendered":"Allgemeine Gesch\u00e4ftsbedingungen"},"content":{"rendered":"<p>[et_pb_section fb_built=&#8220;1&#8243; admin_label=&#8220;Hero image&#8220; _builder_version=&#8220;4.16&#8243; _module_preset=&#8220;default&#8220; background_image=&#8220;https:\/\/camp-kovacine.com\/wp-content\/uploads\/2021\/07\/kamp-kovacine-global-header.jpg&#8220; background_position=&#8220;top_center&#8220; min_height=&#8220;400px&#8220; min_height_tablet=&#8220;400px&#8220; min_height_phone=&#8220;400px&#8220; min_height_last_edited=&#8220;on|phone&#8220; height_tablet=&#8220;&#8220; height_phone=&#8220;600px&#8220; height_last_edited=&#8220;on|phone&#8220; top_divider_color=&#8220;#e02b20&#8243; bottom_divider_style=&#8220;waves2&#8243; bottom_divider_color=&#8220;#f6f6f3&#8243; bottom_divider_style_tablet=&#8220;waves2&#8243; bottom_divider_style_phone=&#8220;wave2&#8243; bottom_divider_style_last_edited=&#8220;on|phone&#8220; collapsed=&#8220;on&#8220; global_colors_info=&#8220;{}&#8220;][\/et_pb_section][et_pb_section fb_built=&#8220;1&#8243; admin_label=&#8220;GDPR&#8220; _builder_version=&#8220;4.16&#8243; _module_preset=&#8220;default&#8220; background_color=&#8220;rgba(0,0,0,0)&#8220; custom_margin=&#8220;-200px||50px||false|false&#8220; custom_margin_tablet=&#8220;-200px||50px||false|false&#8220; custom_margin_phone=&#8220;-350px||50px||false|false&#8220; custom_margin_last_edited=&#8220;on|phone&#8220; custom_padding=&#8220;0px||0px||false|false&#8220; collapsed=&#8220;off&#8220; global_colors_info=&#8220;{}&#8220;][et_pb_row admin_label=&#8220;Naslov &#8220; _builder_version=&#8220;4.16&#8243; _module_preset=&#8220;default&#8220; width_tablet=&#8220;&#8220; width_phone=&#8220;90%&#8220; width_last_edited=&#8220;on|phone&#8220; custom_padding=&#8220;0px|4vw||4vw|false|false&#8220; collapsed=&#8220;on&#8220; global_colors_info=&#8220;{}&#8220;][et_pb_column type=&#8220;4_4&#8243; _builder_version=&#8220;4.16&#8243; _module_preset=&#8220;default&#8220; global_colors_info=&#8220;{}&#8220;][et_pb_text _builder_version=&#8220;4.16&#8243; _module_preset=&#8220;default&#8220; text_line_height=&#8220;1.5em&#8220; header_font=&#8220;|300|||||||&#8220; header_text_align=&#8220;left&#8220; header_text_color=&#8220;#f6f6f3&#8243; header_font_size=&#8220;3.5em&#8220; header_6_font=&#8220;|||on|||||&#8220; header_6_line_height=&#8220;2em&#8220; background_layout=&#8220;dark&#8220; custom_margin=&#8220;||||false|false&#8220; locked=&#8220;off&#8220; global_colors_info=&#8220;{}&#8220;]<\/p>\n<h1>Allgemeine Gesch\u00e4ftsbedingungen<\/h1>\n<p>[\/et_pb_text][\/et_pb_column][\/et_pb_row][et_pb_row column_structure=&#8220;2_3,1_3&#8243; use_custom_gutter=&#8220;on&#8220; gutter_width=&#8220;1&#8243; custom_padding_last_edited=&#8220;on|phone&#8220; admin_label=&#8220;Opis&#8220; _builder_version=&#8220;4.16&#8243; _module_preset=&#8220;default&#8220; background_color=&#8220;#f6f6f3&#8243; z_index=&#8220;99&#8243; width_tablet=&#8220;&#8220; width_phone=&#8220;90%&#8220; width_last_edited=&#8220;on|phone&#8220; custom_margin=&#8220;||||false|false&#8220; custom_padding=&#8220;50px|50px|50px|50px|true|true&#8220; custom_padding_tablet=&#8220;50px|50px|50px|50px|true|true&#8220; custom_padding_phone=&#8220;25px|25px|25px|25px|true|true&#8220; box_shadow_style=&#8220;preset1&#8243; box_shadow_vertical=&#8220;-25px&#8220; box_shadow_spread=&#8220;-10px&#8220; collapsed=&#8220;off&#8220; global_colors_info=&#8220;{}&#8220;][et_pb_column type=&#8220;2_3&#8243; _builder_version=&#8220;4.16&#8243; _module_preset=&#8220;default&#8220; global_colors_info=&#8220;{}&#8220;][et_pb_text _builder_version=&#8220;4.27.4&#8243; _module_preset=&#8220;default&#8220; text_letter_spacing=&#8220;0.03em&#8220; global_colors_info=&#8220;{}&#8220;]<\/p>\n<p>Anfragen und Buchungen werden \u00fcber unsere Website (E-Mail oder Kontaktformular), per Post, Fax oder pers\u00f6nlich an der Camp-Rezeption entgegengenommen.<\/p>\n<p>&nbsp;<\/p>\n<ul>\n<li>Der Gast garantiert f\u00fcr die Buchung per Kreditkarte oder Anzahlung in H\u00f6he von 200 \u20ac pro Mobilheim, 100 \u20ac pro Stellplatz, 100 \u20ac pro Zimmer oder im mit der Verkaufsabteilung des Campingplatzes KOVA\u010cINE vereinbarten Betrag.<\/li>\n<li>Die Anzahlung kann wie folgt geleistet werden: ONLINE \/ KREDITKARTEN oder OFFLINE per Bank\u00fcberweisung und pers\u00f6nlich an der Rezeption des Campingplatzes KOVA\u010cINE.<\/li>\n<li>Check-in im Camp Kova\u010dine \u2013 bis 24:00 Uhr<\/li>\n<li>Check-out aus dem Camp Kova\u010dine \u2013 bis 10:00 Uhr<\/li>\n<li>Zusatzgeb\u00fchr beim versp\u00e4teten Auschecken: 1 zus\u00e4tzlicher Aufenthaltstag wird in Rechnung gestellt.<\/li>\n<li>Die in der Preisliste aufgef\u00fchrten Preise gelten f\u00fcr Aufenthalte beliebiger Dauer (ab 1 Tag), au\u00dfer f\u00fcr Aufenthalte in Mobilheimen, bei denen bei einem Aufenthalt von nur einer oder zwei N\u00e4chten zus\u00e4tzlich eine Reinigungspauschale von 50,00 \u20ac zu entrichten ist.<\/li>\n<li>Kinder im Camp: von 5 bis 12 Jahren (11,99), w\u00e4hrend f\u00fcr<\/li>\n<li>Kinder ab 12 Jahren der volle Preis berechnet wird (wie f\u00fcr Erwachsene).<\/li>\n<li>F\u00fcr Babys von 0 bis 3 Jahren (2.99) kann ein Babybett gemietet werden.<\/li>\n<li>Die Schlussrechnung wird vor der Abreise an der Rezeption des Camps beglichen, bei G\u00e4sten \u00fcber Reiseb\u00fcros findet die Abrechnung zu 100% im Voraus statt.<\/li>\n<li>Die aufgef\u00fchrten Preise sind informativ und das Camp beh\u00e4lt sich das Recht auf Preis\u00e4nderungen vor.<\/li>\n<li>Buchungen k\u00f6nnen nur schriftlich durch die Verkaufsabteilung des Unternehmens ge\u00e4ndert werden.<\/li>\n<li>Das Camp beh\u00e4lt sich das Recht vor, die Buchung abzulehnen, falls der Gast die Anzahlung nicht leistet oder bei Missbrauch des Systems oder wenn der Gast bereits als Nichtzahler oder problematischer Gast bekannt sein sollte.<\/li>\n<li>Hinweis zum Einreichen einer Beschwerde \u2028Gem\u00e4\u00df Artikel 10 des Konsumentenschutzgesetzes (Amtsblatt \u201eNarodne novine\u201c Nr. 41\/14) weisen wir den Verbraucher darauf hin, dass er eine Beschwerde \u00fcber die Qualit\u00e4t unserer Dienstleistungen schriftlich senden kann an: Cresanka d.d., Varozina 25, 51557 Cres; per E-Mail: cresanka1@ri.t-com.hr; per Fax: 051\/571-163. Eine Antwort auf Ihre Beschwerde erhalten Sie in Schriftform innerhalb von 15 Tagen ab Eingang der Beschwerde.<\/li>\n<\/ul>\n<p>[\/et_pb_text][et_pb_text _builder_version=&#8220;4.27.4&#8243; _module_preset=&#8220;default&#8220; custom_margin=&#8220;50px||||false|false&#8220; hover_enabled=&#8220;0&#8243; global_colors_info=&#8220;{}&#8220; sticky_enabled=&#8220;0&#8243;]<\/p>\n<p><mark>ZUS\u00c4TZLICHE INFORMATION:<\/mark><\/p>\n<p><strong> VERKAUFSABTEILUNG<\/strong><br \/>tel: <a href=\"tel:+38551573150\">+385 51 573 150<\/a><br \/><a href=\"mailto:campkovacine@kovacine.com\" target=\"_blank\" rel=\"noopener\">campkovacine@kovacine.com<\/a><\/p>\n<p>[\/et_pb_text][et_pb_text admin_label=&#8220;Text: Uvjeti otkaza rezervacije&#8220; _builder_version=&#8220;4.19.5&#8243; _module_preset=&#8220;default&#8220; text_letter_spacing=&#8220;0.03em&#8220; text_line_height=&#8220;2em&#8220; custom_margin=&#8220;50px||||false|false&#8220; global_colors_info=&#8220;{}&#8220;]<\/p>\n<h3>Stornierungsbedingungen<\/h3>\n<p>[\/et_pb_text][et_pb_text admin_label=&#8220;Text: Kamp Kova\u010dine &#8211; Parcele&#8220; _builder_version=&#8220;4.19.5&#8243; _module_preset=&#8220;default&#8220; text_letter_spacing=&#8220;0.03em&#8220; text_line_height=&#8220;2em&#8220; custom_margin=&#8220;50px||||false|false&#8220; global_colors_info=&#8220;{}&#8220;]<\/p>\n<h5><b>Campingplatz Kova\u010dine \u2013 Stellpl\u00e4tze<\/b><\/h5>\n<ul>\n<li>Der Gast garantiert f\u00fcr die Buchung mit einer Anzahlung in H\u00f6he von 100 \u20ac pro Stellplatz sp\u00e4testens 14 Tage nach Buchung bzw. zum Zeitpunkt der Buchung im Falle von Online-Buchungen auf dieser Webseite und Buchungen im Camp. Wir halten die Buchung bis 24:00 Uhr am Anreisetag aufrecht.<\/li>\n<li>Bei Stornierung bis 14 Tage vor Anreise werden 20% der Anzahlung behalten.<\/li>\n<li>Bei Stornierung weniger als 14 Tage vor Anreise wird der Gesamtbetrag der Anzahlung behalten.<\/li>\n<li>Bei Nichtanreise ohne vorherige Stornierung wird der Gesamtbetrag der Anzahlung behalten.<\/li>\n<li>Buchungs\u00e4nderungen ohne Stornokosten sind f\u00fcr das laufende Jahr bis 14 Tage vor Ankunft m\u00f6glich. Bei Umbuchungen weniger als 14 Tage vor Anreise sind Stornogeb\u00fchren laut Hausordnung f\u00e4llig.<\/li>\n<\/ul>\n<p>[\/et_pb_text][et_pb_text admin_label=&#8220;Text: Kamp Kova\u010dine &#8211; Mobilne ku\u0107ice &#038; sobe Tamaris&#8220; _builder_version=&#8220;4.23.1&#8243; _module_preset=&#8220;default&#8220; text_letter_spacing=&#8220;0.03em&#8220; text_line_height=&#8220;2em&#8220; custom_margin=&#8220;50px||||false|false&#8220; global_colors_info=&#8220;{}&#8220;]<\/p>\n<h5><b>Campingplatz Kova\u010dine \u2013 Mobilheime &amp; Zimmer Tamaris<\/b><\/h5>\n<ul>\n<li>Der Gast garantiert f\u00fcr die Buchung mit einer Anzahlung in H\u00f6he von 200 \u20ac pro Unterkunftseinheit sp\u00e4testens 14 Tage vor Ankunft oder per Kreditkarte bei Online-Buchungen auf dieser Webseite, wobei wir die Buchung bis 24:00 Uhr am Anreisetag aufrecht halten.<\/li>\n<li>Buchungen k\u00f6nnen bis 14 Tage vor Anreise kostenfrei storniert werden.<\/li>\n<li>Bei einer Stornierung weniger als 14 Tage vor dem Ankunftsdatum wird der volle Betrag der Anzahlung behalten.<\/li>\n<li>Bei Nichtanreise ohne vorherige Stornierung wird der Gesamtbetrag der Anzahlung behalten.<\/li>\n<li>Buchungs\u00e4nderungen ohne Stornokosten sind f\u00fcr das laufende Jahr bis 14 Tage vor Ankunft m\u00f6glich. Bei Umbuchungen weniger als 14 Tage vor Anreise sind Stornogeb\u00fchren laut Hausordnung f\u00e4llig.<\/li>\n<\/ul>\n<p>[\/et_pb_text][et_pb_text _builder_version=&#8220;4.19.5&#8243; _module_preset=&#8220;default&#8220; text_font=&#8220;|700|||||||&#8220; text_letter_spacing=&#8220;0.03em&#8220; text_line_height=&#8220;2em&#8220; custom_margin=&#8220;50px||||false|false&#8220; global_colors_info=&#8220;{}&#8220;]<\/p>\n<p><mark>HINWEIS:<\/mark><\/p>\n<p>Bei R\u00fcck\u00fcberweisung der Anzahlung\/Einzahlung auf Ihr Konto wird Ihre Bank die von Ihnen zu tragenden Bankgeb\u00fchren vom \u00fcberwiesenen Betrag abziehen.<\/p>\n<p>[\/et_pb_text][\/et_pb_column][et_pb_column type=&#8220;1_3&#8243; _builder_version=&#8220;4.16&#8243; _module_preset=&#8220;default&#8220; global_colors_info=&#8220;{}&#8220;][\/et_pb_column][\/et_pb_row][\/et_pb_section]<\/p>\n","protected":false},"excerpt":{"rendered":"<p>Allgemeine Gesch\u00e4ftsbedingungenAnfragen und Buchungen werden \u00fcber unsere Website (E-Mail oder Kontaktformular), per Post, Fax oder pers\u00f6nlich an der Camp-Rezeption entgegengenommen. &nbsp; Der Gast garantiert f\u00fcr die Buchung per Kreditkarte oder Anzahlung in H\u00f6he von 200 \u20ac pro Mobilheim, 100 \u20ac pro Stellplatz, 100 \u20ac pro Zimmer oder im mit der Verkaufsabteilung des Campingplatzes KOVA\u010cINE vereinbarten [&hellip;]<\/p>\n","protected":false},"author":1,"featured_media":0,"parent":0,"menu_order":0,"comment_status":"closed","ping_status":"closed","template":"","meta":{"_et_pb_use_builder":"on","_et_pb_old_content":"","_et_gb_content_width":"","footnotes":""},"class_list":["post-19388","page","type-page","status-publish","hentry"],"_links":{"self":[{"href":"https:\/\/camp-kovacine.com\/de\/wp-json\/wp\/v2\/pages\/19388","targetHints":{"allow":["GET"]}}],"collection":[{"href":"https:\/\/camp-kovacine.com\/de\/wp-json\/wp\/v2\/pages"}],"about":[{"href":"https:\/\/camp-kovacine.com\/de\/wp-json\/wp\/v2\/types\/page"}],"author":[{"embeddable":true,"href":"https:\/\/camp-kovacine.com\/de\/wp-json\/wp\/v2\/users\/1"}],"replies":[{"embeddable":true,"href":"https:\/\/camp-kovacine.com\/de\/wp-json\/wp\/v2\/comments?post=19388"}],"version-history":[{"count":0,"href":"https:\/\/camp-kovacine.com\/de\/wp-json\/wp\/v2\/pages\/19388\/revisions"}],"wp:attachment":[{"href":"https:\/\/camp-kovacine.com\/de\/wp-json\/wp\/v2\/media?parent=19388"}],"curies":[{"name":"wp","href":"https:\/\/api.w.org\/{rel}","templated":true}]}}