{"id":19375,"date":"2021-06-11T08:58:14","date_gmt":"2021-06-11T08:58:14","guid":{"rendered":"https:\/\/kovacine.moonsafari.design\/9995-2\/"},"modified":"2025-10-06T09:12:24","modified_gmt":"2025-10-06T09:12:24","slug":"hausordnung","status":"publish","type":"page","link":"https:\/\/camp-kovacine.com\/de\/hausordnung\/","title":{"rendered":"Hausordnung"},"content":{"rendered":"<p>[et_pb_section fb_built=&#8220;1&#8243; admin_label=&#8220;Hero image&#8220; _builder_version=&#8220;4.16&#8243; _module_preset=&#8220;default&#8220; background_image=&#8220;https:\/\/camp-kovacine.com\/wp-content\/uploads\/2021\/07\/kamp-kovacine-global-header.jpg&#8220; background_position=&#8220;top_center&#8220; min_height=&#8220;400px&#8220; min_height_tablet=&#8220;400px&#8220; min_height_phone=&#8220;400px&#8220; min_height_last_edited=&#8220;on|phone&#8220; height_tablet=&#8220;&#8220; height_phone=&#8220;600px&#8220; height_last_edited=&#8220;on|phone&#8220; top_divider_color=&#8220;#e02b20&#8243; bottom_divider_style=&#8220;waves2&#8243; bottom_divider_color=&#8220;#f6f6f3&#8243; bottom_divider_style_tablet=&#8220;waves2&#8243; bottom_divider_style_phone=&#8220;wave2&#8243; bottom_divider_style_last_edited=&#8220;on|phone&#8220; locked=&#8220;off&#8220; collapsed=&#8220;on&#8220; global_colors_info=&#8220;{}&#8220;][\/et_pb_section][et_pb_section fb_built=&#8220;1&#8243; admin_label=&#8220;GDPR&#8220; _builder_version=&#8220;4.16&#8243; _module_preset=&#8220;default&#8220; background_color=&#8220;rgba(0,0,0,0)&#8220; custom_margin=&#8220;-200px||50px||false|false&#8220; custom_margin_tablet=&#8220;-200px||50px||false|false&#8220; custom_margin_phone=&#8220;-350px||50px||false|false&#8220; custom_margin_last_edited=&#8220;on|phone&#8220; custom_padding=&#8220;0px||0px||false|false&#8220; locked=&#8220;off&#8220; collapsed=&#8220;off&#8220; global_colors_info=&#8220;{}&#8220;][et_pb_row admin_label=&#8220;Naslov &#8220; _builder_version=&#8220;4.16&#8243; _module_preset=&#8220;default&#8220; width_tablet=&#8220;&#8220; width_phone=&#8220;90%&#8220; width_last_edited=&#8220;on|phone&#8220; custom_padding=&#8220;0px|4vw||4vw|false|false&#8220; collapsed=&#8220;on&#8220; global_colors_info=&#8220;{}&#8220;][et_pb_column type=&#8220;4_4&#8243; _builder_version=&#8220;4.16&#8243; _module_preset=&#8220;default&#8220; global_colors_info=&#8220;{}&#8220;][et_pb_text _builder_version=&#8220;4.16&#8243; _module_preset=&#8220;default&#8220; text_line_height=&#8220;1.5em&#8220; header_font=&#8220;|300|||||||&#8220; header_text_align=&#8220;left&#8220; header_text_color=&#8220;#f6f6f3&#8243; header_font_size=&#8220;3.5em&#8220; header_6_font=&#8220;|||on|||||&#8220; header_6_line_height=&#8220;2em&#8220; background_layout=&#8220;dark&#8220; custom_margin=&#8220;||||false|false&#8220; locked=&#8220;off&#8220; global_colors_info=&#8220;{}&#8220;]<\/p>\n<h1>Hausordnung<\/h1>\n<p>[\/et_pb_text][\/et_pb_column][\/et_pb_row][et_pb_row column_structure=&#8220;2_3,1_3&#8243; use_custom_gutter=&#8220;on&#8220; gutter_width=&#8220;1&#8243; custom_padding_last_edited=&#8220;on|phone&#8220; admin_label=&#8220;Opis&#8220; _builder_version=&#8220;4.16&#8243; _module_preset=&#8220;default&#8220; background_color=&#8220;#f6f6f3&#8243; z_index=&#8220;99&#8243; width_tablet=&#8220;&#8220; width_phone=&#8220;90%&#8220; width_last_edited=&#8220;on|phone&#8220; custom_margin=&#8220;||||false|false&#8220; custom_padding=&#8220;50px|50px|50px|50px|true|true&#8220; custom_padding_tablet=&#8220;50px|50px|50px|50px|true|true&#8220; custom_padding_phone=&#8220;25px|25px|25px|25px|true|true&#8220; box_shadow_style=&#8220;preset1&#8243; box_shadow_vertical=&#8220;-25px&#8220; box_shadow_spread=&#8220;-10px&#8220; collapsed=&#8220;off&#8220; global_colors_info=&#8220;{}&#8220;][et_pb_column type=&#8220;2_3&#8243; _builder_version=&#8220;4.16&#8243; _module_preset=&#8220;default&#8220; global_colors_info=&#8220;{}&#8220;][et_pb_text _builder_version=&#8220;4.27.4&#8243; _module_preset=&#8220;default&#8220; text_letter_spacing=&#8220;0.03em&#8220; hover_enabled=&#8220;0&#8243; global_colors_info=&#8220;{}&#8220; sticky_enabled=&#8220;0&#8243;]<\/p>\n<p>W\u00e4hrend Ihres Aufenthalts auf der Campinganlage Kova\u010dine sind Sie als Gast verpflichtet, die folgende Hausordnung zu beachten:<\/p>\n<ol>\n<li>Bei der Ankunft auf dem Campinggel\u00e4nde ist der Gast verpflichtet, sich an der Rezeption anzumelden. Bei der Anmeldung hat der Gast die Ausweisdokumente aller Personen, die sich auf der Campinganlage aufhalten werden, sowie das amtliche Kennzeichen des Fahrzeugs f\u00fcr die Einfahrt auf das Campinggel\u00e4nde anzugeben. Bei der Anmeldung erh\u00e4lt jede Person ein Armband, das w\u00e4hrend des gesamten Aufenthalts auf der Campinganlage getragen werden muss. Das Armband wird am Ankunftstag an Ihrem Handgelenk angebracht und bei der Abreise vom Rezeptionspersonal wieder abgenommen. Bei Verlust oder Besch\u00e4digung des Armbandes wird eine Geb\u00fchr gem\u00e4\u00df der geltenden Preisliste f\u00e4llig.    <\/li>\n<li>Am Anreisetag kann der Gast sein Mobilheim oder sein \u201eTamaris\u201c- Zimmer ab 17.00 Uhr beziehen, Stellpl\u00e4tze k\u00f6nnen auf dem Campinggel\u00e4nde ab 14.00 Uhr belegt werden.<\/li>\n<li>Die an der Rezeption erhaltene Kontrollnummer muss zu Kontrollzwecken an sichtbarer Stelle am Wohnmobil\/Zelt angebracht werden.<\/li>\n<li>Nicht angemeldete G\u00e4ste m\u00fcssen eine Rechnung f\u00fcr den Aufenthalt von mindestens drei Tagen gem\u00e4\u00df der Campingplatz-Preisliste bezahlen.<\/li>\n<li>Die Wahl des Stellplatzes auf der Campinganlage bleibt den G\u00e4sten \u00fcberlassen; ausgenommen sind Stellpl\u00e4tze, f\u00fcr die zuvor eine Reservierung vorgenommen und best\u00e4tigt wurde. Die Platzleitung beh\u00e4lt sich das Recht vor, zu intervenieren und den G\u00e4sten andere Stellpl\u00e4tze zuzuweisen. <\/li>\n<li>Ein Stellplatzwechsel ist nur nach vorheriger Genehmigung seitens der Rezeption zul\u00e4ssig. Der erste Stellplatzwechsel auf Antrag des Gastes ist kostenfrei. F\u00fcr jeden weiteren Stellplatzwechsel wird eine Geb\u00fchr nach der geltenden Preisliste berechnet.  <\/li>\n<li>Der Aufenthalt von G\u00e4sten in der FKK-Zone ist ausschlie\u00dflich Nudisten (Naturisten) gestattet.<\/li>\n<li>Die Nutzung der Kinderspielpl\u00e4tze, Sportanlagen und Fitness auf der Campinganlage erfolgt auf eigene Gefahr.<\/li>\n<li>Die Bootsliegepl\u00e4tze der Campinganlage k\u00f6nnen ausschlie\u00dflich gem\u00e4\u00df den \u201eBedingungen f\u00fcr die Nutzung der Ankerpl\u00e4tze und Liegepl\u00e4tze der Campinganlage Kova\u010dine\u201c genutzt werden.<\/li>\n<li>Der Pool kann ausschlie\u00dflich gem\u00e4\u00df der \u201eBadeordnung f\u00fcr den Pool\u201c genutzt werden.<\/li>\n<li>Anh\u00e4nger d\u00fcrfen auf dem Campinggel\u00e4nde nur in einem gesondert umz\u00e4unten und markierten Bereich abgestellt werden, wobei eine Geb\u00fchr gem\u00e4\u00df der Campingplatz-Preisliste zu zahlen ist. Das Abstellen von Anh\u00e4ngern auf dem eigenen oder einem fremden Stellplatz der Campinganlage, am Stra\u00dfenrand, in nicht eingerichteten Bereichen oder auf dem Parkplatz der Campinganlage ist nicht gestattet. Sollte ein Anh\u00e4nger an einem unerlaubten Ort auf dem Campinggel\u00e4nde vorgefunden werden, wird er vom Campingplatzpersonal zu einem daf\u00fcr vorgesehenen Ort verlegt. Die Campinganlage \u00fcbernimmt keinerlei Haftung f\u00fcr Sch\u00e4den jeglicher Art, die w\u00e4hrend des Transports des Anh\u00e4ngers entstehen k\u00f6nnen. Der Transport des Anh\u00e4ngers wird gem\u00e4\u00df der Campingplatz-Preisliste in Rechnung gestellt.    <\/li>\n<li>Hunde d\u00fcrfen nur am daf\u00fcr vorgesehenen Strand im Meer baden und k\u00f6nnen nur f\u00fcr Hunde vorgesehene Bereiche der Sanit\u00e4ranlagen nutzen. Pro Unterkunftseinheit sind maximal drei Haustiere erlaubt. <\/li>\n<li>Die Nachtruhe auf der Campinganlage dauert von 24:00 bis 06:00 Uhr. Von 14:00 bis 17:00 Uhr ist Mittagsruhe. W\u00e4hrend der Nacht- bzw. Mittagsruhe ist jeglicher L\u00e4rm, Gesang u.\u00c4. zu unterlassen. Bei organisierten Partys auf der Campinganlage gelten je nach Bedarf k\u00fcrzere Ruhezeiten.  <\/li>\n<li>Rechnungszahlungen sind am Abreisetag oder fr\u00fcher m\u00f6glich.<\/li>\n<li>Stellplatznehmer m\u00fcssen die Rechnung am Abreisetag bis sp\u00e4testens 11.00 Uhr begleichen und die Campinganlage bis 12.00 Uhr verlassen. In Mobilheimen und \u201eTamaris\u201c-Zimmern untergebrachte G\u00e4ste m\u00fcssen bis sp\u00e4testens 10:00 Uhr die Rechnung begleichen und die Unterkunft verlassen. Bei Abmeldungen nach den oben genannten Zeiten wird dem Gast ein zus\u00e4tzlicher Tag berechnet. Die G\u00e4ste sind verpflichtet, die von ihnen genutzte Unterkunft sauber zu r\u00e4umen.   <\/li>\n<li>Falls der Gast, der eine Unterkunft auf einem Stellplatz gebucht hat, vorzeitig abreist oder eine versp\u00e4tete Anreise innerhalb von 14 Tagen vor Anreisetag anmeldet, ist er zur Zahlung von Stornokosten verpflichtet:<br \/>\n<table id=\"kucni-red\" style=\"border-collapse: collapse; border-style: 1px solid; border-color: #000000; background-color: #f6f6f3;\" border=\"1\">\n<tbody>\n<tr>\n<td style=\"width: 50%; text-align: center;\"><strong>Stornogeb\u00fchr bei versp\u00e4teter Anreise oder vorzeitiger Abreise \u2013 bei Unterkunft auf Stellpl\u00e4tzen <\/strong><\/td>\n<td style=\"width: 50%; text-align: center;\"><strong>01. Juli \u2013 15. September <\/strong><\/td>\n<\/tr>\n<tr>\n<td style=\"width: 50%; text-align: center;\">f\u00fcr zwei Tage<\/td>\n<td style=\"width: 50%; text-align: center;\">35.00<\/td>\n<\/tr>\n<tr>\n<td style=\"width: 50%; text-align: center;\">f\u00fcr drei Tage<\/td>\n<td style=\"width: 50%; text-align: center;\">70.00<\/td>\n<\/tr>\n<tr>\n<td style=\"width: 50%; text-align: center;\">f\u00fcr vier Tage<\/td>\n<td style=\"width: 50%; text-align: center;\">105.00<\/td>\n<\/tr>\n<tr>\n<td>f\u00fcr f\u00fcnf oder mehr Tage<\/td>\n<td style=\"width: 50%; text-align: center;\">140.00<\/td>\n<\/tr>\n<tr>\n<td> <\/td>\n<td style=\"text-transform: uppercase; font-size: 0.6em; color: #00931d; text-align: center;\">Die Preise sind in Euro.<\/td>\n<\/tr>\n<\/tbody>\n<\/table>\n<p>Die \u00c4nderung einer bereits best\u00e4tigten Buchung eines Stellplatz-Aufenthalts ist innerhalb von 14 Tagen bis zum Anreisetag ausschlie\u00dflich in Schriftform m\u00f6glich. Nach der schriftlichen Best\u00e4tigung der Umbuchung durch die Campinganlage oder die Verkaufsabteilung wird eine zus\u00e4tzliche Geb\u00fchr (je nach Anzahl der Tage der Umbuchung) erhoben, um den weiteren reibungslosen Gesch\u00e4ftsbetrieb der Campinganlage sicherzustellen. Die Campinganlage beh\u00e4lt sich das Recht vor, den Stellplatz, das Mobilheim oder das Zimmer nach Ablauf von 24 Stunden nach dem best\u00e4tigten Ankunftstag anderen Interessenten anzubieten, es sei denn, die \u00c4nderung der vorherigen Buchung wurde ausdr\u00fccklich (in Schriftform) mitgeteilt und best\u00e4tigt. Ein Gast, der seine Versp\u00e4tung nicht mitgeteilt hat, hat keinen Anspruch auf Entsch\u00e4digung oder auf die zuvor best\u00e4tigte Unterkunft. Bei versp\u00e4teter Ankunft oder vorzeitiger Abreise aus Mobilheimen oder \u201eTamaris\u201c-Zimmern wird der Gesamtbetrag des in der Buchung best\u00e4tigten Aufenthalts in Rechnung gestellt.    <\/p>\n<\/li>\n<li>Sollten sich andere G\u00e4ste auf dem unter einem bestimmten Namen gebuchten Stellplatz abwechseln, wird jede \u00c4nderung als neue Buchung behandelt; dementsprechend werden die damit verbundenen Kosten in Rechnung gestellt. Nahe Verwandte (Eltern, Ehepartner, Kinder) sind nicht zur Zahlung der genannten Kosten verpflichtet. <\/li>\n<li>Jede \u00c4nderung der Nutzung von Dienstleistungen w\u00e4hrend des Aufenthalts auf der Campinganlage muss der Rezeption mitgeteilt werden.<\/li>\n<li>Bei der Abreise ist der Gast verpflichtet, alle ihm zur Nutzung \u00fcbergebenen Gegenst\u00e4nde an der Rezeption zur\u00fcckzugeben. Andernfalls hat er nach der geltenden Preisliste f\u00fcr den entstandenen Schaden Ersatz zu leisten. <\/li>\n<li>Ein Safe f\u00fcr Wertsachen steht an der Rezeption zur Verf\u00fcgung. Die Campinganlage \u00fcbernimmt keinerlei Haftung f\u00fcr den Verlust von Wertgegenst\u00e4nden. Die Campingplatzleitung haftet nicht f\u00fcr verlorengegangene oder gestohlene Gegenst\u00e4nde oder Sch\u00e4den an Personen und deren Eigentum, die nicht auf (nachweislich) direktes Verschulden bzw. Nachl\u00e4ssigkeit des Campingplatzpersonals zur\u00fcckzuf\u00fchren sind. Ebenfalls von der Haftung ausgenommen sind Sch\u00e4den, die durch Unwetter oder au\u00dferhalb unseres Einflussbereiches liegende Umst\u00e4nde verursacht wurden.  <\/li>\n<li>Der Gast ist verpflichtet, alle Ger\u00e4te und Ausstattung auf der Campinganlage ordnungsgem\u00e4\u00df und umsichtig zu nutzen.<\/li>\n<li>Eventuelle St\u00f6rungen an Installationen oder sonstigen Serviceleistungen (Gasflaschenaustausch, Stromausfall usw.) sind an der Rezeption unter der Telefonnummer +385 (0)51 571 423 anzuzeigen. +385 (0)51 571 423.<\/li>\n<li>Um das \u00d6kosystem unseres Camps zu erhalten, ist es strengstens verboten:\n<ul>\n<li>B\u00e4ume oder Gew\u00e4chse zu besch\u00e4digen<\/li>\n<li>N\u00e4gel in B\u00e4ume einzuschlagen<\/li>\n<li>Satellitensch\u00fcsseln auf B\u00e4umen oder Gew\u00e4chsen zu befestigen<\/li>\n<li>Plastik- oder Drahtseile auf oder um B\u00e4ume oder Gew\u00e4chse zu binden oder zu wickeln<\/li>\n<li>Angepflanzte Gew\u00e4chse und \u00c4hnliches auszurei\u00dfen<\/li>\n<\/ul>\n<\/li>\n<li>Nutzen Sie Strom und Wasser umweltbewusst und rationell.<\/li>\n<li>Entsorgen Sie zur Schonung der Umwelt Abf\u00e4lle in die daf\u00fcr vorgesehenen Beh\u00e4lter.<\/li>\n<li>Auf der Campinganlage ist es untersagt:\n<ul>\n<li>Umz\u00e4unungen anzubringen oder andere Handlungen vorzunehmen, die das urspr\u00fcngliche Erscheinungsbild der Stellpl\u00e4tze ver\u00e4ndern<\/li>\n<li>Fahrzeuge w\u00e4hrend der Nachtruhe auf dem Campinggel\u00e4nde zu bewegen<\/li>\n<li>Offenes Feuer zu entz\u00fcnden, au\u00dfer an den daf\u00fcr vorgesehenen Stellen<\/li>\n<li>Fahrzeuge und Boote auf dem Campinggel\u00e4nde und am Strand zu waschen, au\u00dfer an den daf\u00fcr vorgesehenen Stellen<\/li>\n<li>Andere G\u00e4ste durch L\u00e4rm zu bel\u00e4stigen<\/li>\n<li>Wasserfahrzeuge am Strand zu ankern, Boote und Schnellboote in Strandn\u00e4he zu fahren<\/li>\n<li>Hunde ohne Leine zu f\u00fchren<\/li>\n<li>Im Liegeplatzbereich zu baden<\/li>\n<\/ul>\n<\/li>\n<li>Bei der Bewegung auf dem Campinggel\u00e4nde haben sich die G\u00e4ste an entsprechend gekennzeichnete und vorgeschriebene Wege zu halten; verschiedene Abk\u00fcrzungen und das \u00dcberspringen von Mauern, Umz\u00e4unungen u.\u00c4. sind zu vermeiden.<\/li>\n<li>Besuche ohne Fahrzeug sind nur bei ordnungsgem\u00e4\u00dfer Anmeldung am Eingang\/an der Rezeption und gegen Bezahlung nach der geltenden Preisliste gestattet.<\/li>\n<\/ol>\n<p>Hinweise dazu, wie der Gast (Verbraucher) eine Beschwerde erheben kann, liegen an der Rezeption aus. Die Platzleitung beh\u00e4lt sich das Recht vor, jede Person des Platzes zu verweisen, die die Ruhe und Ordnung des Campingplatzes st\u00f6rt, die Sicherheit auf der Campinganlage beeintr\u00e4chtigt oder die vorliegende Platzordnung missachtet. <\/p>\n<p>[\/et_pb_text][et_pb_text _builder_version=&#8220;4.16&#8243; _module_preset=&#8220;default&#8220; custom_margin=&#8220;50px||||false|false&#8220; hover_enabled=&#8220;0&#8243; global_colors_info=&#8220;{}&#8220; sticky_enabled=&#8220;0&#8243;]<\/p>\n<p><mark>Campingleitung<\/mark><\/p>\n<p>Telefon Rezeption: <a href=\"tel:+38551571423\">+385 51 571 423<\/a><br \/>Telefon Verkauf: <a href=\"tel:+38551573150\">+385 51 573 150<\/a><br \/>Fax: +385 51 571 086<br \/><a href=\"mailto:campkovacine@kovacine.com\" target=\"_blank\" rel=\"noopener\">campkovacine@kovacine.com<\/a><\/p>\n<p>[\/et_pb_text][\/et_pb_column][et_pb_column type=&#8220;1_3&#8243; _builder_version=&#8220;4.16&#8243; _module_preset=&#8220;default&#8220; global_colors_info=&#8220;{}&#8220;][\/et_pb_column][\/et_pb_row][\/et_pb_section]<\/p>\n","protected":false},"excerpt":{"rendered":"<p>HausordnungW\u00e4hrend Ihres Aufenthalts auf der Campinganlage Kova\u010dine sind Sie als Gast verpflichtet, die folgende Hausordnung zu beachten: Bei der Ankunft auf dem Campinggel\u00e4nde ist der Gast verpflichtet, sich an der Rezeption anzumelden. Bei der Anmeldung hat der Gast die Ausweisdokumente aller Personen, die sich auf der Campinganlage aufhalten werden, sowie das amtliche Kennzeichen des Fahrzeugs [&hellip;]<\/p>\n","protected":false},"author":1,"featured_media":0,"parent":0,"menu_order":0,"comment_status":"closed","ping_status":"closed","template":"","meta":{"_et_pb_use_builder":"on","_et_pb_old_content":"","_et_gb_content_width":"","footnotes":""},"class_list":["post-19375","page","type-page","status-publish","hentry"],"_links":{"self":[{"href":"https:\/\/camp-kovacine.com\/de\/wp-json\/wp\/v2\/pages\/19375","targetHints":{"allow":["GET"]}}],"collection":[{"href":"https:\/\/camp-kovacine.com\/de\/wp-json\/wp\/v2\/pages"}],"about":[{"href":"https:\/\/camp-kovacine.com\/de\/wp-json\/wp\/v2\/types\/page"}],"author":[{"embeddable":true,"href":"https:\/\/camp-kovacine.com\/de\/wp-json\/wp\/v2\/users\/1"}],"replies":[{"embeddable":true,"href":"https:\/\/camp-kovacine.com\/de\/wp-json\/wp\/v2\/comments?post=19375"}],"version-history":[{"count":0,"href":"https:\/\/camp-kovacine.com\/de\/wp-json\/wp\/v2\/pages\/19375\/revisions"}],"wp:attachment":[{"href":"https:\/\/camp-kovacine.com\/de\/wp-json\/wp\/v2\/media?parent=19375"}],"curies":[{"name":"wp","href":"https:\/\/api.w.org\/{rel}","templated":true}]}}